{"id":6587,"date":"2022-10-18T10:41:15","date_gmt":"2022-10-18T10:41:15","guid":{"rendered":"http:\/\/neodal.local\/product\/desintegradora-intimus-dis-600-1000-2\/"},"modified":"2022-10-18T10:41:15","modified_gmt":"2022-10-18T10:41:15","slug":"desintegradora-intimus-dis-600-1000-2","status":"publish","type":"product","link":"https:\/\/neodal.es\/ca\/producte\/desintegradora-intimus-dis-600-1000-2\/","title":{"rendered":"DESINTEGRADORA INTIMUS DIS 600-1000"},"content":{"rendered":"<h3>DESINTEGRADORA INTIMUS DIS 600-1000<\/h3>\n<p>\u00b7 Nivel de seguridad determinable a partir del di\u00e1metro de la pantalla perforada. Niveles DIN 3 a 7.<\/p>\n<p>\u00b7 Panel de mandos claramente ordenado.<\/p>\n<p>\u00b7 S\u00f3lida estructura de acero con alimentaci\u00f3n desde la tolva.<\/p>\n<p>\u00b7 Abertura de alimentaci\u00f3n de 230 mm; adecuada para todos los formatos inform\u00e1ticos est\u00e1ndar y formato DIN A4.<\/p>\n<p>\u00b7 Larga vida \u00fatil: Las cuchillas pueden volver a afilarse varias veces.<\/p>\n<p>\u00b7 F\u00e1cil mantenimiento con acceso a la c\u00e1mara de triturado.<\/p>\n","protected":false},"excerpt":{"rendered":"<h2>DESINTEGRADORA DE PAPEL Y MEDIOS OPTICOS<\/h2>\n<p>Los desintegradores responden a la actual tendencia de imponer requisitos de seguridad cada vez mayores y la demanda de m\u00e1xima seguridad. Los\u00a0<strong>desintegradores INTIMUS<\/strong>\u00a0son la herramienta perfecta para la destrucci\u00f3n fiable y econ\u00f3mica de toda clase de papel y pl\u00e1stico, medios magn\u00e9ticos o discos flexibles, y medios \u00f3pticos como CDs o DVDs.<\/p>\n","protected":false},"featured_media":6582,"template":"","meta":{"_acf_changed":false},"product_brand":[],"product_cat":[1422,1566],"product_tag":[],"class_list":{"0":"post-6587","1":"product","2":"type-product","3":"status-publish","4":"has-post-thumbnail","6":"product_cat-destructoras-de-paper","7":"product_cat-destructoras-desintegradors","9":"first","10":"instock","11":"shipping-taxable","12":"product-type-simple"},"acf":[],"yoast_head":"<!-- This site is optimized with the Yoast SEO plugin v27.4 - https:\/\/yoast.com\/product\/yoast-seo-wordpress\/ -->\n<title>Desintegradora INTIMUS DIS 600-1000 - Destruye Papel, pl\u00e1stico, CDs<\/title>\n<meta name=\"description\" content=\"Desintegradora INTIMUS DIS 600-1000. Destruya todo tipo de material como de papel, pl\u00e1stico, medios \u00f3pticos... Estructura de acero. Cuchillas reafilables.\" \/>\n<meta name=\"robots\" content=\"index, follow, max-snippet:-1, max-image-preview:large, max-video-preview:-1\" \/>\n<link rel=\"canonical\" href=\"https:\/\/neodal.es\/ca\/producte\/desintegradora-intimus-dis-600-1000-2\/\" \/>\n<meta property=\"og:locale\" content=\"ca_ES\" \/>\n<meta property=\"og:type\" content=\"article\" \/>\n<meta property=\"og:title\" content=\"Desintegradora INTIMUS DIS 600-1000 - Destruye Papel, pl\u00e1stico, CDs\" \/>\n<meta property=\"og:description\" content=\"Desintegradora INTIMUS DIS 600-1000. Destruya todo tipo de material como de papel, pl\u00e1stico, medios \u00f3pticos... Estructura de acero. Cuchillas reafilables.\" \/>\n<meta property=\"og:url\" content=\"https:\/\/neodal.es\/ca\/producte\/desintegradora-intimus-dis-600-1000-2\/\" \/>\n<meta property=\"og:site_name\" content=\"neodal\" \/>\n<meta property=\"og:image\" content=\"https:\/\/neodal.es\/wp-content\/uploads\/2022\/10\/2330-DESINTEGRADORA-INTIMUS-DIS-600-1000.jpg\" \/>\n\t<meta property=\"og:image:width\" content=\"680\" \/>\n\t<meta property=\"og:image:height\" content=\"727\" \/>\n\t<meta property=\"og:image:type\" content=\"image\/jpeg\" \/>\n<meta name=\"twitter:card\" content=\"summary_large_image\" \/>\n<script type=\"application\/ld+json\" class=\"yoast-schema-graph\">{\"@context\":\"https:\\\/\\\/schema.org\",\"@graph\":[{\"@type\":\"WebPage\",\"@id\":\"https:\\\/\\\/neodal.es\\\/ca\\\/producte\\\/desintegradora-intimus-dis-600-1000-2\\\/\",\"url\":\"https:\\\/\\\/neodal.es\\\/ca\\\/producte\\\/desintegradora-intimus-dis-600-1000-2\\\/\",\"name\":\"Desintegradora INTIMUS DIS 600-1000 - Destruye Papel, pl\u00e1stico, CDs\",\"isPartOf\":{\"@id\":\"https:\\\/\\\/neodal.es\\\/ca\\\/#website\"},\"primaryImageOfPage\":{\"@id\":\"https:\\\/\\\/neodal.es\\\/ca\\\/producte\\\/desintegradora-intimus-dis-600-1000-2\\\/#primaryimage\"},\"image\":{\"@id\":\"https:\\\/\\\/neodal.es\\\/ca\\\/producte\\\/desintegradora-intimus-dis-600-1000-2\\\/#primaryimage\"},\"thumbnailUrl\":\"https:\\\/\\\/neodal.es\\\/wp-content\\\/uploads\\\/2022\\\/10\\\/2330-DESINTEGRADORA-INTIMUS-DIS-600-1000.jpg\",\"datePublished\":\"2022-10-18T10:41:15+00:00\",\"description\":\"Desintegradora INTIMUS DIS 600-1000. Destruya todo tipo de material como de papel, pl\u00e1stico, medios \u00f3pticos... Estructura de acero. Cuchillas reafilables.\",\"breadcrumb\":{\"@id\":\"https:\\\/\\\/neodal.es\\\/ca\\\/producte\\\/desintegradora-intimus-dis-600-1000-2\\\/#breadcrumb\"},\"inLanguage\":\"ca\",\"potentialAction\":[{\"@type\":\"ReadAction\",\"target\":[\"https:\\\/\\\/neodal.es\\\/ca\\\/producte\\\/desintegradora-intimus-dis-600-1000-2\\\/\"]}]},{\"@type\":\"ImageObject\",\"inLanguage\":\"ca\",\"@id\":\"https:\\\/\\\/neodal.es\\\/ca\\\/producte\\\/desintegradora-intimus-dis-600-1000-2\\\/#primaryimage\",\"url\":\"https:\\\/\\\/neodal.es\\\/wp-content\\\/uploads\\\/2022\\\/10\\\/2330-DESINTEGRADORA-INTIMUS-DIS-600-1000.jpg\",\"contentUrl\":\"https:\\\/\\\/neodal.es\\\/wp-content\\\/uploads\\\/2022\\\/10\\\/2330-DESINTEGRADORA-INTIMUS-DIS-600-1000.jpg\",\"width\":680,\"height\":727,\"caption\":\"DESINTEGRADORA INTIMUS DIS 600-1000\"},{\"@type\":\"BreadcrumbList\",\"@id\":\"https:\\\/\\\/neodal.es\\\/ca\\\/producte\\\/desintegradora-intimus-dis-600-1000-2\\\/#breadcrumb\",\"itemListElement\":[{\"@type\":\"ListItem\",\"position\":1,\"name\":\"Portada\",\"item\":\"https:\\\/\\\/neodal.es\\\/ca\\\/home\\\/\"},{\"@type\":\"ListItem\",\"position\":2,\"name\":\"Productes\",\"item\":\"https:\\\/\\\/neodal.es\\\/ca\\\/productes\\\/\"},{\"@type\":\"ListItem\",\"position\":3,\"name\":\"DESINTEGRADORA INTIMUS DIS 600-1000\"}]},{\"@type\":\"WebSite\",\"@id\":\"https:\\\/\\\/neodal.es\\\/ca\\\/#website\",\"url\":\"https:\\\/\\\/neodal.es\\\/ca\\\/\",\"name\":\"neodal\",\"description\":\"\",\"potentialAction\":[{\"@type\":\"SearchAction\",\"target\":{\"@type\":\"EntryPoint\",\"urlTemplate\":\"https:\\\/\\\/neodal.es\\\/ca\\\/?s={search_term_string}\"},\"query-input\":{\"@type\":\"PropertyValueSpecification\",\"valueRequired\":true,\"valueName\":\"search_term_string\"}}],\"inLanguage\":\"ca\"}]}<\/script>\n<!-- \/ Yoast SEO plugin. -->","yoast_head_json":{"title":"Desintegradora INTIMUS DIS 600-1000 - Destruye Papel, pl\u00e1stico, CDs","description":"Desintegradora INTIMUS DIS 600-1000. Destruya todo tipo de material como de papel, pl\u00e1stico, medios \u00f3pticos... Estructura de acero. Cuchillas reafilables.","robots":{"index":"index","follow":"follow","max-snippet":"max-snippet:-1","max-image-preview":"max-image-preview:large","max-video-preview":"max-video-preview:-1"},"canonical":"https:\/\/neodal.es\/ca\/producte\/desintegradora-intimus-dis-600-1000-2\/","og_locale":"ca_ES","og_type":"article","og_title":"Desintegradora INTIMUS DIS 600-1000 - Destruye Papel, pl\u00e1stico, CDs","og_description":"Desintegradora INTIMUS DIS 600-1000. Destruya todo tipo de material como de papel, pl\u00e1stico, medios \u00f3pticos... Estructura de acero. Cuchillas reafilables.","og_url":"https:\/\/neodal.es\/ca\/producte\/desintegradora-intimus-dis-600-1000-2\/","og_site_name":"neodal","og_image":[{"width":680,"height":727,"url":"https:\/\/neodal.es\/wp-content\/uploads\/2022\/10\/2330-DESINTEGRADORA-INTIMUS-DIS-600-1000.jpg","type":"image\/jpeg"}],"twitter_card":"summary_large_image","schema":{"@context":"https:\/\/schema.org","@graph":[{"@type":"WebPage","@id":"https:\/\/neodal.es\/ca\/producte\/desintegradora-intimus-dis-600-1000-2\/","url":"https:\/\/neodal.es\/ca\/producte\/desintegradora-intimus-dis-600-1000-2\/","name":"Desintegradora INTIMUS DIS 600-1000 - Destruye Papel, pl\u00e1stico, CDs","isPartOf":{"@id":"https:\/\/neodal.es\/ca\/#website"},"primaryImageOfPage":{"@id":"https:\/\/neodal.es\/ca\/producte\/desintegradora-intimus-dis-600-1000-2\/#primaryimage"},"image":{"@id":"https:\/\/neodal.es\/ca\/producte\/desintegradora-intimus-dis-600-1000-2\/#primaryimage"},"thumbnailUrl":"https:\/\/neodal.es\/wp-content\/uploads\/2022\/10\/2330-DESINTEGRADORA-INTIMUS-DIS-600-1000.jpg","datePublished":"2022-10-18T10:41:15+00:00","description":"Desintegradora INTIMUS DIS 600-1000. Destruya todo tipo de material como de papel, pl\u00e1stico, medios \u00f3pticos... Estructura de acero. Cuchillas reafilables.","breadcrumb":{"@id":"https:\/\/neodal.es\/ca\/producte\/desintegradora-intimus-dis-600-1000-2\/#breadcrumb"},"inLanguage":"ca","potentialAction":[{"@type":"ReadAction","target":["https:\/\/neodal.es\/ca\/producte\/desintegradora-intimus-dis-600-1000-2\/"]}]},{"@type":"ImageObject","inLanguage":"ca","@id":"https:\/\/neodal.es\/ca\/producte\/desintegradora-intimus-dis-600-1000-2\/#primaryimage","url":"https:\/\/neodal.es\/wp-content\/uploads\/2022\/10\/2330-DESINTEGRADORA-INTIMUS-DIS-600-1000.jpg","contentUrl":"https:\/\/neodal.es\/wp-content\/uploads\/2022\/10\/2330-DESINTEGRADORA-INTIMUS-DIS-600-1000.jpg","width":680,"height":727,"caption":"DESINTEGRADORA INTIMUS DIS 600-1000"},{"@type":"BreadcrumbList","@id":"https:\/\/neodal.es\/ca\/producte\/desintegradora-intimus-dis-600-1000-2\/#breadcrumb","itemListElement":[{"@type":"ListItem","position":1,"name":"Portada","item":"https:\/\/neodal.es\/ca\/home\/"},{"@type":"ListItem","position":2,"name":"Productes","item":"https:\/\/neodal.es\/ca\/productes\/"},{"@type":"ListItem","position":3,"name":"DESINTEGRADORA INTIMUS DIS 600-1000"}]},{"@type":"WebSite","@id":"https:\/\/neodal.es\/ca\/#website","url":"https:\/\/neodal.es\/ca\/","name":"neodal","description":"","potentialAction":[{"@type":"SearchAction","target":{"@type":"EntryPoint","urlTemplate":"https:\/\/neodal.es\/ca\/?s={search_term_string}"},"query-input":{"@type":"PropertyValueSpecification","valueRequired":true,"valueName":"search_term_string"}}],"inLanguage":"ca"}]}},"_links":{"self":[{"href":"https:\/\/neodal.es\/ca\/wp-json\/wp\/v2\/product\/6587","targetHints":{"allow":["GET"]}}],"collection":[{"href":"https:\/\/neodal.es\/ca\/wp-json\/wp\/v2\/product"}],"about":[{"href":"https:\/\/neodal.es\/ca\/wp-json\/wp\/v2\/types\/product"}],"version-history":[{"count":0,"href":"https:\/\/neodal.es\/ca\/wp-json\/wp\/v2\/product\/6587\/revisions"}],"wp:featuredmedia":[{"embeddable":true,"href":"https:\/\/neodal.es\/ca\/wp-json\/wp\/v2\/media\/6582"}],"wp:attachment":[{"href":"https:\/\/neodal.es\/ca\/wp-json\/wp\/v2\/media?parent=6587"}],"wp:term":[{"taxonomy":"product_brand","embeddable":true,"href":"https:\/\/neodal.es\/ca\/wp-json\/wp\/v2\/product_brand?post=6587"},{"taxonomy":"product_cat","embeddable":true,"href":"https:\/\/neodal.es\/ca\/wp-json\/wp\/v2\/product_cat?post=6587"},{"taxonomy":"product_tag","embeddable":true,"href":"https:\/\/neodal.es\/ca\/wp-json\/wp\/v2\/product_tag?post=6587"}],"curies":[{"name":"wp","href":"https:\/\/api.w.org\/{rel}","templated":true}]}}