{"id":6681,"date":"2022-11-21T10:59:50","date_gmt":"2022-11-21T10:59:50","guid":{"rendered":"http:\/\/neodal.local\/product\/destructora-de-despacho-intimus-3500-cp5-2\/"},"modified":"2022-11-21T10:59:50","modified_gmt":"2022-11-21T10:59:50","slug":"destructora-de-despacho-intimus-3500-cp5-2","status":"publish","type":"product","link":"https:\/\/neodal.es\/ca\/producte\/destructora-de-despacho-intimus-3500-cp5-2\/","title":{"rendered":"DESTRUCTORA DE DESPACHO INTIMUS 3500 CP5"},"content":{"rendered":"<h3>CARACTER\u00cdSTICAS INTIMUS 3500 CP5<\/h3>\n<p>\u00b7 Nivel de seguridad P5<\/p>\n<p>\u00b7 Corte en part\u00edculas de 3 x 9 mm<\/p>\n<p>\u00b7 Papelera de 42 litros \/ 1.000 hojas<\/p>\n<p>\u00b7 Capacidad de destrucci\u00f3n hasta 13 hojas<\/p>\n<p>\u00b7 Sistema anti-atasco con auto stop y manual reverse<\/p>\n<p>\u00b7 Admite clips y grapas<\/p>\n<p>\u00b7 Ancho de entrada: 230mm<\/p>\n<p>\u00b7 Potencia del motor 580 Vatios<\/p>\n<p>\u00b7 Star y Stopy autom\u00e1ticos<\/p>\n<p>\u00b7 Protecci\u00f3n t\u00e9rmica contra sobre calentamiento<\/p>\n<p>\u00b7 Modo Stand By<\/p>\n<p>\u00b7 Ventana de visualizaci\u00f3n del contenido de la papelera<\/p>\n<p>\u00b7 Ruedas bloqueables<\/p>\n<p>\u00b7 Dimensiones: 660,5x420x340 mm<\/p>\n<p>\u00b7 Peso: 18,07 Kg.<\/p>\n<p>\u00b7 Garant\u00eda 2 a\u00f1os en m\u00e1quina y 10 a\u00f1os en los cabezales<\/p>\n","protected":false},"excerpt":{"rendered":"<h2>DESTRUCTORA DE PAPEL INTIMUS 3500 CP5<\/h2>\n<p>La destructora intimus 3500 CP5 es capaz de destruir hasta 13 hojas en part\u00edculas y dispone de una papelera de 42 litros con capacidad para hasta 1.000 hojas. Las part\u00edculas de 3&#215;9 mm cumplen con el nivel de seguridad P-5 seg\u00fan DIN 66399 (ISO\/CEI 21964). Sistema anti-atascos, Modo Stand By, Protecci\u00f3n t\u00e9rmica y certificado CE son sus principales caracter\u00edsticas. Garant\u00eda de la m\u00e1quina 2 a\u00f1os y 10 a\u00f1os en los cabezales de corte.<\/p><\/p>\n","protected":false},"featured_media":6672,"comment_status":"open","ping_status":"closed","template":"","meta":{"_acf_changed":false},"product_brand":[],"product_cat":[1530,1422,1504],"product_tag":[],"class_list":{"0":"post-6681","1":"product","2":"type-product","3":"status-publish","4":"has-post-thumbnail","6":"product_cat-destructoras-de-oficina-ca","7":"product_cat-destructoras-de-paper","8":"product_cat-destructoras-despach","10":"first","11":"instock","12":"shipping-taxable","13":"product-type-simple"},"acf":[],"yoast_head":"<!-- This site is optimized with the Yoast SEO plugin v27.0 - https:\/\/yoast.com\/product\/yoast-seo-wordpress\/ -->\n<title>Destructora de papel intimus 3500 CP5. Neodal importador y sat oficial.<\/title>\n<meta name=\"description\" content=\"Destructora de documentos intimus 3500 CP5 con nivel de seguridad P5, papelera con ruedas de 42 litros. Modo Stand By, protecci\u00f3n contra atascos y certificado CE.\" \/>\n<meta name=\"robots\" content=\"index, follow, max-snippet:-1, max-image-preview:large, max-video-preview:-1\" \/>\n<link rel=\"canonical\" href=\"https:\/\/neodal.es\/ca\/producte\/destructora-de-despacho-intimus-3500-cp5-2\/\" \/>\n<meta property=\"og:locale\" content=\"ca_ES\" \/>\n<meta property=\"og:type\" content=\"article\" \/>\n<meta property=\"og:title\" content=\"Destructora de papel intimus 3500 CP5. Neodal importador y sat oficial.\" \/>\n<meta property=\"og:description\" content=\"Destructora de documentos intimus 3500 CP5 con nivel de seguridad P5, papelera con ruedas de 42 litros. Modo Stand By, protecci\u00f3n contra atascos y certificado CE.\" \/>\n<meta property=\"og:url\" content=\"https:\/\/neodal.es\/ca\/producte\/destructora-de-despacho-intimus-3500-cp5-2\/\" \/>\n<meta property=\"og:site_name\" content=\"neodal\" \/>\n<meta property=\"og:image\" content=\"https:\/\/neodal.es\/wp-content\/uploads\/2022\/11\/2421-DESTRUCTORA-DE-DESPACHO-INTIMUS-3500-CP5.jpg\" \/>\n\t<meta property=\"og:image:width\" content=\"500\" \/>\n\t<meta property=\"og:image:height\" content=\"500\" \/>\n\t<meta property=\"og:image:type\" content=\"image\/jpeg\" \/>\n<meta name=\"twitter:card\" content=\"summary_large_image\" \/>\n<script type=\"application\/ld+json\" class=\"yoast-schema-graph\">{\"@context\":\"https:\/\/schema.org\",\"@graph\":[{\"@type\":\"WebPage\",\"@id\":\"https:\/\/neodal.es\/ca\/producte\/destructora-de-despacho-intimus-3500-cp5-2\/\",\"url\":\"https:\/\/neodal.es\/ca\/producte\/destructora-de-despacho-intimus-3500-cp5-2\/\",\"name\":\"Destructora de papel intimus 3500 CP5. Neodal importador y sat oficial.\",\"isPartOf\":{\"@id\":\"https:\/\/neodal.es\/ca\/#website\"},\"primaryImageOfPage\":{\"@id\":\"https:\/\/neodal.es\/ca\/producte\/destructora-de-despacho-intimus-3500-cp5-2\/#primaryimage\"},\"image\":{\"@id\":\"https:\/\/neodal.es\/ca\/producte\/destructora-de-despacho-intimus-3500-cp5-2\/#primaryimage\"},\"thumbnailUrl\":\"https:\/\/neodal.es\/wp-content\/uploads\/2022\/11\/2421-DESTRUCTORA-DE-DESPACHO-INTIMUS-3500-CP5.jpg\",\"datePublished\":\"2022-11-21T10:59:50+00:00\",\"description\":\"Destructora de documentos intimus 3500 CP5 con nivel de seguridad P5, papelera con ruedas de 42 litros. Modo Stand By, protecci\u00f3n contra atascos y certificado CE.\",\"breadcrumb\":{\"@id\":\"https:\/\/neodal.es\/ca\/producte\/destructora-de-despacho-intimus-3500-cp5-2\/#breadcrumb\"},\"inLanguage\":\"ca\",\"potentialAction\":[{\"@type\":\"ReadAction\",\"target\":[\"https:\/\/neodal.es\/ca\/producte\/destructora-de-despacho-intimus-3500-cp5-2\/\"]}]},{\"@type\":\"ImageObject\",\"inLanguage\":\"ca\",\"@id\":\"https:\/\/neodal.es\/ca\/producte\/destructora-de-despacho-intimus-3500-cp5-2\/#primaryimage\",\"url\":\"https:\/\/neodal.es\/wp-content\/uploads\/2022\/11\/2421-DESTRUCTORA-DE-DESPACHO-INTIMUS-3500-CP5.jpg\",\"contentUrl\":\"https:\/\/neodal.es\/wp-content\/uploads\/2022\/11\/2421-DESTRUCTORA-DE-DESPACHO-INTIMUS-3500-CP5.jpg\",\"width\":500,\"height\":500,\"caption\":\"DESTRUCTORA DE DESPACHO INTIMUS 3500 CP5\"},{\"@type\":\"BreadcrumbList\",\"@id\":\"https:\/\/neodal.es\/ca\/producte\/destructora-de-despacho-intimus-3500-cp5-2\/#breadcrumb\",\"itemListElement\":[{\"@type\":\"ListItem\",\"position\":1,\"name\":\"Portada\",\"item\":\"https:\/\/neodal.es\/ca\/home\/\"},{\"@type\":\"ListItem\",\"position\":2,\"name\":\"Productes\",\"item\":\"https:\/\/neodal.es\/ca\/productes\/\"},{\"@type\":\"ListItem\",\"position\":3,\"name\":\"DESTRUCTORA DE DESPACHO INTIMUS 3500 CP5\"}]},{\"@type\":\"WebSite\",\"@id\":\"https:\/\/neodal.es\/ca\/#website\",\"url\":\"https:\/\/neodal.es\/ca\/\",\"name\":\"neodal\",\"description\":\"\",\"potentialAction\":[{\"@type\":\"SearchAction\",\"target\":{\"@type\":\"EntryPoint\",\"urlTemplate\":\"https:\/\/neodal.es\/ca\/?s={search_term_string}\"},\"query-input\":{\"@type\":\"PropertyValueSpecification\",\"valueRequired\":true,\"valueName\":\"search_term_string\"}}],\"inLanguage\":\"ca\"}]}<\/script>\n<!-- \/ Yoast SEO plugin. -->","yoast_head_json":{"title":"Destructora de papel intimus 3500 CP5. Neodal importador y sat oficial.","description":"Destructora de documentos intimus 3500 CP5 con nivel de seguridad P5, papelera con ruedas de 42 litros. Modo Stand By, protecci\u00f3n contra atascos y certificado CE.","robots":{"index":"index","follow":"follow","max-snippet":"max-snippet:-1","max-image-preview":"max-image-preview:large","max-video-preview":"max-video-preview:-1"},"canonical":"https:\/\/neodal.es\/ca\/producte\/destructora-de-despacho-intimus-3500-cp5-2\/","og_locale":"ca_ES","og_type":"article","og_title":"Destructora de papel intimus 3500 CP5. Neodal importador y sat oficial.","og_description":"Destructora de documentos intimus 3500 CP5 con nivel de seguridad P5, papelera con ruedas de 42 litros. Modo Stand By, protecci\u00f3n contra atascos y certificado CE.","og_url":"https:\/\/neodal.es\/ca\/producte\/destructora-de-despacho-intimus-3500-cp5-2\/","og_site_name":"neodal","og_image":[{"width":500,"height":500,"url":"https:\/\/neodal.es\/wp-content\/uploads\/2022\/11\/2421-DESTRUCTORA-DE-DESPACHO-INTIMUS-3500-CP5.jpg","type":"image\/jpeg"}],"twitter_card":"summary_large_image","schema":{"@context":"https:\/\/schema.org","@graph":[{"@type":"WebPage","@id":"https:\/\/neodal.es\/ca\/producte\/destructora-de-despacho-intimus-3500-cp5-2\/","url":"https:\/\/neodal.es\/ca\/producte\/destructora-de-despacho-intimus-3500-cp5-2\/","name":"Destructora de papel intimus 3500 CP5. Neodal importador y sat oficial.","isPartOf":{"@id":"https:\/\/neodal.es\/ca\/#website"},"primaryImageOfPage":{"@id":"https:\/\/neodal.es\/ca\/producte\/destructora-de-despacho-intimus-3500-cp5-2\/#primaryimage"},"image":{"@id":"https:\/\/neodal.es\/ca\/producte\/destructora-de-despacho-intimus-3500-cp5-2\/#primaryimage"},"thumbnailUrl":"https:\/\/neodal.es\/wp-content\/uploads\/2022\/11\/2421-DESTRUCTORA-DE-DESPACHO-INTIMUS-3500-CP5.jpg","datePublished":"2022-11-21T10:59:50+00:00","description":"Destructora de documentos intimus 3500 CP5 con nivel de seguridad P5, papelera con ruedas de 42 litros. Modo Stand By, protecci\u00f3n contra atascos y certificado CE.","breadcrumb":{"@id":"https:\/\/neodal.es\/ca\/producte\/destructora-de-despacho-intimus-3500-cp5-2\/#breadcrumb"},"inLanguage":"ca","potentialAction":[{"@type":"ReadAction","target":["https:\/\/neodal.es\/ca\/producte\/destructora-de-despacho-intimus-3500-cp5-2\/"]}]},{"@type":"ImageObject","inLanguage":"ca","@id":"https:\/\/neodal.es\/ca\/producte\/destructora-de-despacho-intimus-3500-cp5-2\/#primaryimage","url":"https:\/\/neodal.es\/wp-content\/uploads\/2022\/11\/2421-DESTRUCTORA-DE-DESPACHO-INTIMUS-3500-CP5.jpg","contentUrl":"https:\/\/neodal.es\/wp-content\/uploads\/2022\/11\/2421-DESTRUCTORA-DE-DESPACHO-INTIMUS-3500-CP5.jpg","width":500,"height":500,"caption":"DESTRUCTORA DE DESPACHO INTIMUS 3500 CP5"},{"@type":"BreadcrumbList","@id":"https:\/\/neodal.es\/ca\/producte\/destructora-de-despacho-intimus-3500-cp5-2\/#breadcrumb","itemListElement":[{"@type":"ListItem","position":1,"name":"Portada","item":"https:\/\/neodal.es\/ca\/home\/"},{"@type":"ListItem","position":2,"name":"Productes","item":"https:\/\/neodal.es\/ca\/productes\/"},{"@type":"ListItem","position":3,"name":"DESTRUCTORA DE DESPACHO INTIMUS 3500 CP5"}]},{"@type":"WebSite","@id":"https:\/\/neodal.es\/ca\/#website","url":"https:\/\/neodal.es\/ca\/","name":"neodal","description":"","potentialAction":[{"@type":"SearchAction","target":{"@type":"EntryPoint","urlTemplate":"https:\/\/neodal.es\/ca\/?s={search_term_string}"},"query-input":{"@type":"PropertyValueSpecification","valueRequired":true,"valueName":"search_term_string"}}],"inLanguage":"ca"}]}},"_links":{"self":[{"href":"https:\/\/neodal.es\/ca\/wp-json\/wp\/v2\/product\/6681","targetHints":{"allow":["GET"]}}],"collection":[{"href":"https:\/\/neodal.es\/ca\/wp-json\/wp\/v2\/product"}],"about":[{"href":"https:\/\/neodal.es\/ca\/wp-json\/wp\/v2\/types\/product"}],"replies":[{"embeddable":true,"href":"https:\/\/neodal.es\/ca\/wp-json\/wp\/v2\/comments?post=6681"}],"version-history":[{"count":0,"href":"https:\/\/neodal.es\/ca\/wp-json\/wp\/v2\/product\/6681\/revisions"}],"wp:featuredmedia":[{"embeddable":true,"href":"https:\/\/neodal.es\/ca\/wp-json\/wp\/v2\/media\/6672"}],"wp:attachment":[{"href":"https:\/\/neodal.es\/ca\/wp-json\/wp\/v2\/media?parent=6681"}],"wp:term":[{"taxonomy":"product_brand","embeddable":true,"href":"https:\/\/neodal.es\/ca\/wp-json\/wp\/v2\/product_brand?post=6681"},{"taxonomy":"product_cat","embeddable":true,"href":"https:\/\/neodal.es\/ca\/wp-json\/wp\/v2\/product_cat?post=6681"},{"taxonomy":"product_tag","embeddable":true,"href":"https:\/\/neodal.es\/ca\/wp-json\/wp\/v2\/product_tag?post=6681"}],"curies":[{"name":"wp","href":"https:\/\/api.w.org\/{rel}","templated":true}]}}