{"id":6696,"date":"2023-02-01T16:38:23","date_gmt":"2023-02-01T16:38:23","guid":{"rendered":"http:\/\/neodal.local\/product\/laminadora-easymount-sign-ems-880-cold-2\/"},"modified":"2023-02-01T16:38:23","modified_gmt":"2023-02-01T16:38:23","slug":"laminadora-easymount-sign-ems-880-cold-2","status":"publish","type":"product","link":"https:\/\/neodal.es\/ca\/producte\/laminadora-easymount-sign-ems-880-cold-2\/","title":{"rendered":"LAMINADORA EASYMOUNT SIGN EMS 880 COLD"},"content":{"rendered":"<h3>CARACTER\u00cdSTICAS EASYMOUNT SIGN EMS 650 COLD<\/h3>\n<p>\u00b7 Tama\u00f1o m\u00e1ximo de plastificado: 880 mm.<\/p>\n<p>\u00b7 Velocidad 3,5 Metros \/ minuto (variable)<\/p>\n<p>\u00b7 Espesor m\u00e1ximo 15 mm<\/p>\n<p>\u00b7 Laminado en frio.<\/p>\n<p>\u00b7 Equipo de sobremesa o con mesa (opcional)<\/p>\n<p>\u00b7 Rodillos de silicona de gran calidad y gran di\u00e1metro<\/p>\n<p>\u00b7 Control de velocidad y pedal de retroceso<\/p>\n<p>\u00b7 Mandriles extensibles<\/p>\n<p>\u00b7 Apertura de rodillos de 20 mm<\/p>\n<p>\u00b7 Dimensiones: 1.200 x 630 x 1.295 mm<\/p>\n<p>\u00b7 Peso 75 kg.<\/p><\/p>\n","protected":false},"excerpt":{"rendered":"<h2>LAMINADORA EASYMOUNT SIGN EMS 880 COLD<\/h2>\n<p>La Easymount EMS-880 es una laminadora en fr\u00edo de sobremesa que brinda una soluci\u00f3n simple para un acabado profesional y rentable. Ideal para laminar, montar y aplicar vinilos, cintas de aplicaci\u00f3n y pel\u00edculas adhesivas, la EMS-880 le permite terminar materiales de hasta 880 mm de ancho, de manera r\u00e1pida y eficiente.<\/p><\/p>\n","protected":false},"featured_media":6693,"template":"","meta":{"_acf_changed":false},"product_brand":[],"product_cat":[1524,1430],"product_tag":[],"class_list":{"0":"post-6696","1":"product","2":"type-product","3":"status-publish","4":"has-post-thumbnail","6":"product_cat-laminadores","7":"product_cat-plastificadores","9":"first","10":"instock","11":"shipping-taxable","12":"product-type-simple"},"acf":[],"yoast_head":"<!-- This site is optimized with the Yoast SEO plugin v27.4 - https:\/\/yoast.com\/product\/yoast-seo-wordpress\/ -->\n<title>Laminadora en fred EASYMOUNT SIGN EMS 880 COLD | NEODAL Laminadores<\/title>\n<meta name=\"description\" content=\"Laminadora de bobines en fred Easymount Sign EMS 880 el permet laminar a un baix cost i amb un acabat de qualitat. Ideal per realitzar els treballs que abans subcontractava\" \/>\n<meta name=\"robots\" content=\"index, follow, max-snippet:-1, max-image-preview:large, max-video-preview:-1\" \/>\n<link rel=\"canonical\" href=\"https:\/\/neodal.es\/ca\/producte\/laminadora-easymount-sign-ems-880-cold-2\/\" \/>\n<meta property=\"og:locale\" content=\"ca_ES\" \/>\n<meta property=\"og:type\" content=\"article\" \/>\n<meta property=\"og:title\" content=\"Laminadora en fred EASYMOUNT SIGN EMS 880 COLD | NEODAL Laminadores\" \/>\n<meta property=\"og:description\" content=\"Laminadora de bobines en fred Easymount Sign EMS 880 el permet laminar a un baix cost i amb un acabat de qualitat. Ideal per realitzar els treballs que abans subcontractava\" \/>\n<meta property=\"og:url\" content=\"https:\/\/neodal.es\/ca\/producte\/laminadora-easymount-sign-ems-880-cold-2\/\" \/>\n<meta property=\"og:site_name\" content=\"neodal\" \/>\n<meta property=\"og:image\" content=\"https:\/\/neodal.es\/wp-content\/uploads\/2023\/02\/2513-Easymount-EMS-880.jpg\" \/>\n\t<meta property=\"og:image:width\" content=\"500\" \/>\n\t<meta property=\"og:image:height\" content=\"500\" \/>\n\t<meta property=\"og:image:type\" content=\"image\/jpeg\" \/>\n<meta name=\"twitter:card\" content=\"summary_large_image\" \/>\n<script type=\"application\/ld+json\" class=\"yoast-schema-graph\">{\"@context\":\"https:\\\/\\\/schema.org\",\"@graph\":[{\"@type\":\"WebPage\",\"@id\":\"https:\\\/\\\/neodal.es\\\/ca\\\/producte\\\/laminadora-easymount-sign-ems-880-cold-2\\\/\",\"url\":\"https:\\\/\\\/neodal.es\\\/ca\\\/producte\\\/laminadora-easymount-sign-ems-880-cold-2\\\/\",\"name\":\"Laminadora en fred EASYMOUNT SIGN EMS 880 COLD | NEODAL Laminadores\",\"isPartOf\":{\"@id\":\"https:\\\/\\\/neodal.es\\\/ca\\\/#website\"},\"primaryImageOfPage\":{\"@id\":\"https:\\\/\\\/neodal.es\\\/ca\\\/producte\\\/laminadora-easymount-sign-ems-880-cold-2\\\/#primaryimage\"},\"image\":{\"@id\":\"https:\\\/\\\/neodal.es\\\/ca\\\/producte\\\/laminadora-easymount-sign-ems-880-cold-2\\\/#primaryimage\"},\"thumbnailUrl\":\"https:\\\/\\\/neodal.es\\\/wp-content\\\/uploads\\\/2023\\\/02\\\/2513-Easymount-EMS-880.jpg\",\"datePublished\":\"2023-02-01T16:38:23+00:00\",\"description\":\"Laminadora de bobines en fred Easymount Sign EMS 880 el permet laminar a un baix cost i amb un acabat de qualitat. Ideal per realitzar els treballs que abans subcontractava\",\"breadcrumb\":{\"@id\":\"https:\\\/\\\/neodal.es\\\/ca\\\/producte\\\/laminadora-easymount-sign-ems-880-cold-2\\\/#breadcrumb\"},\"inLanguage\":\"ca\",\"potentialAction\":[{\"@type\":\"ReadAction\",\"target\":[\"https:\\\/\\\/neodal.es\\\/ca\\\/producte\\\/laminadora-easymount-sign-ems-880-cold-2\\\/\"]}]},{\"@type\":\"ImageObject\",\"inLanguage\":\"ca\",\"@id\":\"https:\\\/\\\/neodal.es\\\/ca\\\/producte\\\/laminadora-easymount-sign-ems-880-cold-2\\\/#primaryimage\",\"url\":\"https:\\\/\\\/neodal.es\\\/wp-content\\\/uploads\\\/2023\\\/02\\\/2513-Easymount-EMS-880.jpg\",\"contentUrl\":\"https:\\\/\\\/neodal.es\\\/wp-content\\\/uploads\\\/2023\\\/02\\\/2513-Easymount-EMS-880.jpg\",\"width\":500,\"height\":500,\"caption\":\"Easymount EMS-880\"},{\"@type\":\"BreadcrumbList\",\"@id\":\"https:\\\/\\\/neodal.es\\\/ca\\\/producte\\\/laminadora-easymount-sign-ems-880-cold-2\\\/#breadcrumb\",\"itemListElement\":[{\"@type\":\"ListItem\",\"position\":1,\"name\":\"Portada\",\"item\":\"https:\\\/\\\/neodal.es\\\/ca\\\/home\\\/\"},{\"@type\":\"ListItem\",\"position\":2,\"name\":\"Productes\",\"item\":\"https:\\\/\\\/neodal.es\\\/ca\\\/productes\\\/\"},{\"@type\":\"ListItem\",\"position\":3,\"name\":\"LAMINADORA EASYMOUNT SIGN EMS 880 COLD\"}]},{\"@type\":\"WebSite\",\"@id\":\"https:\\\/\\\/neodal.es\\\/ca\\\/#website\",\"url\":\"https:\\\/\\\/neodal.es\\\/ca\\\/\",\"name\":\"neodal\",\"description\":\"\",\"potentialAction\":[{\"@type\":\"SearchAction\",\"target\":{\"@type\":\"EntryPoint\",\"urlTemplate\":\"https:\\\/\\\/neodal.es\\\/ca\\\/?s={search_term_string}\"},\"query-input\":{\"@type\":\"PropertyValueSpecification\",\"valueRequired\":true,\"valueName\":\"search_term_string\"}}],\"inLanguage\":\"ca\"}]}<\/script>\n<!-- \/ Yoast SEO plugin. -->","yoast_head_json":{"title":"Laminadora en fred EASYMOUNT SIGN EMS 880 COLD | NEODAL Laminadores","description":"Laminadora de bobines en fred Easymount Sign EMS 880 el permet laminar a un baix cost i amb un acabat de qualitat. Ideal per realitzar els treballs que abans subcontractava","robots":{"index":"index","follow":"follow","max-snippet":"max-snippet:-1","max-image-preview":"max-image-preview:large","max-video-preview":"max-video-preview:-1"},"canonical":"https:\/\/neodal.es\/ca\/producte\/laminadora-easymount-sign-ems-880-cold-2\/","og_locale":"ca_ES","og_type":"article","og_title":"Laminadora en fred EASYMOUNT SIGN EMS 880 COLD | NEODAL Laminadores","og_description":"Laminadora de bobines en fred Easymount Sign EMS 880 el permet laminar a un baix cost i amb un acabat de qualitat. Ideal per realitzar els treballs que abans subcontractava","og_url":"https:\/\/neodal.es\/ca\/producte\/laminadora-easymount-sign-ems-880-cold-2\/","og_site_name":"neodal","og_image":[{"width":500,"height":500,"url":"https:\/\/neodal.es\/wp-content\/uploads\/2023\/02\/2513-Easymount-EMS-880.jpg","type":"image\/jpeg"}],"twitter_card":"summary_large_image","schema":{"@context":"https:\/\/schema.org","@graph":[{"@type":"WebPage","@id":"https:\/\/neodal.es\/ca\/producte\/laminadora-easymount-sign-ems-880-cold-2\/","url":"https:\/\/neodal.es\/ca\/producte\/laminadora-easymount-sign-ems-880-cold-2\/","name":"Laminadora en fred EASYMOUNT SIGN EMS 880 COLD | NEODAL Laminadores","isPartOf":{"@id":"https:\/\/neodal.es\/ca\/#website"},"primaryImageOfPage":{"@id":"https:\/\/neodal.es\/ca\/producte\/laminadora-easymount-sign-ems-880-cold-2\/#primaryimage"},"image":{"@id":"https:\/\/neodal.es\/ca\/producte\/laminadora-easymount-sign-ems-880-cold-2\/#primaryimage"},"thumbnailUrl":"https:\/\/neodal.es\/wp-content\/uploads\/2023\/02\/2513-Easymount-EMS-880.jpg","datePublished":"2023-02-01T16:38:23+00:00","description":"Laminadora de bobines en fred Easymount Sign EMS 880 el permet laminar a un baix cost i amb un acabat de qualitat. Ideal per realitzar els treballs que abans subcontractava","breadcrumb":{"@id":"https:\/\/neodal.es\/ca\/producte\/laminadora-easymount-sign-ems-880-cold-2\/#breadcrumb"},"inLanguage":"ca","potentialAction":[{"@type":"ReadAction","target":["https:\/\/neodal.es\/ca\/producte\/laminadora-easymount-sign-ems-880-cold-2\/"]}]},{"@type":"ImageObject","inLanguage":"ca","@id":"https:\/\/neodal.es\/ca\/producte\/laminadora-easymount-sign-ems-880-cold-2\/#primaryimage","url":"https:\/\/neodal.es\/wp-content\/uploads\/2023\/02\/2513-Easymount-EMS-880.jpg","contentUrl":"https:\/\/neodal.es\/wp-content\/uploads\/2023\/02\/2513-Easymount-EMS-880.jpg","width":500,"height":500,"caption":"Easymount EMS-880"},{"@type":"BreadcrumbList","@id":"https:\/\/neodal.es\/ca\/producte\/laminadora-easymount-sign-ems-880-cold-2\/#breadcrumb","itemListElement":[{"@type":"ListItem","position":1,"name":"Portada","item":"https:\/\/neodal.es\/ca\/home\/"},{"@type":"ListItem","position":2,"name":"Productes","item":"https:\/\/neodal.es\/ca\/productes\/"},{"@type":"ListItem","position":3,"name":"LAMINADORA EASYMOUNT SIGN EMS 880 COLD"}]},{"@type":"WebSite","@id":"https:\/\/neodal.es\/ca\/#website","url":"https:\/\/neodal.es\/ca\/","name":"neodal","description":"","potentialAction":[{"@type":"SearchAction","target":{"@type":"EntryPoint","urlTemplate":"https:\/\/neodal.es\/ca\/?s={search_term_string}"},"query-input":{"@type":"PropertyValueSpecification","valueRequired":true,"valueName":"search_term_string"}}],"inLanguage":"ca"}]}},"_links":{"self":[{"href":"https:\/\/neodal.es\/ca\/wp-json\/wp\/v2\/product\/6696","targetHints":{"allow":["GET"]}}],"collection":[{"href":"https:\/\/neodal.es\/ca\/wp-json\/wp\/v2\/product"}],"about":[{"href":"https:\/\/neodal.es\/ca\/wp-json\/wp\/v2\/types\/product"}],"version-history":[{"count":0,"href":"https:\/\/neodal.es\/ca\/wp-json\/wp\/v2\/product\/6696\/revisions"}],"wp:featuredmedia":[{"embeddable":true,"href":"https:\/\/neodal.es\/ca\/wp-json\/wp\/v2\/media\/6693"}],"wp:attachment":[{"href":"https:\/\/neodal.es\/ca\/wp-json\/wp\/v2\/media?parent=6696"}],"wp:term":[{"taxonomy":"product_brand","embeddable":true,"href":"https:\/\/neodal.es\/ca\/wp-json\/wp\/v2\/product_brand?post=6696"},{"taxonomy":"product_cat","embeddable":true,"href":"https:\/\/neodal.es\/ca\/wp-json\/wp\/v2\/product_cat?post=6696"},{"taxonomy":"product_tag","embeddable":true,"href":"https:\/\/neodal.es\/ca\/wp-json\/wp\/v2\/product_tag?post=6696"}],"curies":[{"name":"wp","href":"https:\/\/api.w.org\/{rel}","templated":true}]}}