{"id":6709,"date":"2023-03-14T12:38:51","date_gmt":"2023-03-14T12:38:51","guid":{"rendered":"http:\/\/neodal.local\/product\/plegadora-grapadora-plockmatic-bm4050-2\/"},"modified":"2023-03-14T12:38:51","modified_gmt":"2023-03-14T12:38:51","slug":"plegadora-grapadora-plockmatic-bm4050-2","status":"publish","type":"product","link":"https:\/\/neodal.es\/ca\/producte\/plegadora-grapadora-plockmatic-bm4050-2\/","title":{"rendered":"PLEGADORA GRAPADORA PLOCKMATIC BM4050"},"content":{"rendered":"<h3 style=\"font-style: normal;\">CARACTER\u00cdSTICAS PLOCKMATIC BM4050:<\/h3>\n<p>\u00b7 Produce libros con el lomo cuadrado desde A6 hasta A4 apaisado, o el formato acabado 297x297mm.<br \/>\u00b7 Capacidad de grapado de hasta 50 hojas.<br \/>\u00b7 Grapado en la esquina en revistas A4 vertical y apaisado.<br \/>\u00b7 Libros de hasta 140 o 200 p\u00e1ginas.<br \/>\u00b7 Alimenta hojas de hasta 660mm de largo sin el m\u00f3dulo CST o 620mm con m\u00f2dulo el CST.<\/p><\/p>\n","protected":false},"excerpt":{"rendered":"<h2 style=\"text-align: justify;\">PLOCKMATIC BM 4050<\/h2>\n<p>La serie Plockmatic BM4000 es un equipo de confecci\u00f3n de revistas vers\u00e1til para tiradas cortas-medias ideal para las imprentas digitales. Produce libros con una calidad excepcional y permite alimentar hojas impresas largas para producir una amplia variedad de aplicaciones, incluidos folletos A4 apaisados, que se est\u00e1 convirtiendo en una soluci\u00f3n cada vez m\u00e1s importante de los clientes.<\/p>\n<p>Solicite informaci\u00f3n sin compromiso.<\/p>\n<p>\u00a0<\/p>\n","protected":false},"featured_media":6704,"template":"","meta":{"_acf_changed":false},"product_brand":[],"product_cat":[1538],"product_tag":[],"class_list":{"0":"post-6709","1":"product","2":"type-product","3":"status-publish","4":"has-post-thumbnail","6":"product_cat-plegadores-grapadores-plockmatic","8":"first","9":"instock","10":"shipping-taxable","11":"product-type-simple"},"acf":[],"yoast_head":"<!-- This site is optimized with the Yoast SEO plugin v27.4 - https:\/\/yoast.com\/product\/yoast-seo-wordpress\/ -->\n<title>PLEGADORA GRAPADORA PLOCKMATIC BM4050 (Importador &amp; SAT Oficial)<\/title>\n<meta name=\"description\" content=\"Plegadora Grapadora Plockmatic BM4050. Plegadora Grapadora para confecci\u00f3n de cuadernillos, manuales de uso... Servicio T\u00e9cnico oficial. \u00a1solicite precio!\" \/>\n<meta name=\"robots\" content=\"index, follow, max-snippet:-1, max-image-preview:large, max-video-preview:-1\" \/>\n<link rel=\"canonical\" href=\"https:\/\/neodal.es\/ca\/producte\/plegadora-grapadora-plockmatic-bm4050-2\/\" \/>\n<meta property=\"og:locale\" content=\"ca_ES\" \/>\n<meta property=\"og:type\" content=\"article\" \/>\n<meta property=\"og:title\" content=\"PLEGADORA GRAPADORA PLOCKMATIC BM4050 (Importador &amp; SAT Oficial)\" \/>\n<meta property=\"og:description\" content=\"Plegadora Grapadora Plockmatic BM4050. Plegadora Grapadora para confecci\u00f3n de cuadernillos, manuales de uso... Servicio T\u00e9cnico oficial. \u00a1solicite precio!\" \/>\n<meta property=\"og:url\" content=\"https:\/\/neodal.es\/ca\/producte\/plegadora-grapadora-plockmatic-bm4050-2\/\" \/>\n<meta property=\"og:site_name\" content=\"neodal\" \/>\n<meta property=\"og:image\" content=\"https:\/\/neodal.es\/wp-content\/uploads\/2023\/03\/2521-PLEGADORA-GRAPADORA-PLOCKMATIC-BM4050.jpg\" \/>\n\t<meta property=\"og:image:width\" content=\"500\" \/>\n\t<meta property=\"og:image:height\" content=\"500\" \/>\n\t<meta property=\"og:image:type\" content=\"image\/jpeg\" \/>\n<meta name=\"twitter:card\" content=\"summary_large_image\" \/>\n<script type=\"application\/ld+json\" class=\"yoast-schema-graph\">{\"@context\":\"https:\\\/\\\/schema.org\",\"@graph\":[{\"@type\":\"WebPage\",\"@id\":\"https:\\\/\\\/neodal.es\\\/ca\\\/producte\\\/plegadora-grapadora-plockmatic-bm4050-2\\\/\",\"url\":\"https:\\\/\\\/neodal.es\\\/ca\\\/producte\\\/plegadora-grapadora-plockmatic-bm4050-2\\\/\",\"name\":\"PLEGADORA GRAPADORA PLOCKMATIC BM4050 (Importador & SAT Oficial)\",\"isPartOf\":{\"@id\":\"https:\\\/\\\/neodal.es\\\/ca\\\/#website\"},\"primaryImageOfPage\":{\"@id\":\"https:\\\/\\\/neodal.es\\\/ca\\\/producte\\\/plegadora-grapadora-plockmatic-bm4050-2\\\/#primaryimage\"},\"image\":{\"@id\":\"https:\\\/\\\/neodal.es\\\/ca\\\/producte\\\/plegadora-grapadora-plockmatic-bm4050-2\\\/#primaryimage\"},\"thumbnailUrl\":\"https:\\\/\\\/neodal.es\\\/wp-content\\\/uploads\\\/2023\\\/03\\\/2521-PLEGADORA-GRAPADORA-PLOCKMATIC-BM4050.jpg\",\"datePublished\":\"2023-03-14T12:38:51+00:00\",\"description\":\"Plegadora Grapadora Plockmatic BM4050. Plegadora Grapadora para confecci\u00f3n de cuadernillos, manuales de uso... Servicio T\u00e9cnico oficial. \u00a1solicite precio!\",\"breadcrumb\":{\"@id\":\"https:\\\/\\\/neodal.es\\\/ca\\\/producte\\\/plegadora-grapadora-plockmatic-bm4050-2\\\/#breadcrumb\"},\"inLanguage\":\"ca\",\"potentialAction\":[{\"@type\":\"ReadAction\",\"target\":[\"https:\\\/\\\/neodal.es\\\/ca\\\/producte\\\/plegadora-grapadora-plockmatic-bm4050-2\\\/\"]}]},{\"@type\":\"ImageObject\",\"inLanguage\":\"ca\",\"@id\":\"https:\\\/\\\/neodal.es\\\/ca\\\/producte\\\/plegadora-grapadora-plockmatic-bm4050-2\\\/#primaryimage\",\"url\":\"https:\\\/\\\/neodal.es\\\/wp-content\\\/uploads\\\/2023\\\/03\\\/2521-PLEGADORA-GRAPADORA-PLOCKMATIC-BM4050.jpg\",\"contentUrl\":\"https:\\\/\\\/neodal.es\\\/wp-content\\\/uploads\\\/2023\\\/03\\\/2521-PLEGADORA-GRAPADORA-PLOCKMATIC-BM4050.jpg\",\"width\":500,\"height\":500,\"caption\":\"PLEGADORA GRAPADORA PLOCKMATIC BM4050\"},{\"@type\":\"BreadcrumbList\",\"@id\":\"https:\\\/\\\/neodal.es\\\/ca\\\/producte\\\/plegadora-grapadora-plockmatic-bm4050-2\\\/#breadcrumb\",\"itemListElement\":[{\"@type\":\"ListItem\",\"position\":1,\"name\":\"Portada\",\"item\":\"https:\\\/\\\/neodal.es\\\/ca\\\/home\\\/\"},{\"@type\":\"ListItem\",\"position\":2,\"name\":\"Productes\",\"item\":\"https:\\\/\\\/neodal.es\\\/ca\\\/productes\\\/\"},{\"@type\":\"ListItem\",\"position\":3,\"name\":\"PLEGADORA GRAPADORA PLOCKMATIC BM4050\"}]},{\"@type\":\"WebSite\",\"@id\":\"https:\\\/\\\/neodal.es\\\/ca\\\/#website\",\"url\":\"https:\\\/\\\/neodal.es\\\/ca\\\/\",\"name\":\"neodal\",\"description\":\"\",\"potentialAction\":[{\"@type\":\"SearchAction\",\"target\":{\"@type\":\"EntryPoint\",\"urlTemplate\":\"https:\\\/\\\/neodal.es\\\/ca\\\/?s={search_term_string}\"},\"query-input\":{\"@type\":\"PropertyValueSpecification\",\"valueRequired\":true,\"valueName\":\"search_term_string\"}}],\"inLanguage\":\"ca\"}]}<\/script>\n<!-- \/ Yoast SEO plugin. -->","yoast_head_json":{"title":"PLEGADORA GRAPADORA PLOCKMATIC BM4050 (Importador & SAT Oficial)","description":"Plegadora Grapadora Plockmatic BM4050. Plegadora Grapadora para confecci\u00f3n de cuadernillos, manuales de uso... Servicio T\u00e9cnico oficial. \u00a1solicite precio!","robots":{"index":"index","follow":"follow","max-snippet":"max-snippet:-1","max-image-preview":"max-image-preview:large","max-video-preview":"max-video-preview:-1"},"canonical":"https:\/\/neodal.es\/ca\/producte\/plegadora-grapadora-plockmatic-bm4050-2\/","og_locale":"ca_ES","og_type":"article","og_title":"PLEGADORA GRAPADORA PLOCKMATIC BM4050 (Importador & SAT Oficial)","og_description":"Plegadora Grapadora Plockmatic BM4050. Plegadora Grapadora para confecci\u00f3n de cuadernillos, manuales de uso... Servicio T\u00e9cnico oficial. \u00a1solicite precio!","og_url":"https:\/\/neodal.es\/ca\/producte\/plegadora-grapadora-plockmatic-bm4050-2\/","og_site_name":"neodal","og_image":[{"width":500,"height":500,"url":"https:\/\/neodal.es\/wp-content\/uploads\/2023\/03\/2521-PLEGADORA-GRAPADORA-PLOCKMATIC-BM4050.jpg","type":"image\/jpeg"}],"twitter_card":"summary_large_image","schema":{"@context":"https:\/\/schema.org","@graph":[{"@type":"WebPage","@id":"https:\/\/neodal.es\/ca\/producte\/plegadora-grapadora-plockmatic-bm4050-2\/","url":"https:\/\/neodal.es\/ca\/producte\/plegadora-grapadora-plockmatic-bm4050-2\/","name":"PLEGADORA GRAPADORA PLOCKMATIC BM4050 (Importador & SAT Oficial)","isPartOf":{"@id":"https:\/\/neodal.es\/ca\/#website"},"primaryImageOfPage":{"@id":"https:\/\/neodal.es\/ca\/producte\/plegadora-grapadora-plockmatic-bm4050-2\/#primaryimage"},"image":{"@id":"https:\/\/neodal.es\/ca\/producte\/plegadora-grapadora-plockmatic-bm4050-2\/#primaryimage"},"thumbnailUrl":"https:\/\/neodal.es\/wp-content\/uploads\/2023\/03\/2521-PLEGADORA-GRAPADORA-PLOCKMATIC-BM4050.jpg","datePublished":"2023-03-14T12:38:51+00:00","description":"Plegadora Grapadora Plockmatic BM4050. Plegadora Grapadora para confecci\u00f3n de cuadernillos, manuales de uso... Servicio T\u00e9cnico oficial. \u00a1solicite precio!","breadcrumb":{"@id":"https:\/\/neodal.es\/ca\/producte\/plegadora-grapadora-plockmatic-bm4050-2\/#breadcrumb"},"inLanguage":"ca","potentialAction":[{"@type":"ReadAction","target":["https:\/\/neodal.es\/ca\/producte\/plegadora-grapadora-plockmatic-bm4050-2\/"]}]},{"@type":"ImageObject","inLanguage":"ca","@id":"https:\/\/neodal.es\/ca\/producte\/plegadora-grapadora-plockmatic-bm4050-2\/#primaryimage","url":"https:\/\/neodal.es\/wp-content\/uploads\/2023\/03\/2521-PLEGADORA-GRAPADORA-PLOCKMATIC-BM4050.jpg","contentUrl":"https:\/\/neodal.es\/wp-content\/uploads\/2023\/03\/2521-PLEGADORA-GRAPADORA-PLOCKMATIC-BM4050.jpg","width":500,"height":500,"caption":"PLEGADORA GRAPADORA PLOCKMATIC BM4050"},{"@type":"BreadcrumbList","@id":"https:\/\/neodal.es\/ca\/producte\/plegadora-grapadora-plockmatic-bm4050-2\/#breadcrumb","itemListElement":[{"@type":"ListItem","position":1,"name":"Portada","item":"https:\/\/neodal.es\/ca\/home\/"},{"@type":"ListItem","position":2,"name":"Productes","item":"https:\/\/neodal.es\/ca\/productes\/"},{"@type":"ListItem","position":3,"name":"PLEGADORA GRAPADORA PLOCKMATIC BM4050"}]},{"@type":"WebSite","@id":"https:\/\/neodal.es\/ca\/#website","url":"https:\/\/neodal.es\/ca\/","name":"neodal","description":"","potentialAction":[{"@type":"SearchAction","target":{"@type":"EntryPoint","urlTemplate":"https:\/\/neodal.es\/ca\/?s={search_term_string}"},"query-input":{"@type":"PropertyValueSpecification","valueRequired":true,"valueName":"search_term_string"}}],"inLanguage":"ca"}]}},"_links":{"self":[{"href":"https:\/\/neodal.es\/ca\/wp-json\/wp\/v2\/product\/6709","targetHints":{"allow":["GET"]}}],"collection":[{"href":"https:\/\/neodal.es\/ca\/wp-json\/wp\/v2\/product"}],"about":[{"href":"https:\/\/neodal.es\/ca\/wp-json\/wp\/v2\/types\/product"}],"version-history":[{"count":0,"href":"https:\/\/neodal.es\/ca\/wp-json\/wp\/v2\/product\/6709\/revisions"}],"wp:featuredmedia":[{"embeddable":true,"href":"https:\/\/neodal.es\/ca\/wp-json\/wp\/v2\/media\/6704"}],"wp:attachment":[{"href":"https:\/\/neodal.es\/ca\/wp-json\/wp\/v2\/media?parent=6709"}],"wp:term":[{"taxonomy":"product_brand","embeddable":true,"href":"https:\/\/neodal.es\/ca\/wp-json\/wp\/v2\/product_brand?post=6709"},{"taxonomy":"product_cat","embeddable":true,"href":"https:\/\/neodal.es\/ca\/wp-json\/wp\/v2\/product_cat?post=6709"},{"taxonomy":"product_tag","embeddable":true,"href":"https:\/\/neodal.es\/ca\/wp-json\/wp\/v2\/product_tag?post=6709"}],"curies":[{"name":"wp","href":"https:\/\/api.w.org\/{rel}","templated":true}]}}