{"id":6843,"date":"2024-12-03T09:51:04","date_gmt":"2024-12-03T09:51:04","guid":{"rendered":"http:\/\/neodal.local\/product\/guillotina-intimus-4606-ep-2\/"},"modified":"2024-12-03T09:51:04","modified_gmt":"2024-12-03T09:51:04","slug":"guillotina-intimus-4606-ep-2","status":"publish","type":"product","link":"https:\/\/neodal.es\/ca\/producte\/guillotina-intimus-4606-ep-2\/","title":{"rendered":"GUILLOTINA INTIMUS 4606 EP"},"content":{"rendered":"<h3>GUILLOTINA ELECTRICA INTIMUS 4606 EP<\/h3>\n<p>\u00b7 Corte seguro y preciso hasta 600 hojas (60mm altura)<\/p>\n<p>\u00b7 Ancho de corte de 460mm.<\/p>\n<p>\u00b7 Display t\u00e1ctil DIGITAL 7&#8243; (TOUCH SCREEN)<\/p>\n<p>\u00b7 Memorias de corte m\u00e1s habituales (A3, A4, A5 &#038; A6)<\/p>\n<p>\u00b7 R\u00e1pido, sencillo y preciso ajuste de las medidas de corte en cent\u00edmetros y pulgadas<\/p>\n<p>\u00b7 Luz de corte \u201cLED\u201d para f\u00e1cil visualizaci\u00f3n y precisi\u00f3n de la zona de corte.<\/p>\n<p>\u00b7 Pis\u00f3n de sujeci\u00f3n de papel autom\u00e1tico.<\/p>\n<p>\u00b7 F\u00e1cil cambio de la cuchilla desde la parte frontal del equipo.<\/p>\n<p>\u00b7 F\u00e1cil y seguro acceso, giro y cambio de cuadradillo desde el lateral del equipo.<\/p>\n<p>\u00b7 Cuchilla reafilable hecha de acero de alta calidad.<\/p>\n<p>\u00b7 R\u00e1pido, sencillo y preciso ajuste de las medidas de corte en cent\u00edmetros y pulgadas.<\/p>\n<p>\u00b7 Posibilidad de guardar en memoria hasta 99 programas \/ tareas.<\/p>\n<p>\u00b7 Recomendada para entornos de oficina, copister\u00edas, impresi\u00f3n digital, centros de fotograf\u00eda\u2026<\/p>\n<p>\u00b7 Peso: 114 Kg.<\/p>\n<p>\u00b7 Dimensiones: 1200 x 680 x 900 mm<\/p>\n<p>\u00a0\u00b7 Certificado CE.<\/p>\n","protected":false},"excerpt":{"rendered":"<h2>GUILLOTINA DE PAPEL EL\u00c9CTRICA INTIMUS 4606 EP<\/h2>\n<p>La Guillotina de papel INTIMUS 4606 EP es una maquina Robusta guillotina con mesa incluida para cortar hasta 600 hojas. El panel t\u00e1ctil de 7&#8243; permite controlar todo el equipo y seleccionar f\u00e1cilmente ajustes pre-programados. En la memoria se pueden almacenar hasta 99 programas individuales con 99 pasos en cada programa. La l\u00ednea de corte \u00f3ptica LED garantiza una f\u00e1cil alineaci\u00f3n de las marcas de corte para cortes precisos. Adecuada para un uso medio \u2013 alto en copister\u00edas, centros de impresi\u00f3n digital, artes gr\u00e1ficas, SS.GG. de oficinas&#8230;etc.<\/p>\n","protected":false},"featured_media":6840,"template":"","meta":{"_acf_changed":false},"product_brand":[],"product_cat":[1508,1426],"product_tag":[],"class_list":{"0":"post-6843","1":"product","2":"type-product","3":"status-publish","4":"has-post-thumbnail","6":"product_cat-guillotinas-de-papel-intimus-electricas-ca","7":"product_cat-guillotinas-de-paper","9":"first","10":"instock","11":"shipping-taxable","12":"product-type-simple"},"acf":[],"yoast_head":"<!-- This site is optimized with the Yoast SEO plugin v27.4 - https:\/\/yoast.com\/product\/yoast-seo-wordpress\/ -->\n<title>GUILLOTINA ELECTRICA INTIMUS 4540 EP - Automatica de papel<\/title>\n<meta name=\"description\" content=\"Guillotina INTIMUS 4540 EP. Guillotina Electrica programable de 450 mm ancho de corte. Cuchillas &amp; cuadradillos. Servicio t\u00e9cnico. \u00a1Solicite precio!\" \/>\n<meta name=\"robots\" content=\"index, follow, max-snippet:-1, max-image-preview:large, max-video-preview:-1\" \/>\n<link rel=\"canonical\" href=\"https:\/\/neodal.es\/ca\/producte\/guillotina-intimus-4606-ep-2\/\" \/>\n<meta property=\"og:locale\" content=\"ca_ES\" \/>\n<meta property=\"og:type\" content=\"article\" \/>\n<meta property=\"og:title\" content=\"GUILLOTINA ELECTRICA INTIMUS 4540 EP - Automatica de papel\" \/>\n<meta property=\"og:description\" content=\"Guillotina INTIMUS 4540 EP. Guillotina Electrica programable de 450 mm ancho de corte. Cuchillas &amp; cuadradillos. Servicio t\u00e9cnico. \u00a1Solicite precio!\" \/>\n<meta property=\"og:url\" content=\"https:\/\/neodal.es\/ca\/producte\/guillotina-intimus-4606-ep-2\/\" \/>\n<meta property=\"og:site_name\" content=\"neodal\" \/>\n<meta property=\"og:image\" content=\"https:\/\/neodal.es\/wp-content\/uploads\/2024\/12\/2665-Guillotina-intimus-4606-EP.jpg\" \/>\n\t<meta property=\"og:image:width\" content=\"500\" \/>\n\t<meta property=\"og:image:height\" content=\"500\" \/>\n\t<meta property=\"og:image:type\" content=\"image\/jpeg\" \/>\n<meta name=\"twitter:card\" content=\"summary_large_image\" \/>\n<meta name=\"twitter:label1\" content=\"Temps estimat de lectura\" \/>\n\t<meta name=\"twitter:data1\" content=\"1 minut\" \/>\n<script type=\"application\/ld+json\" class=\"yoast-schema-graph\">{\"@context\":\"https:\\\/\\\/schema.org\",\"@graph\":[{\"@type\":\"WebPage\",\"@id\":\"https:\\\/\\\/neodal.es\\\/ca\\\/producte\\\/guillotina-intimus-4606-ep-2\\\/\",\"url\":\"https:\\\/\\\/neodal.es\\\/ca\\\/producte\\\/guillotina-intimus-4606-ep-2\\\/\",\"name\":\"GUILLOTINA ELECTRICA INTIMUS 4540 EP - Automatica de papel\",\"isPartOf\":{\"@id\":\"https:\\\/\\\/neodal.es\\\/ca\\\/#website\"},\"primaryImageOfPage\":{\"@id\":\"https:\\\/\\\/neodal.es\\\/ca\\\/producte\\\/guillotina-intimus-4606-ep-2\\\/#primaryimage\"},\"image\":{\"@id\":\"https:\\\/\\\/neodal.es\\\/ca\\\/producte\\\/guillotina-intimus-4606-ep-2\\\/#primaryimage\"},\"thumbnailUrl\":\"https:\\\/\\\/neodal.es\\\/wp-content\\\/uploads\\\/2024\\\/12\\\/2665-Guillotina-intimus-4606-EP.jpg\",\"datePublished\":\"2024-12-03T09:51:04+00:00\",\"description\":\"Guillotina INTIMUS 4540 EP. Guillotina Electrica programable de 450 mm ancho de corte. Cuchillas & cuadradillos. Servicio t\u00e9cnico. \u00a1Solicite precio!\",\"breadcrumb\":{\"@id\":\"https:\\\/\\\/neodal.es\\\/ca\\\/producte\\\/guillotina-intimus-4606-ep-2\\\/#breadcrumb\"},\"inLanguage\":\"ca\",\"potentialAction\":[{\"@type\":\"ReadAction\",\"target\":[\"https:\\\/\\\/neodal.es\\\/ca\\\/producte\\\/guillotina-intimus-4606-ep-2\\\/\"]}]},{\"@type\":\"ImageObject\",\"inLanguage\":\"ca\",\"@id\":\"https:\\\/\\\/neodal.es\\\/ca\\\/producte\\\/guillotina-intimus-4606-ep-2\\\/#primaryimage\",\"url\":\"https:\\\/\\\/neodal.es\\\/wp-content\\\/uploads\\\/2024\\\/12\\\/2665-Guillotina-intimus-4606-EP.jpg\",\"contentUrl\":\"https:\\\/\\\/neodal.es\\\/wp-content\\\/uploads\\\/2024\\\/12\\\/2665-Guillotina-intimus-4606-EP.jpg\",\"width\":500,\"height\":500,\"caption\":\"Guillotina intimus 4606 EP\"},{\"@type\":\"BreadcrumbList\",\"@id\":\"https:\\\/\\\/neodal.es\\\/ca\\\/producte\\\/guillotina-intimus-4606-ep-2\\\/#breadcrumb\",\"itemListElement\":[{\"@type\":\"ListItem\",\"position\":1,\"name\":\"Portada\",\"item\":\"https:\\\/\\\/neodal.es\\\/ca\\\/home\\\/\"},{\"@type\":\"ListItem\",\"position\":2,\"name\":\"Productes\",\"item\":\"https:\\\/\\\/neodal.es\\\/ca\\\/productes\\\/\"},{\"@type\":\"ListItem\",\"position\":3,\"name\":\"GUILLOTINA INTIMUS 4606 EP\"}]},{\"@type\":\"WebSite\",\"@id\":\"https:\\\/\\\/neodal.es\\\/ca\\\/#website\",\"url\":\"https:\\\/\\\/neodal.es\\\/ca\\\/\",\"name\":\"neodal\",\"description\":\"\",\"potentialAction\":[{\"@type\":\"SearchAction\",\"target\":{\"@type\":\"EntryPoint\",\"urlTemplate\":\"https:\\\/\\\/neodal.es\\\/ca\\\/?s={search_term_string}\"},\"query-input\":{\"@type\":\"PropertyValueSpecification\",\"valueRequired\":true,\"valueName\":\"search_term_string\"}}],\"inLanguage\":\"ca\"}]}<\/script>\n<!-- \/ Yoast SEO plugin. -->","yoast_head_json":{"title":"GUILLOTINA ELECTRICA INTIMUS 4540 EP - Automatica de papel","description":"Guillotina INTIMUS 4540 EP. Guillotina Electrica programable de 450 mm ancho de corte. Cuchillas & cuadradillos. Servicio t\u00e9cnico. \u00a1Solicite precio!","robots":{"index":"index","follow":"follow","max-snippet":"max-snippet:-1","max-image-preview":"max-image-preview:large","max-video-preview":"max-video-preview:-1"},"canonical":"https:\/\/neodal.es\/ca\/producte\/guillotina-intimus-4606-ep-2\/","og_locale":"ca_ES","og_type":"article","og_title":"GUILLOTINA ELECTRICA INTIMUS 4540 EP - Automatica de papel","og_description":"Guillotina INTIMUS 4540 EP. Guillotina Electrica programable de 450 mm ancho de corte. Cuchillas & cuadradillos. Servicio t\u00e9cnico. \u00a1Solicite precio!","og_url":"https:\/\/neodal.es\/ca\/producte\/guillotina-intimus-4606-ep-2\/","og_site_name":"neodal","og_image":[{"width":500,"height":500,"url":"https:\/\/neodal.es\/wp-content\/uploads\/2024\/12\/2665-Guillotina-intimus-4606-EP.jpg","type":"image\/jpeg"}],"twitter_card":"summary_large_image","twitter_misc":{"Temps estimat de lectura":"1 minut"},"schema":{"@context":"https:\/\/schema.org","@graph":[{"@type":"WebPage","@id":"https:\/\/neodal.es\/ca\/producte\/guillotina-intimus-4606-ep-2\/","url":"https:\/\/neodal.es\/ca\/producte\/guillotina-intimus-4606-ep-2\/","name":"GUILLOTINA ELECTRICA INTIMUS 4540 EP - Automatica de papel","isPartOf":{"@id":"https:\/\/neodal.es\/ca\/#website"},"primaryImageOfPage":{"@id":"https:\/\/neodal.es\/ca\/producte\/guillotina-intimus-4606-ep-2\/#primaryimage"},"image":{"@id":"https:\/\/neodal.es\/ca\/producte\/guillotina-intimus-4606-ep-2\/#primaryimage"},"thumbnailUrl":"https:\/\/neodal.es\/wp-content\/uploads\/2024\/12\/2665-Guillotina-intimus-4606-EP.jpg","datePublished":"2024-12-03T09:51:04+00:00","description":"Guillotina INTIMUS 4540 EP. Guillotina Electrica programable de 450 mm ancho de corte. Cuchillas & cuadradillos. Servicio t\u00e9cnico. \u00a1Solicite precio!","breadcrumb":{"@id":"https:\/\/neodal.es\/ca\/producte\/guillotina-intimus-4606-ep-2\/#breadcrumb"},"inLanguage":"ca","potentialAction":[{"@type":"ReadAction","target":["https:\/\/neodal.es\/ca\/producte\/guillotina-intimus-4606-ep-2\/"]}]},{"@type":"ImageObject","inLanguage":"ca","@id":"https:\/\/neodal.es\/ca\/producte\/guillotina-intimus-4606-ep-2\/#primaryimage","url":"https:\/\/neodal.es\/wp-content\/uploads\/2024\/12\/2665-Guillotina-intimus-4606-EP.jpg","contentUrl":"https:\/\/neodal.es\/wp-content\/uploads\/2024\/12\/2665-Guillotina-intimus-4606-EP.jpg","width":500,"height":500,"caption":"Guillotina intimus 4606 EP"},{"@type":"BreadcrumbList","@id":"https:\/\/neodal.es\/ca\/producte\/guillotina-intimus-4606-ep-2\/#breadcrumb","itemListElement":[{"@type":"ListItem","position":1,"name":"Portada","item":"https:\/\/neodal.es\/ca\/home\/"},{"@type":"ListItem","position":2,"name":"Productes","item":"https:\/\/neodal.es\/ca\/productes\/"},{"@type":"ListItem","position":3,"name":"GUILLOTINA INTIMUS 4606 EP"}]},{"@type":"WebSite","@id":"https:\/\/neodal.es\/ca\/#website","url":"https:\/\/neodal.es\/ca\/","name":"neodal","description":"","potentialAction":[{"@type":"SearchAction","target":{"@type":"EntryPoint","urlTemplate":"https:\/\/neodal.es\/ca\/?s={search_term_string}"},"query-input":{"@type":"PropertyValueSpecification","valueRequired":true,"valueName":"search_term_string"}}],"inLanguage":"ca"}]}},"_links":{"self":[{"href":"https:\/\/neodal.es\/ca\/wp-json\/wp\/v2\/product\/6843","targetHints":{"allow":["GET"]}}],"collection":[{"href":"https:\/\/neodal.es\/ca\/wp-json\/wp\/v2\/product"}],"about":[{"href":"https:\/\/neodal.es\/ca\/wp-json\/wp\/v2\/types\/product"}],"version-history":[{"count":0,"href":"https:\/\/neodal.es\/ca\/wp-json\/wp\/v2\/product\/6843\/revisions"}],"wp:featuredmedia":[{"embeddable":true,"href":"https:\/\/neodal.es\/ca\/wp-json\/wp\/v2\/media\/6840"}],"wp:attachment":[{"href":"https:\/\/neodal.es\/ca\/wp-json\/wp\/v2\/media?parent=6843"}],"wp:term":[{"taxonomy":"product_brand","embeddable":true,"href":"https:\/\/neodal.es\/ca\/wp-json\/wp\/v2\/product_brand?post=6843"},{"taxonomy":"product_cat","embeddable":true,"href":"https:\/\/neodal.es\/ca\/wp-json\/wp\/v2\/product_cat?post=6843"},{"taxonomy":"product_tag","embeddable":true,"href":"https:\/\/neodal.es\/ca\/wp-json\/wp\/v2\/product_tag?post=6843"}],"curies":[{"name":"wp","href":"https:\/\/api.w.org\/{rel}","templated":true}]}}