{"id":6852,"date":"2025-04-08T12:57:35","date_gmt":"2025-04-08T12:57:35","guid":{"rendered":"http:\/\/neodal.local\/product\/destructora-de-oficina-intimus-85-cp4\/"},"modified":"2025-04-08T12:57:35","modified_gmt":"2025-04-08T12:57:35","slug":"destructora-de-oficina-intimus-85-cp4","status":"publish","type":"product","link":"https:\/\/neodal.es\/ca\/producte\/destructora-de-oficina-intimus-85-cp4\/","title":{"rendered":"DESTRUCTORA DE OFICINA INTIMUS 85 CP4"},"content":{"rendered":"<h2>DESTRUCTORA INTIMUS 85 CP4<\/h2>\n<p>\u00b7 Destructora de uso en despacho y oficina.<\/p>\n<p>\u00b7 Volumen del <strong>recipiente 85 litros.<\/strong><\/p>\n<p>\u00b7 Corte cruzado \u201cCC\u201d (3,8 x 30 mm)<\/p>\n<p>\u00b7\u00a0<strong>Nivel de seguridad P4.<\/strong><\/p>\n<p>\u00b7 Destrucci\u00f3n de hasta 15-17 hojas.<\/p>\n<p>\u00b7 Intuitivo panel de control <strong>\u201ci-CONTROL\u201d<\/strong><\/p>\n<p>\u00b7 Claros e intuitivos indicadores visuales para el uso del equipo.<\/p>\n<p>\u00b7 Fotoc\u00e9lula de inicio y paro autom\u00e1tico.<\/p>\n<p>\u00b7\u00a0<strong>Dispositivo \u201cDLS\u201d<\/strong> con indicadores luminosos de carga de papel.<\/p>\n<p>\u00b7 Funci\u00f3n de retroceso autom\u00e1tico para f\u00e1cil soluci\u00f3n de atasco.<\/p>\n<p>\u00b7 Admite papel, grapas, clips, <strong>tarjetas de cr\u00e9dito &#038; CD\u00b4s.<\/strong><\/p>\n<p>\u00b7 Doble contenedor residuos para CD\u00b4s &#038; tarjetas\u2026<\/p>\n<p>\u00b7 Indicador de dep\u00f3sito lleno.<\/p>\n<p>\u00b7 Contenedor de papel extra\u00edble.<\/p>\n<p>\u00b7 Dise\u00f1o exclusivo con mueble de madera y ruedas.<\/p>\n<p>\u00b7 Bajo nivel de ruido 55 db mediante sistema <strong>\u201cSILENTEC\u201d.<\/strong><\/p>\n<p>\u00b7 Ancho de trabajo 235 mm.<\/p>\n<p>\u00b7 Velocidad de destrucci\u00f3n 80 mm.\/Sg.<\/p>\n<p>\u00b7 Sistema <strong>ECO &#8211; \u201cECOLOGIC\u201d<\/strong> ahorro de energ\u00eda.<\/p>\n<p>\u00b7 Garant\u00eda cuchillas de corte: 30 a\u00f1os (2 a\u00f1os P7)<\/p>\n<p>\u00b7\u00a0<strong>Potente motor de 530 Kw.<\/strong><\/p>\n<p>\u00b7 Dimensiones (WxDxH) 45 x 39 x 99 cm.<\/p>\n<p>\u00b7 Peso: 32kg.<\/p>\n","protected":false},"excerpt":{"rendered":"<h2>DESTRUCTORA DE PAPEL PARA OFICINA\u00a0INTIMUS 85 CP4<\/h2>\n<p>La intimus 85 CP4 es una destructora de oficina discreta y altamente eficiente, dise\u00f1ada para satisfacer sus necesidades de eliminaci\u00f3n de documentos con facilidad. La destrucci\u00f3n de documentos directamente en la oficina permite la eliminaci\u00f3n inmediata de informaci\u00f3n confidencial, mejorando tanto la seguridad como el cumplimiento de la normativa de protecci\u00f3n de datos. Con un corte transversal preciso de 3,8 x 30 mm, procesa sin esfuerzo una gran variedad de materiales, incluidos documentos de papel con grapas y clips, tarjetas de cr\u00e9dito, CD y folios. Construida con ruedas para facilitar su movilidad, la intimus 85 CP4 puede desplazarse c\u00f3modamente por su espacio de trabajo. Esta soluci\u00f3n compacta que ahorra espacio mejora la eficiencia del flujo de trabajo y cuenta con una bolsa de residuos de 85 litros, lo que la hace perfecta para oficinas m\u00e1s grandes.<\/p>\n","protected":false},"featured_media":6848,"comment_status":"open","ping_status":"closed","template":"","meta":{"_acf_changed":false},"product_brand":[],"product_cat":[1530,1422],"product_tag":[],"class_list":{"0":"post-6852","1":"product","2":"type-product","3":"status-publish","4":"has-post-thumbnail","6":"product_cat-destructoras-de-oficina-ca","7":"product_cat-destructoras-de-paper","9":"first","10":"instock","11":"shipping-taxable","12":"product-type-simple"},"acf":[],"yoast_head":"<!-- This site is optimized with the Yoast SEO plugin v27.0 - https:\/\/yoast.com\/product\/yoast-seo-wordpress\/ -->\n<title>DESTRUCTORA DE OFICINA INTIMUS 85 CP4 - neodal<\/title>\n<meta name=\"robots\" content=\"index, follow, max-snippet:-1, max-image-preview:large, max-video-preview:-1\" \/>\n<link rel=\"canonical\" href=\"https:\/\/neodal.es\/ca\/producte\/destructora-de-oficina-intimus-85-cp4\/\" \/>\n<meta property=\"og:locale\" content=\"ca_ES\" \/>\n<meta property=\"og:type\" content=\"article\" \/>\n<meta property=\"og:title\" content=\"DESTRUCTORA DE OFICINA INTIMUS 85 CP4 - neodal\" \/>\n<meta property=\"og:description\" content=\"DESTRUCTORA DE PAPEL PARA OFICINA\u00a0INTIMUS 85 CP4 La intimus 85 CP4 es una destructora de oficina discreta y altamente eficiente, dise\u00f1ada para satisfacer sus necesidades de eliminaci\u00f3n de documentos con facilidad. La destrucci\u00f3n de documentos directamente en la oficina permite la eliminaci\u00f3n inmediata de informaci\u00f3n confidencial, mejorando tanto la seguridad como el cumplimiento de la normativa de protecci\u00f3n de datos. Con un corte transversal preciso de 3,8 x 30 mm, procesa sin esfuerzo una gran variedad de materiales, incluidos documentos de papel con grapas y clips, tarjetas de cr\u00e9dito, CD y folios. Construida con ruedas para facilitar su movilidad, la intimus 85 CP4 puede desplazarse c\u00f3modamente por su espacio de trabajo. Esta soluci\u00f3n compacta que ahorra espacio mejora la eficiencia del flujo de trabajo y cuenta con una bolsa de residuos de 85 litros, lo que la hace perfecta para oficinas m\u00e1s grandes.\" \/>\n<meta property=\"og:url\" content=\"https:\/\/neodal.es\/ca\/producte\/destructora-de-oficina-intimus-85-cp4\/\" \/>\n<meta property=\"og:site_name\" content=\"neodal\" \/>\n<meta property=\"og:image\" content=\"https:\/\/neodal.es\/wp-content\/uploads\/2025\/04\/2682-DESTRUCTORA-DE-OFICINA-INTIMUS-85-CP4.jpg\" \/>\n\t<meta property=\"og:image:width\" content=\"500\" \/>\n\t<meta property=\"og:image:height\" content=\"500\" \/>\n\t<meta property=\"og:image:type\" content=\"image\/jpeg\" \/>\n<meta name=\"twitter:card\" content=\"summary_large_image\" \/>\n<meta name=\"twitter:label1\" content=\"Temps estimat de lectura\" \/>\n\t<meta name=\"twitter:data1\" content=\"1 minut\" \/>\n<script type=\"application\/ld+json\" class=\"yoast-schema-graph\">{\"@context\":\"https:\/\/schema.org\",\"@graph\":[{\"@type\":\"WebPage\",\"@id\":\"https:\/\/neodal.es\/ca\/producte\/destructora-de-oficina-intimus-85-cp4\/\",\"url\":\"https:\/\/neodal.es\/ca\/producte\/destructora-de-oficina-intimus-85-cp4\/\",\"name\":\"DESTRUCTORA DE OFICINA INTIMUS 85 CP4 - neodal\",\"isPartOf\":{\"@id\":\"https:\/\/neodal.es\/ca\/#website\"},\"primaryImageOfPage\":{\"@id\":\"https:\/\/neodal.es\/ca\/producte\/destructora-de-oficina-intimus-85-cp4\/#primaryimage\"},\"image\":{\"@id\":\"https:\/\/neodal.es\/ca\/producte\/destructora-de-oficina-intimus-85-cp4\/#primaryimage\"},\"thumbnailUrl\":\"https:\/\/neodal.es\/wp-content\/uploads\/2025\/04\/2682-DESTRUCTORA-DE-OFICINA-INTIMUS-85-CP4.jpg\",\"datePublished\":\"2025-04-08T12:57:35+00:00\",\"breadcrumb\":{\"@id\":\"https:\/\/neodal.es\/ca\/producte\/destructora-de-oficina-intimus-85-cp4\/#breadcrumb\"},\"inLanguage\":\"ca\",\"potentialAction\":[{\"@type\":\"ReadAction\",\"target\":[\"https:\/\/neodal.es\/ca\/producte\/destructora-de-oficina-intimus-85-cp4\/\"]}]},{\"@type\":\"ImageObject\",\"inLanguage\":\"ca\",\"@id\":\"https:\/\/neodal.es\/ca\/producte\/destructora-de-oficina-intimus-85-cp4\/#primaryimage\",\"url\":\"https:\/\/neodal.es\/wp-content\/uploads\/2025\/04\/2682-DESTRUCTORA-DE-OFICINA-INTIMUS-85-CP4.jpg\",\"contentUrl\":\"https:\/\/neodal.es\/wp-content\/uploads\/2025\/04\/2682-DESTRUCTORA-DE-OFICINA-INTIMUS-85-CP4.jpg\",\"width\":500,\"height\":500,\"caption\":\"DESTRUCTORA DE OFICINA INTIMUS 85 CP4\"},{\"@type\":\"BreadcrumbList\",\"@id\":\"https:\/\/neodal.es\/ca\/producte\/destructora-de-oficina-intimus-85-cp4\/#breadcrumb\",\"itemListElement\":[{\"@type\":\"ListItem\",\"position\":1,\"name\":\"Portada\",\"item\":\"https:\/\/neodal.es\/ca\/home\/\"},{\"@type\":\"ListItem\",\"position\":2,\"name\":\"Productes\",\"item\":\"https:\/\/neodal.es\/ca\/productes\/\"},{\"@type\":\"ListItem\",\"position\":3,\"name\":\"DESTRUCTORA DE OFICINA INTIMUS 85 CP4\"}]},{\"@type\":\"WebSite\",\"@id\":\"https:\/\/neodal.es\/ca\/#website\",\"url\":\"https:\/\/neodal.es\/ca\/\",\"name\":\"neodal\",\"description\":\"\",\"potentialAction\":[{\"@type\":\"SearchAction\",\"target\":{\"@type\":\"EntryPoint\",\"urlTemplate\":\"https:\/\/neodal.es\/ca\/?s={search_term_string}\"},\"query-input\":{\"@type\":\"PropertyValueSpecification\",\"valueRequired\":true,\"valueName\":\"search_term_string\"}}],\"inLanguage\":\"ca\"}]}<\/script>\n<!-- \/ Yoast SEO plugin. -->","yoast_head_json":{"title":"DESTRUCTORA DE OFICINA INTIMUS 85 CP4 - neodal","robots":{"index":"index","follow":"follow","max-snippet":"max-snippet:-1","max-image-preview":"max-image-preview:large","max-video-preview":"max-video-preview:-1"},"canonical":"https:\/\/neodal.es\/ca\/producte\/destructora-de-oficina-intimus-85-cp4\/","og_locale":"ca_ES","og_type":"article","og_title":"DESTRUCTORA DE OFICINA INTIMUS 85 CP4 - neodal","og_description":"DESTRUCTORA DE PAPEL PARA OFICINA\u00a0INTIMUS 85 CP4 La intimus 85 CP4 es una destructora de oficina discreta y altamente eficiente, dise\u00f1ada para satisfacer sus necesidades de eliminaci\u00f3n de documentos con facilidad. La destrucci\u00f3n de documentos directamente en la oficina permite la eliminaci\u00f3n inmediata de informaci\u00f3n confidencial, mejorando tanto la seguridad como el cumplimiento de la normativa de protecci\u00f3n de datos. Con un corte transversal preciso de 3,8 x 30 mm, procesa sin esfuerzo una gran variedad de materiales, incluidos documentos de papel con grapas y clips, tarjetas de cr\u00e9dito, CD y folios. Construida con ruedas para facilitar su movilidad, la intimus 85 CP4 puede desplazarse c\u00f3modamente por su espacio de trabajo. Esta soluci\u00f3n compacta que ahorra espacio mejora la eficiencia del flujo de trabajo y cuenta con una bolsa de residuos de 85 litros, lo que la hace perfecta para oficinas m\u00e1s grandes.","og_url":"https:\/\/neodal.es\/ca\/producte\/destructora-de-oficina-intimus-85-cp4\/","og_site_name":"neodal","og_image":[{"width":500,"height":500,"url":"https:\/\/neodal.es\/wp-content\/uploads\/2025\/04\/2682-DESTRUCTORA-DE-OFICINA-INTIMUS-85-CP4.jpg","type":"image\/jpeg"}],"twitter_card":"summary_large_image","twitter_misc":{"Temps estimat de lectura":"1 minut"},"schema":{"@context":"https:\/\/schema.org","@graph":[{"@type":"WebPage","@id":"https:\/\/neodal.es\/ca\/producte\/destructora-de-oficina-intimus-85-cp4\/","url":"https:\/\/neodal.es\/ca\/producte\/destructora-de-oficina-intimus-85-cp4\/","name":"DESTRUCTORA DE OFICINA INTIMUS 85 CP4 - neodal","isPartOf":{"@id":"https:\/\/neodal.es\/ca\/#website"},"primaryImageOfPage":{"@id":"https:\/\/neodal.es\/ca\/producte\/destructora-de-oficina-intimus-85-cp4\/#primaryimage"},"image":{"@id":"https:\/\/neodal.es\/ca\/producte\/destructora-de-oficina-intimus-85-cp4\/#primaryimage"},"thumbnailUrl":"https:\/\/neodal.es\/wp-content\/uploads\/2025\/04\/2682-DESTRUCTORA-DE-OFICINA-INTIMUS-85-CP4.jpg","datePublished":"2025-04-08T12:57:35+00:00","breadcrumb":{"@id":"https:\/\/neodal.es\/ca\/producte\/destructora-de-oficina-intimus-85-cp4\/#breadcrumb"},"inLanguage":"ca","potentialAction":[{"@type":"ReadAction","target":["https:\/\/neodal.es\/ca\/producte\/destructora-de-oficina-intimus-85-cp4\/"]}]},{"@type":"ImageObject","inLanguage":"ca","@id":"https:\/\/neodal.es\/ca\/producte\/destructora-de-oficina-intimus-85-cp4\/#primaryimage","url":"https:\/\/neodal.es\/wp-content\/uploads\/2025\/04\/2682-DESTRUCTORA-DE-OFICINA-INTIMUS-85-CP4.jpg","contentUrl":"https:\/\/neodal.es\/wp-content\/uploads\/2025\/04\/2682-DESTRUCTORA-DE-OFICINA-INTIMUS-85-CP4.jpg","width":500,"height":500,"caption":"DESTRUCTORA DE OFICINA INTIMUS 85 CP4"},{"@type":"BreadcrumbList","@id":"https:\/\/neodal.es\/ca\/producte\/destructora-de-oficina-intimus-85-cp4\/#breadcrumb","itemListElement":[{"@type":"ListItem","position":1,"name":"Portada","item":"https:\/\/neodal.es\/ca\/home\/"},{"@type":"ListItem","position":2,"name":"Productes","item":"https:\/\/neodal.es\/ca\/productes\/"},{"@type":"ListItem","position":3,"name":"DESTRUCTORA DE OFICINA INTIMUS 85 CP4"}]},{"@type":"WebSite","@id":"https:\/\/neodal.es\/ca\/#website","url":"https:\/\/neodal.es\/ca\/","name":"neodal","description":"","potentialAction":[{"@type":"SearchAction","target":{"@type":"EntryPoint","urlTemplate":"https:\/\/neodal.es\/ca\/?s={search_term_string}"},"query-input":{"@type":"PropertyValueSpecification","valueRequired":true,"valueName":"search_term_string"}}],"inLanguage":"ca"}]}},"_links":{"self":[{"href":"https:\/\/neodal.es\/ca\/wp-json\/wp\/v2\/product\/6852","targetHints":{"allow":["GET"]}}],"collection":[{"href":"https:\/\/neodal.es\/ca\/wp-json\/wp\/v2\/product"}],"about":[{"href":"https:\/\/neodal.es\/ca\/wp-json\/wp\/v2\/types\/product"}],"replies":[{"embeddable":true,"href":"https:\/\/neodal.es\/ca\/wp-json\/wp\/v2\/comments?post=6852"}],"version-history":[{"count":0,"href":"https:\/\/neodal.es\/ca\/wp-json\/wp\/v2\/product\/6852\/revisions"}],"wp:featuredmedia":[{"embeddable":true,"href":"https:\/\/neodal.es\/ca\/wp-json\/wp\/v2\/media\/6848"}],"wp:attachment":[{"href":"https:\/\/neodal.es\/ca\/wp-json\/wp\/v2\/media?parent=6852"}],"wp:term":[{"taxonomy":"product_brand","embeddable":true,"href":"https:\/\/neodal.es\/ca\/wp-json\/wp\/v2\/product_brand?post=6852"},{"taxonomy":"product_cat","embeddable":true,"href":"https:\/\/neodal.es\/ca\/wp-json\/wp\/v2\/product_cat?post=6852"},{"taxonomy":"product_tag","embeddable":true,"href":"https:\/\/neodal.es\/ca\/wp-json\/wp\/v2\/product_tag?post=6852"}],"curies":[{"name":"wp","href":"https:\/\/api.w.org\/{rel}","templated":true}]}}