{"id":6858,"date":"2025-11-27T11:33:43","date_gmt":"2025-11-27T11:33:43","guid":{"rendered":"http:\/\/neodal.local\/product\/g-cup-e-2724\/"},"modified":"2026-03-06T08:53:07","modified_gmt":"2026-03-06T08:53:07","slug":"g-cup-e-2724","status":"publish","type":"product","link":"https:\/\/neodal.es\/ca\/producte\/g-cup-e-2724\/","title":{"rendered":"G\u00ae-CUP E 2724"},"content":{"rendered":"<ul>\n<li>N\u00famero de model: E 2724<\/li>\n<li>Disposici\u00f3 de rodes: B<\/li>\n<li>Dimensions interiors: 1130 x 520 x 1430<\/li>\n<li>Dimensions exteriors: 1220 x 610 x 1806<\/li>\n<li>Volum (aprox. l): 840<\/li>\n<li>Nombre de compartiments: 3<\/li>\n<li>Al\u00e7ada del compartiment (aprox. mm): 460<\/li>\n<li>Di\u00e0metre de la roda (mm): 200<\/li>\n<li>Capacitat de c\u00e0rrega (aprox. kg): 300<\/li>\n<li>Pes (aprox. kg): 75,5<\/li>\n<\/ul>\n","protected":false},"excerpt":{"rendered":"<p>El\u00a0<strong>G\u00ae-CUP E 2724<\/strong>\u00a0garanteix un rendiment i una versatilitat m\u00e0xims en qualsevol tasca gr\u00e0cies al seu\u00a0<strong>disseny robust i funcional<\/strong>. Aquest armari carret\u00f3 tot terreny \u00e9s ideal per a m\u00faltiples aplicacions en hospitals i resid\u00e8ncies, la qual cosa el fa perfecte per al transport i l\u2019emmagatzematge de roba neta, roba bruta, aliments i equips esterilitzats. Tamb\u00e9 ofereix una\u00a0<strong>soluci\u00f3 fiable<\/strong>\u00a0com a carret\u00f3 quir\u00fargic, carret\u00f3 d\u2019eines o suport m\u00f2bil en escoles i espais p\u00fablics. La seva\u00a0<strong>estructura estable<\/strong>\u00a0i les seves\u00a0<strong>rodes silencioses<\/strong>\u00a0proporcionen una mobilitat \u00f2ptima, mentre que la seva\u00a0<strong>construcci\u00f3 resistent<\/strong>\u00a0li permet suportar un \u00fas intensiu en entorns exigents com ara teatres, \u00f2peres, cinemes i espectacles.<\/p>\n","protected":false},"featured_media":8807,"template":"","meta":{"_acf_changed":false},"product_brand":[],"product_cat":[1516,1474],"product_tag":[],"class_list":{"0":"post-6858","1":"product","2":"type-product","3":"status-publish","4":"has-post-thumbnail","6":"product_cat-carros-armario-ca","7":"product_cat-soluciones-logisticas-de-aluminio-ca","9":"first","10":"instock","11":"shipping-taxable","12":"product-type-simple"},"acf":[],"yoast_head":"<!-- This site is optimized with the Yoast SEO plugin v27.4 - https:\/\/yoast.com\/product\/yoast-seo-wordpress\/ -->\n<title>G\u00ae-CUP E 2724 - neodal<\/title>\n<meta name=\"robots\" content=\"index, follow, max-snippet:-1, max-image-preview:large, max-video-preview:-1\" \/>\n<link rel=\"canonical\" href=\"https:\/\/neodal.es\/ca\/producte\/g-cup-e-2724\/\" \/>\n<meta property=\"og:locale\" content=\"ca_ES\" \/>\n<meta property=\"og:type\" content=\"article\" \/>\n<meta property=\"og:title\" content=\"G\u00ae-CUP E 2724 - neodal\" \/>\n<meta property=\"og:description\" content=\"El\u00a0G\u00ae-CUP E 2724\u00a0garanteix un rendiment i una versatilitat m\u00e0xims en qualsevol tasca gr\u00e0cies al seu\u00a0disseny robust i funcional. Aquest armari carret\u00f3 tot terreny \u00e9s ideal per a m\u00faltiples aplicacions en hospitals i resid\u00e8ncies, la qual cosa el fa perfecte per al transport i l\u2019emmagatzematge de roba neta, roba bruta, aliments i equips esterilitzats. Tamb\u00e9 ofereix una\u00a0soluci\u00f3 fiable\u00a0com a carret\u00f3 quir\u00fargic, carret\u00f3 d\u2019eines o suport m\u00f2bil en escoles i espais p\u00fablics. La seva\u00a0estructura estable\u00a0i les seves\u00a0rodes silencioses\u00a0proporcionen una mobilitat \u00f2ptima, mentre que la seva\u00a0construcci\u00f3 resistent\u00a0li permet suportar un \u00fas intensiu en entorns exigents com ara teatres, \u00f2peres, cinemes i espectacles.\" \/>\n<meta property=\"og:url\" content=\"https:\/\/neodal.es\/ca\/producte\/g-cup-e-2724\/\" \/>\n<meta property=\"og:site_name\" content=\"neodal\" \/>\n<meta property=\"article:modified_time\" content=\"2026-03-06T08:53:07+00:00\" \/>\n<meta property=\"og:image\" content=\"https:\/\/neodal.es\/wp-content\/uploads\/2025\/11\/2815-GR-CUP-E-2724-CARRO-ARMARIO.jpg\" \/>\n\t<meta property=\"og:image:width\" content=\"800\" \/>\n\t<meta property=\"og:image:height\" content=\"600\" \/>\n\t<meta property=\"og:image:type\" content=\"image\/jpeg\" \/>\n<meta name=\"twitter:card\" content=\"summary_large_image\" \/>\n<meta name=\"twitter:label1\" content=\"Temps estimat de lectura\" \/>\n\t<meta name=\"twitter:data1\" content=\"1 minut\" \/>\n<script type=\"application\/ld+json\" class=\"yoast-schema-graph\">{\"@context\":\"https:\\\/\\\/schema.org\",\"@graph\":[{\"@type\":\"WebPage\",\"@id\":\"https:\\\/\\\/neodal.es\\\/ca\\\/producte\\\/g-cup-e-2724\\\/\",\"url\":\"https:\\\/\\\/neodal.es\\\/ca\\\/producte\\\/g-cup-e-2724\\\/\",\"name\":\"G\u00ae-CUP E 2724 - neodal\",\"isPartOf\":{\"@id\":\"https:\\\/\\\/neodal.es\\\/ca\\\/#website\"},\"primaryImageOfPage\":{\"@id\":\"https:\\\/\\\/neodal.es\\\/ca\\\/producte\\\/g-cup-e-2724\\\/#primaryimage\"},\"image\":{\"@id\":\"https:\\\/\\\/neodal.es\\\/ca\\\/producte\\\/g-cup-e-2724\\\/#primaryimage\"},\"thumbnailUrl\":\"https:\\\/\\\/neodal.es\\\/wp-content\\\/uploads\\\/2025\\\/11\\\/2815-GR-CUP-E-2724-CARRO-ARMARIO.jpg\",\"datePublished\":\"2025-11-27T11:33:43+00:00\",\"dateModified\":\"2026-03-06T08:53:07+00:00\",\"breadcrumb\":{\"@id\":\"https:\\\/\\\/neodal.es\\\/ca\\\/producte\\\/g-cup-e-2724\\\/#breadcrumb\"},\"inLanguage\":\"ca\",\"potentialAction\":[{\"@type\":\"ReadAction\",\"target\":[\"https:\\\/\\\/neodal.es\\\/ca\\\/producte\\\/g-cup-e-2724\\\/\"]}]},{\"@type\":\"ImageObject\",\"inLanguage\":\"ca\",\"@id\":\"https:\\\/\\\/neodal.es\\\/ca\\\/producte\\\/g-cup-e-2724\\\/#primaryimage\",\"url\":\"https:\\\/\\\/neodal.es\\\/wp-content\\\/uploads\\\/2025\\\/11\\\/2815-GR-CUP-E-2724-CARRO-ARMARIO.jpg\",\"contentUrl\":\"https:\\\/\\\/neodal.es\\\/wp-content\\\/uploads\\\/2025\\\/11\\\/2815-GR-CUP-E-2724-CARRO-ARMARIO.jpg\",\"width\":800,\"height\":600,\"caption\":\"G\u00ae-CUP E 2724 CARRO ARMARIO\"},{\"@type\":\"BreadcrumbList\",\"@id\":\"https:\\\/\\\/neodal.es\\\/ca\\\/producte\\\/g-cup-e-2724\\\/#breadcrumb\",\"itemListElement\":[{\"@type\":\"ListItem\",\"position\":1,\"name\":\"Portada\",\"item\":\"https:\\\/\\\/neodal.es\\\/ca\\\/home\\\/\"},{\"@type\":\"ListItem\",\"position\":2,\"name\":\"Productes\",\"item\":\"https:\\\/\\\/neodal.es\\\/ca\\\/productes\\\/\"},{\"@type\":\"ListItem\",\"position\":3,\"name\":\"G\u00ae-CUP E 2724\"}]},{\"@type\":\"WebSite\",\"@id\":\"https:\\\/\\\/neodal.es\\\/ca\\\/#website\",\"url\":\"https:\\\/\\\/neodal.es\\\/ca\\\/\",\"name\":\"neodal\",\"description\":\"\",\"potentialAction\":[{\"@type\":\"SearchAction\",\"target\":{\"@type\":\"EntryPoint\",\"urlTemplate\":\"https:\\\/\\\/neodal.es\\\/ca\\\/?s={search_term_string}\"},\"query-input\":{\"@type\":\"PropertyValueSpecification\",\"valueRequired\":true,\"valueName\":\"search_term_string\"}}],\"inLanguage\":\"ca\"}]}<\/script>\n<!-- \/ Yoast SEO plugin. -->","yoast_head_json":{"title":"G\u00ae-CUP E 2724 - neodal","robots":{"index":"index","follow":"follow","max-snippet":"max-snippet:-1","max-image-preview":"max-image-preview:large","max-video-preview":"max-video-preview:-1"},"canonical":"https:\/\/neodal.es\/ca\/producte\/g-cup-e-2724\/","og_locale":"ca_ES","og_type":"article","og_title":"G\u00ae-CUP E 2724 - neodal","og_description":"El\u00a0G\u00ae-CUP E 2724\u00a0garanteix un rendiment i una versatilitat m\u00e0xims en qualsevol tasca gr\u00e0cies al seu\u00a0disseny robust i funcional. Aquest armari carret\u00f3 tot terreny \u00e9s ideal per a m\u00faltiples aplicacions en hospitals i resid\u00e8ncies, la qual cosa el fa perfecte per al transport i l\u2019emmagatzematge de roba neta, roba bruta, aliments i equips esterilitzats. Tamb\u00e9 ofereix una\u00a0soluci\u00f3 fiable\u00a0com a carret\u00f3 quir\u00fargic, carret\u00f3 d\u2019eines o suport m\u00f2bil en escoles i espais p\u00fablics. La seva\u00a0estructura estable\u00a0i les seves\u00a0rodes silencioses\u00a0proporcionen una mobilitat \u00f2ptima, mentre que la seva\u00a0construcci\u00f3 resistent\u00a0li permet suportar un \u00fas intensiu en entorns exigents com ara teatres, \u00f2peres, cinemes i espectacles.","og_url":"https:\/\/neodal.es\/ca\/producte\/g-cup-e-2724\/","og_site_name":"neodal","article_modified_time":"2026-03-06T08:53:07+00:00","og_image":[{"width":800,"height":600,"url":"https:\/\/neodal.es\/wp-content\/uploads\/2025\/11\/2815-GR-CUP-E-2724-CARRO-ARMARIO.jpg","type":"image\/jpeg"}],"twitter_card":"summary_large_image","twitter_misc":{"Temps estimat de lectura":"1 minut"},"schema":{"@context":"https:\/\/schema.org","@graph":[{"@type":"WebPage","@id":"https:\/\/neodal.es\/ca\/producte\/g-cup-e-2724\/","url":"https:\/\/neodal.es\/ca\/producte\/g-cup-e-2724\/","name":"G\u00ae-CUP E 2724 - neodal","isPartOf":{"@id":"https:\/\/neodal.es\/ca\/#website"},"primaryImageOfPage":{"@id":"https:\/\/neodal.es\/ca\/producte\/g-cup-e-2724\/#primaryimage"},"image":{"@id":"https:\/\/neodal.es\/ca\/producte\/g-cup-e-2724\/#primaryimage"},"thumbnailUrl":"https:\/\/neodal.es\/wp-content\/uploads\/2025\/11\/2815-GR-CUP-E-2724-CARRO-ARMARIO.jpg","datePublished":"2025-11-27T11:33:43+00:00","dateModified":"2026-03-06T08:53:07+00:00","breadcrumb":{"@id":"https:\/\/neodal.es\/ca\/producte\/g-cup-e-2724\/#breadcrumb"},"inLanguage":"ca","potentialAction":[{"@type":"ReadAction","target":["https:\/\/neodal.es\/ca\/producte\/g-cup-e-2724\/"]}]},{"@type":"ImageObject","inLanguage":"ca","@id":"https:\/\/neodal.es\/ca\/producte\/g-cup-e-2724\/#primaryimage","url":"https:\/\/neodal.es\/wp-content\/uploads\/2025\/11\/2815-GR-CUP-E-2724-CARRO-ARMARIO.jpg","contentUrl":"https:\/\/neodal.es\/wp-content\/uploads\/2025\/11\/2815-GR-CUP-E-2724-CARRO-ARMARIO.jpg","width":800,"height":600,"caption":"G\u00ae-CUP E 2724 CARRO ARMARIO"},{"@type":"BreadcrumbList","@id":"https:\/\/neodal.es\/ca\/producte\/g-cup-e-2724\/#breadcrumb","itemListElement":[{"@type":"ListItem","position":1,"name":"Portada","item":"https:\/\/neodal.es\/ca\/home\/"},{"@type":"ListItem","position":2,"name":"Productes","item":"https:\/\/neodal.es\/ca\/productes\/"},{"@type":"ListItem","position":3,"name":"G\u00ae-CUP E 2724"}]},{"@type":"WebSite","@id":"https:\/\/neodal.es\/ca\/#website","url":"https:\/\/neodal.es\/ca\/","name":"neodal","description":"","potentialAction":[{"@type":"SearchAction","target":{"@type":"EntryPoint","urlTemplate":"https:\/\/neodal.es\/ca\/?s={search_term_string}"},"query-input":{"@type":"PropertyValueSpecification","valueRequired":true,"valueName":"search_term_string"}}],"inLanguage":"ca"}]}},"_links":{"self":[{"href":"https:\/\/neodal.es\/ca\/wp-json\/wp\/v2\/product\/6858","targetHints":{"allow":["GET"]}}],"collection":[{"href":"https:\/\/neodal.es\/ca\/wp-json\/wp\/v2\/product"}],"about":[{"href":"https:\/\/neodal.es\/ca\/wp-json\/wp\/v2\/types\/product"}],"version-history":[{"count":1,"href":"https:\/\/neodal.es\/ca\/wp-json\/wp\/v2\/product\/6858\/revisions"}],"predecessor-version":[{"id":8810,"href":"https:\/\/neodal.es\/ca\/wp-json\/wp\/v2\/product\/6858\/revisions\/8810"}],"wp:featuredmedia":[{"embeddable":true,"href":"https:\/\/neodal.es\/ca\/wp-json\/wp\/v2\/media\/8807"}],"wp:attachment":[{"href":"https:\/\/neodal.es\/ca\/wp-json\/wp\/v2\/media?parent=6858"}],"wp:term":[{"taxonomy":"product_brand","embeddable":true,"href":"https:\/\/neodal.es\/ca\/wp-json\/wp\/v2\/product_brand?post=6858"},{"taxonomy":"product_cat","embeddable":true,"href":"https:\/\/neodal.es\/ca\/wp-json\/wp\/v2\/product_cat?post=6858"},{"taxonomy":"product_tag","embeddable":true,"href":"https:\/\/neodal.es\/ca\/wp-json\/wp\/v2\/product_tag?post=6858"}],"curies":[{"name":"wp","href":"https:\/\/api.w.org\/{rel}","templated":true}]}}