{"id":6921,"date":"2025-12-01T12:16:23","date_gmt":"2025-12-01T12:16:23","guid":{"rendered":"http:\/\/neodal.local\/product\/copy-of-g-cup-e-2724\/"},"modified":"2026-03-31T09:39:54","modified_gmt":"2026-03-31T09:39:54","slug":"g-docu-d-100980-contenedor-de-documentos-confidenciales","status":"publish","type":"product","link":"https:\/\/neodal.es\/ca\/producte\/g-docu-d-100980-contenedor-de-documentos-confidenciales\/","title":{"rendered":"G\u00ae-DOCU D 1009\/80"},"content":{"rendered":"<ul>\n<li>Dimensions interiors: 400 x 350 x 575<\/li>\n<li>Dimensions externes: 435 x 385 x 650<\/li>\n<li>Volum (aprox. l): 80<\/li>\n<li>Roda-\u00d8 (mm): 50<\/li>\n<li>Capacitat de c\u00e0rrega (aproximadament. kg): 50<\/li>\n<li>Pes (aprox. kg): 6,5<\/li>\n<li>Coberta amb ranura d&#8217;inserci\u00f3<\/li>\n<li>Dimensi\u00f3 d&#8217;inserci\u00f3 (aprox. mm): 11<\/li>\n<li>Panys de cilindre: 1<\/li>\n<\/ul>\n","protected":false},"excerpt":{"rendered":"<p data-start=\"0\" data-end=\"323\">El contenidor d&#8217;alumini<strong> G\u00ae-DOCU D 1009\/80<\/strong> est\u00e0 dissenyat per a la recollida i eliminaci\u00f3 segures de documents confidencials en entorns professionals. Fabricat amb alumini resistent, compta amb una estructura refor\u00e7ada i una superf\u00edcie llisa que garanteix la durabilitat i la facilitat de neteja, fins i tot amb un \u00fas intensiu.<\/p>\n<p data-start=\"325\" data-end=\"674\" data-is-last-node=\"\" data-is-only-node=\"\">Disposa d&#8217;una tapa amb ranura protegida que impedeix l&#8217;acc\u00e9s no autoritzat, el bloqueig i les nanses laterals per a una manipulaci\u00f3 c\u00f2moda. A m\u00e9s, incorpora rodes girat\u00f2ries que faciliten la seva mobilitat, juntament amb opcions de personalitzaci\u00f3 en sistemes de bloqueig, assegurant el compliment de normatives com el GDPR en la gesti\u00f3 d&#8217;informaci\u00f3 sensible.<\/p>\n","protected":false},"featured_media":9163,"comment_status":"open","ping_status":"closed","template":"","meta":{"_acf_changed":false},"product_brand":[],"product_cat":[1494],"product_tag":[],"class_list":{"0":"post-6921","1":"product","2":"type-product","3":"status-publish","4":"has-post-thumbnail","6":"product_cat-contenedor-de-documentos-confidenciales-ca","8":"first","9":"instock","10":"shipping-taxable","11":"product-type-simple"},"acf":[],"yoast_head":"<!-- This site is optimized with the Yoast SEO plugin v27.0 - https:\/\/yoast.com\/product\/yoast-seo-wordpress\/ -->\n<title>Contenidor de documents confidencials G\u00ae-DOCU D 1009\/80<\/title>\n<meta name=\"description\" content=\"Contenidor d&#039;alumini G\u00ae-DOCU D 1009\/80. Compacte, durador i amb un pany de seguretat, ideal per complir amb el GDPR a les oficines.\" \/>\n<meta name=\"robots\" content=\"index, follow, max-snippet:-1, max-image-preview:large, max-video-preview:-1\" \/>\n<link rel=\"canonical\" href=\"https:\/\/neodal.es\/ca\/producte\/g-docu-d-100980-contenedor-de-documentos-confidenciales\/\" \/>\n<meta property=\"og:locale\" content=\"ca_ES\" \/>\n<meta property=\"og:type\" content=\"article\" \/>\n<meta property=\"og:title\" content=\"Contenidor de documents confidencials G\u00ae-DOCU D 1009\/80\" \/>\n<meta property=\"og:description\" content=\"Contenidor d&#039;alumini G\u00ae-DOCU D 1009\/80. Compacte, durador i amb un pany de seguretat, ideal per complir amb el GDPR a les oficines.\" \/>\n<meta property=\"og:url\" content=\"https:\/\/neodal.es\/ca\/producte\/g-docu-d-100980-contenedor-de-documentos-confidenciales\/\" \/>\n<meta property=\"og:site_name\" content=\"neodal\" \/>\n<meta property=\"article:modified_time\" content=\"2026-03-31T09:39:54+00:00\" \/>\n<meta property=\"og:image\" content=\"https:\/\/neodal.es\/wp-content\/uploads\/2025\/12\/2770-GR-DOCU-D-100980-CONTENEDOR-DE-DOCUMENTOS-CONFIDENCIALES.jpg\" \/>\n\t<meta property=\"og:image:width\" content=\"800\" \/>\n\t<meta property=\"og:image:height\" content=\"600\" \/>\n\t<meta property=\"og:image:type\" content=\"image\/jpeg\" \/>\n<meta name=\"twitter:card\" content=\"summary_large_image\" \/>\n<meta name=\"twitter:label1\" content=\"Temps estimat de lectura\" \/>\n\t<meta name=\"twitter:data1\" content=\"1 minut\" \/>\n<script type=\"application\/ld+json\" class=\"yoast-schema-graph\">{\"@context\":\"https:\/\/schema.org\",\"@graph\":[{\"@type\":\"WebPage\",\"@id\":\"https:\/\/neodal.es\/ca\/producte\/g-docu-d-100980-contenedor-de-documentos-confidenciales\/\",\"url\":\"https:\/\/neodal.es\/ca\/producte\/g-docu-d-100980-contenedor-de-documentos-confidenciales\/\",\"name\":\"Contenidor de documents confidencials G\u00ae-DOCU D 1009\/80\",\"isPartOf\":{\"@id\":\"https:\/\/neodal.es\/ca\/#website\"},\"primaryImageOfPage\":{\"@id\":\"https:\/\/neodal.es\/ca\/producte\/g-docu-d-100980-contenedor-de-documentos-confidenciales\/#primaryimage\"},\"image\":{\"@id\":\"https:\/\/neodal.es\/ca\/producte\/g-docu-d-100980-contenedor-de-documentos-confidenciales\/#primaryimage\"},\"thumbnailUrl\":\"https:\/\/neodal.es\/wp-content\/uploads\/2025\/12\/2770-GR-DOCU-D-100980-CONTENEDOR-DE-DOCUMENTOS-CONFIDENCIALES.jpg\",\"datePublished\":\"2025-12-01T12:16:23+00:00\",\"dateModified\":\"2026-03-31T09:39:54+00:00\",\"description\":\"Contenidor d'alumini G\u00ae-DOCU D 1009\/80. Compacte, durador i amb un pany de seguretat, ideal per complir amb el GDPR a les oficines.\",\"breadcrumb\":{\"@id\":\"https:\/\/neodal.es\/ca\/producte\/g-docu-d-100980-contenedor-de-documentos-confidenciales\/#breadcrumb\"},\"inLanguage\":\"ca\",\"potentialAction\":[{\"@type\":\"ReadAction\",\"target\":[\"https:\/\/neodal.es\/ca\/producte\/g-docu-d-100980-contenedor-de-documentos-confidenciales\/\"]}]},{\"@type\":\"ImageObject\",\"inLanguage\":\"ca\",\"@id\":\"https:\/\/neodal.es\/ca\/producte\/g-docu-d-100980-contenedor-de-documentos-confidenciales\/#primaryimage\",\"url\":\"https:\/\/neodal.es\/wp-content\/uploads\/2025\/12\/2770-GR-DOCU-D-100980-CONTENEDOR-DE-DOCUMENTOS-CONFIDENCIALES.jpg\",\"contentUrl\":\"https:\/\/neodal.es\/wp-content\/uploads\/2025\/12\/2770-GR-DOCU-D-100980-CONTENEDOR-DE-DOCUMENTOS-CONFIDENCIALES.jpg\",\"width\":800,\"height\":600,\"caption\":\"G\u00ae-DOCU D 1009\/80 CONTENIDOR DE DOCUMENTS CONFIDENCIALS\"},{\"@type\":\"BreadcrumbList\",\"@id\":\"https:\/\/neodal.es\/ca\/producte\/g-docu-d-100980-contenedor-de-documentos-confidenciales\/#breadcrumb\",\"itemListElement\":[{\"@type\":\"ListItem\",\"position\":1,\"name\":\"Portada\",\"item\":\"https:\/\/neodal.es\/ca\/home\/\"},{\"@type\":\"ListItem\",\"position\":2,\"name\":\"Productes\",\"item\":\"https:\/\/neodal.es\/ca\/productes\/\"},{\"@type\":\"ListItem\",\"position\":3,\"name\":\"G\u00ae-DOCU D 1009\/80\"}]},{\"@type\":\"WebSite\",\"@id\":\"https:\/\/neodal.es\/ca\/#website\",\"url\":\"https:\/\/neodal.es\/ca\/\",\"name\":\"neodal\",\"description\":\"\",\"publisher\":{\"@id\":\"https:\/\/neodal.es\/ca\/#organization\"},\"potentialAction\":[{\"@type\":\"SearchAction\",\"target\":{\"@type\":\"EntryPoint\",\"urlTemplate\":\"https:\/\/neodal.es\/ca\/?s={search_term_string}\"},\"query-input\":{\"@type\":\"PropertyValueSpecification\",\"valueRequired\":true,\"valueName\":\"search_term_string\"}}],\"inLanguage\":\"ca\"},{\"@type\":\"Organization\",\"@id\":\"https:\/\/neodal.es\/ca\/#organization\",\"name\":\"neodal\",\"url\":\"https:\/\/neodal.es\/ca\/\",\"logo\":{\"@type\":\"ImageObject\",\"inLanguage\":\"ca\",\"@id\":\"https:\/\/neodal.es\/ca\/#\/schema\/logo\/image\/\",\"url\":\"https:\/\/neodal.es\/wp-content\/uploads\/2025\/12\/neodal-logo.jpeg\",\"contentUrl\":\"https:\/\/neodal.es\/wp-content\/uploads\/2025\/12\/neodal-logo.jpeg\",\"width\":359,\"height\":87,\"caption\":\"neodal\"},\"image\":{\"@id\":\"https:\/\/neodal.es\/ca\/#\/schema\/logo\/image\/\"}}]}<\/script>\n<!-- \/ Yoast SEO plugin. -->","yoast_head_json":{"title":"Contenidor de documents confidencials G\u00ae-DOCU D 1009\/80","description":"Contenidor d'alumini G\u00ae-DOCU D 1009\/80. Compacte, durador i amb un pany de seguretat, ideal per complir amb el GDPR a les oficines.","robots":{"index":"index","follow":"follow","max-snippet":"max-snippet:-1","max-image-preview":"max-image-preview:large","max-video-preview":"max-video-preview:-1"},"canonical":"https:\/\/neodal.es\/ca\/producte\/g-docu-d-100980-contenedor-de-documentos-confidenciales\/","og_locale":"ca_ES","og_type":"article","og_title":"Contenidor de documents confidencials G\u00ae-DOCU D 1009\/80","og_description":"Contenidor d'alumini G\u00ae-DOCU D 1009\/80. Compacte, durador i amb un pany de seguretat, ideal per complir amb el GDPR a les oficines.","og_url":"https:\/\/neodal.es\/ca\/producte\/g-docu-d-100980-contenedor-de-documentos-confidenciales\/","og_site_name":"neodal","article_modified_time":"2026-03-31T09:39:54+00:00","og_image":[{"width":800,"height":600,"url":"https:\/\/neodal.es\/wp-content\/uploads\/2025\/12\/2770-GR-DOCU-D-100980-CONTENEDOR-DE-DOCUMENTOS-CONFIDENCIALES.jpg","type":"image\/jpeg"}],"twitter_card":"summary_large_image","twitter_misc":{"Temps estimat de lectura":"1 minut"},"schema":{"@context":"https:\/\/schema.org","@graph":[{"@type":"WebPage","@id":"https:\/\/neodal.es\/ca\/producte\/g-docu-d-100980-contenedor-de-documentos-confidenciales\/","url":"https:\/\/neodal.es\/ca\/producte\/g-docu-d-100980-contenedor-de-documentos-confidenciales\/","name":"Contenidor de documents confidencials G\u00ae-DOCU D 1009\/80","isPartOf":{"@id":"https:\/\/neodal.es\/ca\/#website"},"primaryImageOfPage":{"@id":"https:\/\/neodal.es\/ca\/producte\/g-docu-d-100980-contenedor-de-documentos-confidenciales\/#primaryimage"},"image":{"@id":"https:\/\/neodal.es\/ca\/producte\/g-docu-d-100980-contenedor-de-documentos-confidenciales\/#primaryimage"},"thumbnailUrl":"https:\/\/neodal.es\/wp-content\/uploads\/2025\/12\/2770-GR-DOCU-D-100980-CONTENEDOR-DE-DOCUMENTOS-CONFIDENCIALES.jpg","datePublished":"2025-12-01T12:16:23+00:00","dateModified":"2026-03-31T09:39:54+00:00","description":"Contenidor d'alumini G\u00ae-DOCU D 1009\/80. Compacte, durador i amb un pany de seguretat, ideal per complir amb el GDPR a les oficines.","breadcrumb":{"@id":"https:\/\/neodal.es\/ca\/producte\/g-docu-d-100980-contenedor-de-documentos-confidenciales\/#breadcrumb"},"inLanguage":"ca","potentialAction":[{"@type":"ReadAction","target":["https:\/\/neodal.es\/ca\/producte\/g-docu-d-100980-contenedor-de-documentos-confidenciales\/"]}]},{"@type":"ImageObject","inLanguage":"ca","@id":"https:\/\/neodal.es\/ca\/producte\/g-docu-d-100980-contenedor-de-documentos-confidenciales\/#primaryimage","url":"https:\/\/neodal.es\/wp-content\/uploads\/2025\/12\/2770-GR-DOCU-D-100980-CONTENEDOR-DE-DOCUMENTOS-CONFIDENCIALES.jpg","contentUrl":"https:\/\/neodal.es\/wp-content\/uploads\/2025\/12\/2770-GR-DOCU-D-100980-CONTENEDOR-DE-DOCUMENTOS-CONFIDENCIALES.jpg","width":800,"height":600,"caption":"G\u00ae-DOCU D 1009\/80 CONTENIDOR DE DOCUMENTS CONFIDENCIALS"},{"@type":"BreadcrumbList","@id":"https:\/\/neodal.es\/ca\/producte\/g-docu-d-100980-contenedor-de-documentos-confidenciales\/#breadcrumb","itemListElement":[{"@type":"ListItem","position":1,"name":"Portada","item":"https:\/\/neodal.es\/ca\/home\/"},{"@type":"ListItem","position":2,"name":"Productes","item":"https:\/\/neodal.es\/ca\/productes\/"},{"@type":"ListItem","position":3,"name":"G\u00ae-DOCU D 1009\/80"}]},{"@type":"WebSite","@id":"https:\/\/neodal.es\/ca\/#website","url":"https:\/\/neodal.es\/ca\/","name":"neodal","description":"","publisher":{"@id":"https:\/\/neodal.es\/ca\/#organization"},"potentialAction":[{"@type":"SearchAction","target":{"@type":"EntryPoint","urlTemplate":"https:\/\/neodal.es\/ca\/?s={search_term_string}"},"query-input":{"@type":"PropertyValueSpecification","valueRequired":true,"valueName":"search_term_string"}}],"inLanguage":"ca"},{"@type":"Organization","@id":"https:\/\/neodal.es\/ca\/#organization","name":"neodal","url":"https:\/\/neodal.es\/ca\/","logo":{"@type":"ImageObject","inLanguage":"ca","@id":"https:\/\/neodal.es\/ca\/#\/schema\/logo\/image\/","url":"https:\/\/neodal.es\/wp-content\/uploads\/2025\/12\/neodal-logo.jpeg","contentUrl":"https:\/\/neodal.es\/wp-content\/uploads\/2025\/12\/neodal-logo.jpeg","width":359,"height":87,"caption":"neodal"},"image":{"@id":"https:\/\/neodal.es\/ca\/#\/schema\/logo\/image\/"}}]}},"_links":{"self":[{"href":"https:\/\/neodal.es\/ca\/wp-json\/wp\/v2\/product\/6921","targetHints":{"allow":["GET"]}}],"collection":[{"href":"https:\/\/neodal.es\/ca\/wp-json\/wp\/v2\/product"}],"about":[{"href":"https:\/\/neodal.es\/ca\/wp-json\/wp\/v2\/types\/product"}],"replies":[{"embeddable":true,"href":"https:\/\/neodal.es\/ca\/wp-json\/wp\/v2\/comments?post=6921"}],"version-history":[{"count":2,"href":"https:\/\/neodal.es\/ca\/wp-json\/wp\/v2\/product\/6921\/revisions"}],"predecessor-version":[{"id":9169,"href":"https:\/\/neodal.es\/ca\/wp-json\/wp\/v2\/product\/6921\/revisions\/9169"}],"wp:featuredmedia":[{"embeddable":true,"href":"https:\/\/neodal.es\/ca\/wp-json\/wp\/v2\/media\/9163"}],"wp:attachment":[{"href":"https:\/\/neodal.es\/ca\/wp-json\/wp\/v2\/media?parent=6921"}],"wp:term":[{"taxonomy":"product_brand","embeddable":true,"href":"https:\/\/neodal.es\/ca\/wp-json\/wp\/v2\/product_brand?post=6921"},{"taxonomy":"product_cat","embeddable":true,"href":"https:\/\/neodal.es\/ca\/wp-json\/wp\/v2\/product_cat?post=6921"},{"taxonomy":"product_tag","embeddable":true,"href":"https:\/\/neodal.es\/ca\/wp-json\/wp\/v2\/product_tag?post=6921"}],"curies":[{"name":"wp","href":"https:\/\/api.w.org\/{rel}","templated":true}]}}