{"id":6943,"date":"2025-12-02T10:57:17","date_gmt":"2025-12-02T10:57:17","guid":{"rendered":"http:\/\/neodal.local\/product\/copy-of-g-cup-e-2724\/"},"modified":"2026-03-31T08:48:04","modified_gmt":"2026-03-31T08:48:04","slug":"g-docu-d-3009415-e2hs-contenedor-de-documentos-confidenciales","status":"publish","type":"product","link":"https:\/\/neodal.es\/ca\/producte\/g-docu-d-3009415-e2hs-contenedor-de-documentos-confidenciales\/","title":{"rendered":"G\u00ae-DOCU D 3009\/415 E2HS"},"content":{"rendered":"<ul>\n<li><span style=\"font-size: 16px;\">Dimensions interiors: 1000 x 640 x 650<\/span><\/li>\n<li>Dimensions externes: 1050 x 700 x 840<\/li>\n<li>Volum (aprox. l): 415<\/li>\n<li>Di\u00e0metre de les rodes (mm): 125<\/li>\n<li>Capacitat de c\u00e0rrega (aprox. kg): 250<\/li>\n<li>Pes (aprox. kg): 26<\/li>\n<li>Coberta amb ranura d&#8217;inserci\u00f3<\/li>\n<li>Dimensi\u00f3 d&#8217;inserci\u00f3 (aprox. mm): 15<\/li>\n<li>Panys de cilindre: 2<\/li>\n<\/ul>\n","protected":false},"excerpt":{"rendered":"<div class=\"description woocommerce-product-details__short-description\">\n<p data-start=\"1077\" data-end=\"1414\">El contenidor d&#8217;alumini <strong>G\u00ae-DOCU D 3009\/415 E2HS<\/strong> per a documents confidencials \u00e9s una soluci\u00f3 professional dissenyada per a empreses que requereixen la m\u00e0xima protecci\u00f3 en la gesti\u00f3 d&#8217;informaci\u00f3 sensible. El seu disseny robust i funcional garanteix un \u00fas segur en entorns exigents on la confidencialitat \u00e9s una prioritat.<\/p>\n<p data-start=\"1416\" data-end=\"1698\">Fabricat amb alumini d&#8217;alta qualitat, aquest contenidor ofereix una excel\u00b7lent combinaci\u00f3 de lleugeresa i resist\u00e8ncia, cosa que facilita la seva manipulaci\u00f3 sense comprometre la durabilitat. Gr\u00e0cies a la seva construcci\u00f3 s\u00f2lida, resisteix un \u00fas intensiu mentre conserva les seves propietats al llarg del temps.<\/p>\n<\/div>\n","protected":false},"featured_media":9131,"comment_status":"open","ping_status":"closed","template":"","meta":{"_acf_changed":false},"product_brand":[],"product_cat":[1494],"product_tag":[],"class_list":{"0":"post-6943","1":"product","2":"type-product","3":"status-publish","4":"has-post-thumbnail","6":"product_cat-contenedor-de-documentos-confidenciales-ca","8":"first","9":"instock","10":"shipping-taxable","11":"product-type-simple"},"acf":[],"yoast_head":"<!-- This site is optimized with the Yoast SEO plugin v27.0 - https:\/\/yoast.com\/product\/yoast-seo-wordpress\/ -->\n<title>Contenidor de documents G\u00ae- DOCU D 3009\/415 E2HS<\/title>\n<meta name=\"description\" content=\"Recollida i eliminaci\u00f3 segura de documents confidencials en compliment dels contenidors BSDG i GDPR amb tancament segur i diverses mides per protegir les dades.\" \/>\n<meta name=\"robots\" content=\"index, follow, max-snippet:-1, max-image-preview:large, max-video-preview:-1\" \/>\n<link rel=\"canonical\" href=\"https:\/\/neodal.es\/ca\/producte\/g-docu-d-3009415-e2hs-contenedor-de-documentos-confidenciales\/\" \/>\n<meta property=\"og:locale\" content=\"ca_ES\" \/>\n<meta property=\"og:type\" content=\"article\" \/>\n<meta property=\"og:title\" content=\"Contenidor de documents G\u00ae- DOCU D 3009\/415 E2HS\" \/>\n<meta property=\"og:description\" content=\"Recollida i eliminaci\u00f3 segura de documents confidencials en compliment dels contenidors BSDG i GDPR amb tancament segur i diverses mides per protegir les dades.\" \/>\n<meta property=\"og:url\" content=\"https:\/\/neodal.es\/ca\/producte\/g-docu-d-3009415-e2hs-contenedor-de-documentos-confidenciales\/\" \/>\n<meta property=\"og:site_name\" content=\"neodal\" \/>\n<meta property=\"article:modified_time\" content=\"2026-03-31T08:48:04+00:00\" \/>\n<meta property=\"og:image\" content=\"https:\/\/neodal.es\/wp-content\/uploads\/2025\/12\/2789-GR-DOCU-D-3009415-E2HS-CONTENEDOR-DE-DOCUMENTOS-CONFIDENCIALES.jpg\" \/>\n\t<meta property=\"og:image:width\" content=\"800\" \/>\n\t<meta property=\"og:image:height\" content=\"600\" \/>\n\t<meta property=\"og:image:type\" content=\"image\/jpeg\" \/>\n<meta name=\"twitter:card\" content=\"summary_large_image\" \/>\n<meta name=\"twitter:label1\" content=\"Temps estimat de lectura\" \/>\n\t<meta name=\"twitter:data1\" content=\"1 minut\" \/>\n<script type=\"application\/ld+json\" class=\"yoast-schema-graph\">{\"@context\":\"https:\/\/schema.org\",\"@graph\":[{\"@type\":\"WebPage\",\"@id\":\"https:\/\/neodal.es\/ca\/producte\/g-docu-d-3009415-e2hs-contenedor-de-documentos-confidenciales\/\",\"url\":\"https:\/\/neodal.es\/ca\/producte\/g-docu-d-3009415-e2hs-contenedor-de-documentos-confidenciales\/\",\"name\":\"Contenidor de documents G\u00ae- DOCU D 3009\/415 E2HS\",\"isPartOf\":{\"@id\":\"https:\/\/neodal.es\/ca\/#website\"},\"primaryImageOfPage\":{\"@id\":\"https:\/\/neodal.es\/ca\/producte\/g-docu-d-3009415-e2hs-contenedor-de-documentos-confidenciales\/#primaryimage\"},\"image\":{\"@id\":\"https:\/\/neodal.es\/ca\/producte\/g-docu-d-3009415-e2hs-contenedor-de-documentos-confidenciales\/#primaryimage\"},\"thumbnailUrl\":\"https:\/\/neodal.es\/wp-content\/uploads\/2025\/12\/2789-GR-DOCU-D-3009415-E2HS-CONTENEDOR-DE-DOCUMENTOS-CONFIDENCIALES.jpg\",\"datePublished\":\"2025-12-02T10:57:17+00:00\",\"dateModified\":\"2026-03-31T08:48:04+00:00\",\"description\":\"Recollida i eliminaci\u00f3 segura de documents confidencials en compliment dels contenidors BSDG i GDPR amb tancament segur i diverses mides per protegir les dades.\",\"breadcrumb\":{\"@id\":\"https:\/\/neodal.es\/ca\/producte\/g-docu-d-3009415-e2hs-contenedor-de-documentos-confidenciales\/#breadcrumb\"},\"inLanguage\":\"ca\",\"potentialAction\":[{\"@type\":\"ReadAction\",\"target\":[\"https:\/\/neodal.es\/ca\/producte\/g-docu-d-3009415-e2hs-contenedor-de-documentos-confidenciales\/\"]}]},{\"@type\":\"ImageObject\",\"inLanguage\":\"ca\",\"@id\":\"https:\/\/neodal.es\/ca\/producte\/g-docu-d-3009415-e2hs-contenedor-de-documentos-confidenciales\/#primaryimage\",\"url\":\"https:\/\/neodal.es\/wp-content\/uploads\/2025\/12\/2789-GR-DOCU-D-3009415-E2HS-CONTENEDOR-DE-DOCUMENTOS-CONFIDENCIALES.jpg\",\"contentUrl\":\"https:\/\/neodal.es\/wp-content\/uploads\/2025\/12\/2789-GR-DOCU-D-3009415-E2HS-CONTENEDOR-DE-DOCUMENTOS-CONFIDENCIALES.jpg\",\"width\":800,\"height\":600,\"caption\":\"G\u00ae-DOCU D 3009\/415 E2HS CONTENIDOR DE DOCUMENTS CONFIDENCIALS\"},{\"@type\":\"BreadcrumbList\",\"@id\":\"https:\/\/neodal.es\/ca\/producte\/g-docu-d-3009415-e2hs-contenedor-de-documentos-confidenciales\/#breadcrumb\",\"itemListElement\":[{\"@type\":\"ListItem\",\"position\":1,\"name\":\"Portada\",\"item\":\"https:\/\/neodal.es\/ca\/home\/\"},{\"@type\":\"ListItem\",\"position\":2,\"name\":\"Productes\",\"item\":\"https:\/\/neodal.es\/ca\/productes\/\"},{\"@type\":\"ListItem\",\"position\":3,\"name\":\"G\u00ae-DOCU D 3009\/415 E2HS\"}]},{\"@type\":\"WebSite\",\"@id\":\"https:\/\/neodal.es\/ca\/#website\",\"url\":\"https:\/\/neodal.es\/ca\/\",\"name\":\"neodal\",\"description\":\"\",\"publisher\":{\"@id\":\"https:\/\/neodal.es\/ca\/#organization\"},\"potentialAction\":[{\"@type\":\"SearchAction\",\"target\":{\"@type\":\"EntryPoint\",\"urlTemplate\":\"https:\/\/neodal.es\/ca\/?s={search_term_string}\"},\"query-input\":{\"@type\":\"PropertyValueSpecification\",\"valueRequired\":true,\"valueName\":\"search_term_string\"}}],\"inLanguage\":\"ca\"},{\"@type\":\"Organization\",\"@id\":\"https:\/\/neodal.es\/ca\/#organization\",\"name\":\"neodal\",\"url\":\"https:\/\/neodal.es\/ca\/\",\"logo\":{\"@type\":\"ImageObject\",\"inLanguage\":\"ca\",\"@id\":\"https:\/\/neodal.es\/ca\/#\/schema\/logo\/image\/\",\"url\":\"https:\/\/neodal.es\/wp-content\/uploads\/2025\/12\/neodal-logo.jpeg\",\"contentUrl\":\"https:\/\/neodal.es\/wp-content\/uploads\/2025\/12\/neodal-logo.jpeg\",\"width\":359,\"height\":87,\"caption\":\"neodal\"},\"image\":{\"@id\":\"https:\/\/neodal.es\/ca\/#\/schema\/logo\/image\/\"}}]}<\/script>\n<!-- \/ Yoast SEO plugin. -->","yoast_head_json":{"title":"Contenidor de documents G\u00ae- DOCU D 3009\/415 E2HS","description":"Recollida i eliminaci\u00f3 segura de documents confidencials en compliment dels contenidors BSDG i GDPR amb tancament segur i diverses mides per protegir les dades.","robots":{"index":"index","follow":"follow","max-snippet":"max-snippet:-1","max-image-preview":"max-image-preview:large","max-video-preview":"max-video-preview:-1"},"canonical":"https:\/\/neodal.es\/ca\/producte\/g-docu-d-3009415-e2hs-contenedor-de-documentos-confidenciales\/","og_locale":"ca_ES","og_type":"article","og_title":"Contenidor de documents G\u00ae- DOCU D 3009\/415 E2HS","og_description":"Recollida i eliminaci\u00f3 segura de documents confidencials en compliment dels contenidors BSDG i GDPR amb tancament segur i diverses mides per protegir les dades.","og_url":"https:\/\/neodal.es\/ca\/producte\/g-docu-d-3009415-e2hs-contenedor-de-documentos-confidenciales\/","og_site_name":"neodal","article_modified_time":"2026-03-31T08:48:04+00:00","og_image":[{"width":800,"height":600,"url":"https:\/\/neodal.es\/wp-content\/uploads\/2025\/12\/2789-GR-DOCU-D-3009415-E2HS-CONTENEDOR-DE-DOCUMENTOS-CONFIDENCIALES.jpg","type":"image\/jpeg"}],"twitter_card":"summary_large_image","twitter_misc":{"Temps estimat de lectura":"1 minut"},"schema":{"@context":"https:\/\/schema.org","@graph":[{"@type":"WebPage","@id":"https:\/\/neodal.es\/ca\/producte\/g-docu-d-3009415-e2hs-contenedor-de-documentos-confidenciales\/","url":"https:\/\/neodal.es\/ca\/producte\/g-docu-d-3009415-e2hs-contenedor-de-documentos-confidenciales\/","name":"Contenidor de documents G\u00ae- DOCU D 3009\/415 E2HS","isPartOf":{"@id":"https:\/\/neodal.es\/ca\/#website"},"primaryImageOfPage":{"@id":"https:\/\/neodal.es\/ca\/producte\/g-docu-d-3009415-e2hs-contenedor-de-documentos-confidenciales\/#primaryimage"},"image":{"@id":"https:\/\/neodal.es\/ca\/producte\/g-docu-d-3009415-e2hs-contenedor-de-documentos-confidenciales\/#primaryimage"},"thumbnailUrl":"https:\/\/neodal.es\/wp-content\/uploads\/2025\/12\/2789-GR-DOCU-D-3009415-E2HS-CONTENEDOR-DE-DOCUMENTOS-CONFIDENCIALES.jpg","datePublished":"2025-12-02T10:57:17+00:00","dateModified":"2026-03-31T08:48:04+00:00","description":"Recollida i eliminaci\u00f3 segura de documents confidencials en compliment dels contenidors BSDG i GDPR amb tancament segur i diverses mides per protegir les dades.","breadcrumb":{"@id":"https:\/\/neodal.es\/ca\/producte\/g-docu-d-3009415-e2hs-contenedor-de-documentos-confidenciales\/#breadcrumb"},"inLanguage":"ca","potentialAction":[{"@type":"ReadAction","target":["https:\/\/neodal.es\/ca\/producte\/g-docu-d-3009415-e2hs-contenedor-de-documentos-confidenciales\/"]}]},{"@type":"ImageObject","inLanguage":"ca","@id":"https:\/\/neodal.es\/ca\/producte\/g-docu-d-3009415-e2hs-contenedor-de-documentos-confidenciales\/#primaryimage","url":"https:\/\/neodal.es\/wp-content\/uploads\/2025\/12\/2789-GR-DOCU-D-3009415-E2HS-CONTENEDOR-DE-DOCUMENTOS-CONFIDENCIALES.jpg","contentUrl":"https:\/\/neodal.es\/wp-content\/uploads\/2025\/12\/2789-GR-DOCU-D-3009415-E2HS-CONTENEDOR-DE-DOCUMENTOS-CONFIDENCIALES.jpg","width":800,"height":600,"caption":"G\u00ae-DOCU D 3009\/415 E2HS CONTENIDOR DE DOCUMENTS CONFIDENCIALS"},{"@type":"BreadcrumbList","@id":"https:\/\/neodal.es\/ca\/producte\/g-docu-d-3009415-e2hs-contenedor-de-documentos-confidenciales\/#breadcrumb","itemListElement":[{"@type":"ListItem","position":1,"name":"Portada","item":"https:\/\/neodal.es\/ca\/home\/"},{"@type":"ListItem","position":2,"name":"Productes","item":"https:\/\/neodal.es\/ca\/productes\/"},{"@type":"ListItem","position":3,"name":"G\u00ae-DOCU D 3009\/415 E2HS"}]},{"@type":"WebSite","@id":"https:\/\/neodal.es\/ca\/#website","url":"https:\/\/neodal.es\/ca\/","name":"neodal","description":"","publisher":{"@id":"https:\/\/neodal.es\/ca\/#organization"},"potentialAction":[{"@type":"SearchAction","target":{"@type":"EntryPoint","urlTemplate":"https:\/\/neodal.es\/ca\/?s={search_term_string}"},"query-input":{"@type":"PropertyValueSpecification","valueRequired":true,"valueName":"search_term_string"}}],"inLanguage":"ca"},{"@type":"Organization","@id":"https:\/\/neodal.es\/ca\/#organization","name":"neodal","url":"https:\/\/neodal.es\/ca\/","logo":{"@type":"ImageObject","inLanguage":"ca","@id":"https:\/\/neodal.es\/ca\/#\/schema\/logo\/image\/","url":"https:\/\/neodal.es\/wp-content\/uploads\/2025\/12\/neodal-logo.jpeg","contentUrl":"https:\/\/neodal.es\/wp-content\/uploads\/2025\/12\/neodal-logo.jpeg","width":359,"height":87,"caption":"neodal"},"image":{"@id":"https:\/\/neodal.es\/ca\/#\/schema\/logo\/image\/"}}]}},"_links":{"self":[{"href":"https:\/\/neodal.es\/ca\/wp-json\/wp\/v2\/product\/6943","targetHints":{"allow":["GET"]}}],"collection":[{"href":"https:\/\/neodal.es\/ca\/wp-json\/wp\/v2\/product"}],"about":[{"href":"https:\/\/neodal.es\/ca\/wp-json\/wp\/v2\/types\/product"}],"replies":[{"embeddable":true,"href":"https:\/\/neodal.es\/ca\/wp-json\/wp\/v2\/comments?post=6943"}],"version-history":[{"count":2,"href":"https:\/\/neodal.es\/ca\/wp-json\/wp\/v2\/product\/6943\/revisions"}],"predecessor-version":[{"id":9136,"href":"https:\/\/neodal.es\/ca\/wp-json\/wp\/v2\/product\/6943\/revisions\/9136"}],"wp:featuredmedia":[{"embeddable":true,"href":"https:\/\/neodal.es\/ca\/wp-json\/wp\/v2\/media\/9131"}],"wp:attachment":[{"href":"https:\/\/neodal.es\/ca\/wp-json\/wp\/v2\/media?parent=6943"}],"wp:term":[{"taxonomy":"product_brand","embeddable":true,"href":"https:\/\/neodal.es\/ca\/wp-json\/wp\/v2\/product_brand?post=6943"},{"taxonomy":"product_cat","embeddable":true,"href":"https:\/\/neodal.es\/ca\/wp-json\/wp\/v2\/product_cat?post=6943"},{"taxonomy":"product_tag","embeddable":true,"href":"https:\/\/neodal.es\/ca\/wp-json\/wp\/v2\/product_tag?post=6943"}],"curies":[{"name":"wp","href":"https:\/\/api.w.org\/{rel}","templated":true}]}}