{"id":6963,"date":"2025-12-02T11:14:28","date_gmt":"2025-12-02T11:14:28","guid":{"rendered":"http:\/\/neodal.local\/product\/copy-of-g-cup-e-2724\/"},"modified":"2026-03-23T11:24:49","modified_gmt":"2026-03-23T11:24:49","slug":"g-docu-d-3709650-contenidor-de-documents-confidencials","status":"publish","type":"product","link":"https:\/\/neodal.es\/ca\/producte\/g-docu-d-3709650-contenidor-de-documents-confidencials\/","title":{"rendered":"G\u00ae-DOCU D 3709\/650"},"content":{"rendered":"<ul>\n<li>Dimensions interiors: 1250 x 645 x 800<\/li>\n<li>Dimensions exteriors: 1300 x 700 x 990<\/li>\n<li>Capacitat (aprox. l): 650<\/li>\n<li>Di\u00e0metre de les rodes (mm): 125<\/li>\n<li>Capacitat de c\u00e0rrega (aprox. kg): 250<\/li>\n<li>Pes (aprox. kg): 37<\/li>\n<li>Panys de cilindre: 2 (opcionals)<\/li>\n<\/ul>\n","protected":false},"excerpt":{"rendered":"<p>El <strong data-start=\"690\" data-end=\"745\">contenedor de documentos confidenciales de aluminio<\/strong> G\u00ae-DOCU D 3709\/650 est\u00e1 dise\u00f1ado para la recogida, transporte y eliminaci\u00f3n segura de datos sensibles en entornos profesionales.<\/p>\n<p data-start=\"927\" data-end=\"1278\">Es una soluci\u00f3n eficiente y segura para la gesti\u00f3n de documentaci\u00f3n sensible en empresas, administraciones y entornos sanitarios. Su dise\u00f1o robusto y funcional permite garantizar la protecci\u00f3n de datos en todas las fases del proceso, desde la recogida hasta la eliminaci\u00f3n.<\/p>\n<p data-start=\"1280\" data-end=\"1580\">Fabricado en aluminio de alta calidad, este contenedor destaca por su ligereza y resistencia, facilitando su manipulaci\u00f3n diaria sin comprometer la durabilidad.<\/p>\n","protected":false},"featured_media":6959,"comment_status":"open","ping_status":"closed","template":"","meta":{"_acf_changed":false},"product_brand":[],"product_cat":[1494],"product_tag":[],"class_list":{"0":"post-6963","1":"product","2":"type-product","3":"status-publish","4":"has-post-thumbnail","6":"product_cat-contenedor-de-documentos-confidenciales-ca","8":"first","9":"instock","10":"shipping-taxable","11":"product-type-simple"},"acf":[],"yoast_head":"<!-- This site is optimized with the Yoast SEO plugin v27.0 - https:\/\/yoast.com\/product\/yoast-seo-wordpress\/ -->\n<title>G\u00ae-DOCU D 3709\/650 | Neodal<\/title>\n<meta name=\"description\" content=\"Contenidor d&#039;alumini per a documents confidencials amb un pany segur. Ideal per a la recollida i el transport d&#039;acord amb el RGPD.\" \/>\n<meta name=\"robots\" content=\"index, follow, max-snippet:-1, max-image-preview:large, max-video-preview:-1\" \/>\n<link rel=\"canonical\" href=\"https:\/\/neodal.es\/ca\/producte\/g-docu-d-3709650-contenidor-de-documents-confidencials\/\" \/>\n<meta property=\"og:locale\" content=\"ca_ES\" \/>\n<meta property=\"og:type\" content=\"article\" \/>\n<meta property=\"og:title\" content=\"G\u00ae-DOCU D 3709\/650 | Neodal\" \/>\n<meta property=\"og:description\" content=\"Contenidor d&#039;alumini per a documents confidencials amb un pany segur. Ideal per a la recollida i el transport d&#039;acord amb el RGPD.\" \/>\n<meta property=\"og:url\" content=\"https:\/\/neodal.es\/ca\/producte\/g-docu-d-3709650-contenidor-de-documents-confidencials\/\" \/>\n<meta property=\"og:site_name\" content=\"neodal\" \/>\n<meta property=\"article:modified_time\" content=\"2026-03-23T11:24:49+00:00\" \/>\n<meta property=\"og:image\" content=\"https:\/\/neodal.es\/wp-content\/uploads\/2025\/12\/2806-GR-DOCU-D-3709650-CONTENEDOR-DE-DOCUMENTOS-CONFIDENCIALES.jpg\" \/>\n\t<meta property=\"og:image:width\" content=\"800\" \/>\n\t<meta property=\"og:image:height\" content=\"600\" \/>\n\t<meta property=\"og:image:type\" content=\"image\/jpeg\" \/>\n<meta name=\"twitter:card\" content=\"summary_large_image\" \/>\n<meta name=\"twitter:label1\" content=\"Temps estimat de lectura\" \/>\n\t<meta name=\"twitter:data1\" content=\"1 minut\" \/>\n<script type=\"application\/ld+json\" class=\"yoast-schema-graph\">{\"@context\":\"https:\/\/schema.org\",\"@graph\":[{\"@type\":\"WebPage\",\"@id\":\"https:\/\/neodal.es\/ca\/producte\/g-docu-d-3709650-contenidor-de-documents-confidencials\/\",\"url\":\"https:\/\/neodal.es\/ca\/producte\/g-docu-d-3709650-contenidor-de-documents-confidencials\/\",\"name\":\"G\u00ae-DOCU D 3709\/650 | Neodal\",\"isPartOf\":{\"@id\":\"https:\/\/neodal.es\/ca\/#website\"},\"primaryImageOfPage\":{\"@id\":\"https:\/\/neodal.es\/ca\/producte\/g-docu-d-3709650-contenidor-de-documents-confidencials\/#primaryimage\"},\"image\":{\"@id\":\"https:\/\/neodal.es\/ca\/producte\/g-docu-d-3709650-contenidor-de-documents-confidencials\/#primaryimage\"},\"thumbnailUrl\":\"https:\/\/neodal.es\/wp-content\/uploads\/2025\/12\/2806-GR-DOCU-D-3709650-CONTENEDOR-DE-DOCUMENTOS-CONFIDENCIALES.jpg\",\"datePublished\":\"2025-12-02T11:14:28+00:00\",\"dateModified\":\"2026-03-23T11:24:49+00:00\",\"description\":\"Contenidor d'alumini per a documents confidencials amb un pany segur. Ideal per a la recollida i el transport d'acord amb el RGPD.\",\"breadcrumb\":{\"@id\":\"https:\/\/neodal.es\/ca\/producte\/g-docu-d-3709650-contenidor-de-documents-confidencials\/#breadcrumb\"},\"inLanguage\":\"ca\",\"potentialAction\":[{\"@type\":\"ReadAction\",\"target\":[\"https:\/\/neodal.es\/ca\/producte\/g-docu-d-3709650-contenidor-de-documents-confidencials\/\"]}]},{\"@type\":\"ImageObject\",\"inLanguage\":\"ca\",\"@id\":\"https:\/\/neodal.es\/ca\/producte\/g-docu-d-3709650-contenidor-de-documents-confidencials\/#primaryimage\",\"url\":\"https:\/\/neodal.es\/wp-content\/uploads\/2025\/12\/2806-GR-DOCU-D-3709650-CONTENEDOR-DE-DOCUMENTOS-CONFIDENCIALES.jpg\",\"contentUrl\":\"https:\/\/neodal.es\/wp-content\/uploads\/2025\/12\/2806-GR-DOCU-D-3709650-CONTENEDOR-DE-DOCUMENTOS-CONFIDENCIALES.jpg\",\"width\":800,\"height\":600,\"caption\":\"contenedor documentos confidenciales aluminio con cierre\"},{\"@type\":\"BreadcrumbList\",\"@id\":\"https:\/\/neodal.es\/ca\/producte\/g-docu-d-3709650-contenidor-de-documents-confidencials\/#breadcrumb\",\"itemListElement\":[{\"@type\":\"ListItem\",\"position\":1,\"name\":\"Portada\",\"item\":\"https:\/\/neodal.es\/ca\/home\/\"},{\"@type\":\"ListItem\",\"position\":2,\"name\":\"Productes\",\"item\":\"https:\/\/neodal.es\/ca\/productes\/\"},{\"@type\":\"ListItem\",\"position\":3,\"name\":\"G\u00ae-DOCU D 3709\/650\"}]},{\"@type\":\"WebSite\",\"@id\":\"https:\/\/neodal.es\/ca\/#website\",\"url\":\"https:\/\/neodal.es\/ca\/\",\"name\":\"neodal\",\"description\":\"\",\"publisher\":{\"@id\":\"https:\/\/neodal.es\/ca\/#organization\"},\"potentialAction\":[{\"@type\":\"SearchAction\",\"target\":{\"@type\":\"EntryPoint\",\"urlTemplate\":\"https:\/\/neodal.es\/ca\/?s={search_term_string}\"},\"query-input\":{\"@type\":\"PropertyValueSpecification\",\"valueRequired\":true,\"valueName\":\"search_term_string\"}}],\"inLanguage\":\"ca\"},{\"@type\":\"Organization\",\"@id\":\"https:\/\/neodal.es\/ca\/#organization\",\"name\":\"neodal\",\"url\":\"https:\/\/neodal.es\/ca\/\",\"logo\":{\"@type\":\"ImageObject\",\"inLanguage\":\"ca\",\"@id\":\"https:\/\/neodal.es\/ca\/#\/schema\/logo\/image\/\",\"url\":\"https:\/\/neodal.es\/wp-content\/uploads\/2025\/12\/neodal-logo.jpeg\",\"contentUrl\":\"https:\/\/neodal.es\/wp-content\/uploads\/2025\/12\/neodal-logo.jpeg\",\"width\":359,\"height\":87,\"caption\":\"neodal\"},\"image\":{\"@id\":\"https:\/\/neodal.es\/ca\/#\/schema\/logo\/image\/\"}}]}<\/script>\n<!-- \/ Yoast SEO plugin. -->","yoast_head_json":{"title":"G\u00ae-DOCU D 3709\/650 | Neodal","description":"Contenidor d'alumini per a documents confidencials amb un pany segur. Ideal per a la recollida i el transport d'acord amb el RGPD.","robots":{"index":"index","follow":"follow","max-snippet":"max-snippet:-1","max-image-preview":"max-image-preview:large","max-video-preview":"max-video-preview:-1"},"canonical":"https:\/\/neodal.es\/ca\/producte\/g-docu-d-3709650-contenidor-de-documents-confidencials\/","og_locale":"ca_ES","og_type":"article","og_title":"G\u00ae-DOCU D 3709\/650 | Neodal","og_description":"Contenidor d'alumini per a documents confidencials amb un pany segur. Ideal per a la recollida i el transport d'acord amb el RGPD.","og_url":"https:\/\/neodal.es\/ca\/producte\/g-docu-d-3709650-contenidor-de-documents-confidencials\/","og_site_name":"neodal","article_modified_time":"2026-03-23T11:24:49+00:00","og_image":[{"width":800,"height":600,"url":"https:\/\/neodal.es\/wp-content\/uploads\/2025\/12\/2806-GR-DOCU-D-3709650-CONTENEDOR-DE-DOCUMENTOS-CONFIDENCIALES.jpg","type":"image\/jpeg"}],"twitter_card":"summary_large_image","twitter_misc":{"Temps estimat de lectura":"1 minut"},"schema":{"@context":"https:\/\/schema.org","@graph":[{"@type":"WebPage","@id":"https:\/\/neodal.es\/ca\/producte\/g-docu-d-3709650-contenidor-de-documents-confidencials\/","url":"https:\/\/neodal.es\/ca\/producte\/g-docu-d-3709650-contenidor-de-documents-confidencials\/","name":"G\u00ae-DOCU D 3709\/650 | Neodal","isPartOf":{"@id":"https:\/\/neodal.es\/ca\/#website"},"primaryImageOfPage":{"@id":"https:\/\/neodal.es\/ca\/producte\/g-docu-d-3709650-contenidor-de-documents-confidencials\/#primaryimage"},"image":{"@id":"https:\/\/neodal.es\/ca\/producte\/g-docu-d-3709650-contenidor-de-documents-confidencials\/#primaryimage"},"thumbnailUrl":"https:\/\/neodal.es\/wp-content\/uploads\/2025\/12\/2806-GR-DOCU-D-3709650-CONTENEDOR-DE-DOCUMENTOS-CONFIDENCIALES.jpg","datePublished":"2025-12-02T11:14:28+00:00","dateModified":"2026-03-23T11:24:49+00:00","description":"Contenidor d'alumini per a documents confidencials amb un pany segur. Ideal per a la recollida i el transport d'acord amb el RGPD.","breadcrumb":{"@id":"https:\/\/neodal.es\/ca\/producte\/g-docu-d-3709650-contenidor-de-documents-confidencials\/#breadcrumb"},"inLanguage":"ca","potentialAction":[{"@type":"ReadAction","target":["https:\/\/neodal.es\/ca\/producte\/g-docu-d-3709650-contenidor-de-documents-confidencials\/"]}]},{"@type":"ImageObject","inLanguage":"ca","@id":"https:\/\/neodal.es\/ca\/producte\/g-docu-d-3709650-contenidor-de-documents-confidencials\/#primaryimage","url":"https:\/\/neodal.es\/wp-content\/uploads\/2025\/12\/2806-GR-DOCU-D-3709650-CONTENEDOR-DE-DOCUMENTOS-CONFIDENCIALES.jpg","contentUrl":"https:\/\/neodal.es\/wp-content\/uploads\/2025\/12\/2806-GR-DOCU-D-3709650-CONTENEDOR-DE-DOCUMENTOS-CONFIDENCIALES.jpg","width":800,"height":600,"caption":"contenedor documentos confidenciales aluminio con cierre"},{"@type":"BreadcrumbList","@id":"https:\/\/neodal.es\/ca\/producte\/g-docu-d-3709650-contenidor-de-documents-confidencials\/#breadcrumb","itemListElement":[{"@type":"ListItem","position":1,"name":"Portada","item":"https:\/\/neodal.es\/ca\/home\/"},{"@type":"ListItem","position":2,"name":"Productes","item":"https:\/\/neodal.es\/ca\/productes\/"},{"@type":"ListItem","position":3,"name":"G\u00ae-DOCU D 3709\/650"}]},{"@type":"WebSite","@id":"https:\/\/neodal.es\/ca\/#website","url":"https:\/\/neodal.es\/ca\/","name":"neodal","description":"","publisher":{"@id":"https:\/\/neodal.es\/ca\/#organization"},"potentialAction":[{"@type":"SearchAction","target":{"@type":"EntryPoint","urlTemplate":"https:\/\/neodal.es\/ca\/?s={search_term_string}"},"query-input":{"@type":"PropertyValueSpecification","valueRequired":true,"valueName":"search_term_string"}}],"inLanguage":"ca"},{"@type":"Organization","@id":"https:\/\/neodal.es\/ca\/#organization","name":"neodal","url":"https:\/\/neodal.es\/ca\/","logo":{"@type":"ImageObject","inLanguage":"ca","@id":"https:\/\/neodal.es\/ca\/#\/schema\/logo\/image\/","url":"https:\/\/neodal.es\/wp-content\/uploads\/2025\/12\/neodal-logo.jpeg","contentUrl":"https:\/\/neodal.es\/wp-content\/uploads\/2025\/12\/neodal-logo.jpeg","width":359,"height":87,"caption":"neodal"},"image":{"@id":"https:\/\/neodal.es\/ca\/#\/schema\/logo\/image\/"}}]}},"_links":{"self":[{"href":"https:\/\/neodal.es\/ca\/wp-json\/wp\/v2\/product\/6963","targetHints":{"allow":["GET"]}}],"collection":[{"href":"https:\/\/neodal.es\/ca\/wp-json\/wp\/v2\/product"}],"about":[{"href":"https:\/\/neodal.es\/ca\/wp-json\/wp\/v2\/types\/product"}],"replies":[{"embeddable":true,"href":"https:\/\/neodal.es\/ca\/wp-json\/wp\/v2\/comments?post=6963"}],"version-history":[{"count":2,"href":"https:\/\/neodal.es\/ca\/wp-json\/wp\/v2\/product\/6963\/revisions"}],"predecessor-version":[{"id":9012,"href":"https:\/\/neodal.es\/ca\/wp-json\/wp\/v2\/product\/6963\/revisions\/9012"}],"wp:featuredmedia":[{"embeddable":true,"href":"https:\/\/neodal.es\/ca\/wp-json\/wp\/v2\/media\/6959"}],"wp:attachment":[{"href":"https:\/\/neodal.es\/ca\/wp-json\/wp\/v2\/media?parent=6963"}],"wp:term":[{"taxonomy":"product_brand","embeddable":true,"href":"https:\/\/neodal.es\/ca\/wp-json\/wp\/v2\/product_brand?post=6963"},{"taxonomy":"product_cat","embeddable":true,"href":"https:\/\/neodal.es\/ca\/wp-json\/wp\/v2\/product_cat?post=6963"},{"taxonomy":"product_tag","embeddable":true,"href":"https:\/\/neodal.es\/ca\/wp-json\/wp\/v2\/product_tag?post=6963"}],"curies":[{"name":"wp","href":"https:\/\/api.w.org\/{rel}","templated":true}]}}