{"id":6995,"date":"2025-12-12T11:23:13","date_gmt":"2025-12-12T11:23:13","guid":{"rendered":"http:\/\/neodal.local\/product\/isiwall-3d-clasificadora-automatizada-putwall-2\/"},"modified":"2026-03-06T11:10:57","modified_gmt":"2026-03-06T11:10:57","slug":"isiwall-3d-clasificadora-automatizada-putwall-2","status":"publish","type":"product","link":"https:\/\/neodal.es\/ca\/producte\/isiwall-3d-clasificadora-automatizada-putwall-2\/","title":{"rendered":"ISIWALL 3D"},"content":{"rendered":"<ul>\n<li>Mida de l&#8217;equip (LxAxH): 6600x2800x2400 (mm)<\/li>\n<li>Mida del paquet (LxAxH): 50-380\u00d750-300\u00d75-150 (mm)<\/li>\n<li>Pes m\u00e0xim del producte: \u22643 g-3 kg<\/li>\n<li>Efici\u00e8ncia de classificaci\u00f3: Fins a 2500 peces\/hora<\/li>\n<li>Nombre de ranures: 100 peces (personalitzable)<\/li>\n<li>M\u00e8tode d&#8217;alimentaci\u00f3: C\u00e0rrega manual\/c\u00e0rrega autom\u00e0tica<\/li>\n<li>Subministrament el\u00e8ctric: Tensi\u00f3: CA 380 V\/50 Hz<\/li>\n<li>Taula d&#8217;alimentaci\u00f3: 900 mm (personalitzable)<\/li>\n<li>Mida del carret\u00f3 amb vareta (LxAxH): 2060x530x1900 (mm)<\/li>\n<\/ul>\n","protected":false},"excerpt":{"rendered":"<p>El classificador automatitzat Putwall \u00e9s un dispositiu de classificaci\u00f3 autom\u00e0tica tridimensional per a escenaris multicat\u00f2leg i multifluxe. Pot augmentar o disminuir el nombre de graelles i ajustar la mida de les graelles segons els requisits del client, les caracter\u00edstiques del producte i la mida de l&#8217;espai. Ofereix una<strong> alta efici\u00e8ncia mec\u00e0nica<\/strong>, una gran <strong>precisi\u00f3<\/strong> de classificaci\u00f3, un curt per\u00edode de retorn de la inversi\u00f3 i una <strong>millor utilitzaci\u00f3 de l&#8217;espai<\/strong>.<\/p>\n","protected":false},"featured_media":8821,"comment_status":"open","ping_status":"closed","template":"","meta":{"_acf_changed":false},"product_brand":[],"product_cat":[1472],"product_tag":[],"class_list":{"0":"post-6995","1":"product","2":"type-product","3":"status-publish","4":"has-post-thumbnail","6":"product_cat-clasificacion-de-paqueteria-ca","8":"first","9":"instock","10":"shipping-taxable","11":"product-type-simple"},"acf":[],"yoast_head":"<!-- This site is optimized with the Yoast SEO plugin v27.0 - https:\/\/yoast.com\/product\/yoast-seo-wordpress\/ -->\n<title>ISIWALL 3D - classificador automatitzat Putwall | NEODAL<\/title>\n<meta name=\"description\" content=\"Dispositiu de classificaci\u00f3 autom\u00e0tica tridimensional per a escenaris multicat\u00f2leg i multifluxe\" \/>\n<meta name=\"robots\" content=\"index, follow, max-snippet:-1, max-image-preview:large, max-video-preview:-1\" \/>\n<link rel=\"canonical\" href=\"https:\/\/neodal.es\/ca\/producte\/isiwall-3d-clasificadora-automatizada-putwall-2\/\" \/>\n<meta property=\"og:locale\" content=\"ca_ES\" \/>\n<meta property=\"og:type\" content=\"article\" \/>\n<meta property=\"og:title\" content=\"ISIWALL 3D - classificador automatitzat Putwall | NEODAL\" \/>\n<meta property=\"og:description\" content=\"Dispositiu de classificaci\u00f3 autom\u00e0tica tridimensional per a escenaris multicat\u00f2leg i multifluxe\" \/>\n<meta property=\"og:url\" content=\"https:\/\/neodal.es\/ca\/producte\/isiwall-3d-clasificadora-automatizada-putwall-2\/\" \/>\n<meta property=\"og:site_name\" content=\"neodal\" \/>\n<meta property=\"article:modified_time\" content=\"2026-03-06T11:10:57+00:00\" \/>\n<meta property=\"og:image\" content=\"https:\/\/neodal.es\/wp-content\/uploads\/2025\/12\/2904-ISIWALL-3D-CLASIFICADORA-AUTOMATIZADA-PUTWALL.jpg\" \/>\n\t<meta property=\"og:image:width\" content=\"314\" \/>\n\t<meta property=\"og:image:height\" content=\"328\" \/>\n\t<meta property=\"og:image:type\" content=\"image\/jpeg\" \/>\n<meta name=\"twitter:card\" content=\"summary_large_image\" \/>\n<meta name=\"twitter:label1\" content=\"Temps estimat de lectura\" \/>\n\t<meta name=\"twitter:data1\" content=\"1 minut\" \/>\n<script type=\"application\/ld+json\" class=\"yoast-schema-graph\">{\"@context\":\"https:\/\/schema.org\",\"@graph\":[{\"@type\":\"WebPage\",\"@id\":\"https:\/\/neodal.es\/ca\/producte\/isiwall-3d-clasificadora-automatizada-putwall-2\/\",\"url\":\"https:\/\/neodal.es\/ca\/producte\/isiwall-3d-clasificadora-automatizada-putwall-2\/\",\"name\":\"ISIWALL 3D - classificador automatitzat Putwall | NEODAL\",\"isPartOf\":{\"@id\":\"https:\/\/neodal.es\/ca\/#website\"},\"primaryImageOfPage\":{\"@id\":\"https:\/\/neodal.es\/ca\/producte\/isiwall-3d-clasificadora-automatizada-putwall-2\/#primaryimage\"},\"image\":{\"@id\":\"https:\/\/neodal.es\/ca\/producte\/isiwall-3d-clasificadora-automatizada-putwall-2\/#primaryimage\"},\"thumbnailUrl\":\"https:\/\/neodal.es\/wp-content\/uploads\/2025\/12\/2904-ISIWALL-3D-CLASIFICADORA-AUTOMATIZADA-PUTWALL.jpg\",\"datePublished\":\"2025-12-12T11:23:13+00:00\",\"dateModified\":\"2026-03-06T11:10:57+00:00\",\"description\":\"Dispositiu de classificaci\u00f3 autom\u00e0tica tridimensional per a escenaris multicat\u00f2leg i multifluxe\",\"breadcrumb\":{\"@id\":\"https:\/\/neodal.es\/ca\/producte\/isiwall-3d-clasificadora-automatizada-putwall-2\/#breadcrumb\"},\"inLanguage\":\"ca\",\"potentialAction\":[{\"@type\":\"ReadAction\",\"target\":[\"https:\/\/neodal.es\/ca\/producte\/isiwall-3d-clasificadora-automatizada-putwall-2\/\"]}]},{\"@type\":\"ImageObject\",\"inLanguage\":\"ca\",\"@id\":\"https:\/\/neodal.es\/ca\/producte\/isiwall-3d-clasificadora-automatizada-putwall-2\/#primaryimage\",\"url\":\"https:\/\/neodal.es\/wp-content\/uploads\/2025\/12\/2904-ISIWALL-3D-CLASIFICADORA-AUTOMATIZADA-PUTWALL.jpg\",\"contentUrl\":\"https:\/\/neodal.es\/wp-content\/uploads\/2025\/12\/2904-ISIWALL-3D-CLASIFICADORA-AUTOMATIZADA-PUTWALL.jpg\",\"width\":314,\"height\":328,\"caption\":\"ISIWALL 3D - CLASIFICADORA AUTOMATIZADA PUTWALL\"},{\"@type\":\"BreadcrumbList\",\"@id\":\"https:\/\/neodal.es\/ca\/producte\/isiwall-3d-clasificadora-automatizada-putwall-2\/#breadcrumb\",\"itemListElement\":[{\"@type\":\"ListItem\",\"position\":1,\"name\":\"Portada\",\"item\":\"https:\/\/neodal.es\/ca\/home\/\"},{\"@type\":\"ListItem\",\"position\":2,\"name\":\"Productes\",\"item\":\"https:\/\/neodal.es\/ca\/productes\/\"},{\"@type\":\"ListItem\",\"position\":3,\"name\":\"ISIWALL 3D\"}]},{\"@type\":\"WebSite\",\"@id\":\"https:\/\/neodal.es\/ca\/#website\",\"url\":\"https:\/\/neodal.es\/ca\/\",\"name\":\"neodal\",\"description\":\"\",\"publisher\":{\"@id\":\"https:\/\/neodal.es\/ca\/#organization\"},\"potentialAction\":[{\"@type\":\"SearchAction\",\"target\":{\"@type\":\"EntryPoint\",\"urlTemplate\":\"https:\/\/neodal.es\/ca\/?s={search_term_string}\"},\"query-input\":{\"@type\":\"PropertyValueSpecification\",\"valueRequired\":true,\"valueName\":\"search_term_string\"}}],\"inLanguage\":\"ca\"},{\"@type\":\"Organization\",\"@id\":\"https:\/\/neodal.es\/ca\/#organization\",\"name\":\"neodal\",\"url\":\"https:\/\/neodal.es\/ca\/\",\"logo\":{\"@type\":\"ImageObject\",\"inLanguage\":\"ca\",\"@id\":\"https:\/\/neodal.es\/ca\/#\/schema\/logo\/image\/\",\"url\":\"https:\/\/neodal.es\/wp-content\/uploads\/2025\/12\/neodal-logo.jpeg\",\"contentUrl\":\"https:\/\/neodal.es\/wp-content\/uploads\/2025\/12\/neodal-logo.jpeg\",\"width\":359,\"height\":87,\"caption\":\"neodal\"},\"image\":{\"@id\":\"https:\/\/neodal.es\/ca\/#\/schema\/logo\/image\/\"}}]}<\/script>\n<!-- \/ Yoast SEO plugin. -->","yoast_head_json":{"title":"ISIWALL 3D - classificador automatitzat Putwall | NEODAL","description":"Dispositiu de classificaci\u00f3 autom\u00e0tica tridimensional per a escenaris multicat\u00f2leg i multifluxe","robots":{"index":"index","follow":"follow","max-snippet":"max-snippet:-1","max-image-preview":"max-image-preview:large","max-video-preview":"max-video-preview:-1"},"canonical":"https:\/\/neodal.es\/ca\/producte\/isiwall-3d-clasificadora-automatizada-putwall-2\/","og_locale":"ca_ES","og_type":"article","og_title":"ISIWALL 3D - classificador automatitzat Putwall | NEODAL","og_description":"Dispositiu de classificaci\u00f3 autom\u00e0tica tridimensional per a escenaris multicat\u00f2leg i multifluxe","og_url":"https:\/\/neodal.es\/ca\/producte\/isiwall-3d-clasificadora-automatizada-putwall-2\/","og_site_name":"neodal","article_modified_time":"2026-03-06T11:10:57+00:00","og_image":[{"width":314,"height":328,"url":"https:\/\/neodal.es\/wp-content\/uploads\/2025\/12\/2904-ISIWALL-3D-CLASIFICADORA-AUTOMATIZADA-PUTWALL.jpg","type":"image\/jpeg"}],"twitter_card":"summary_large_image","twitter_misc":{"Temps estimat de lectura":"1 minut"},"schema":{"@context":"https:\/\/schema.org","@graph":[{"@type":"WebPage","@id":"https:\/\/neodal.es\/ca\/producte\/isiwall-3d-clasificadora-automatizada-putwall-2\/","url":"https:\/\/neodal.es\/ca\/producte\/isiwall-3d-clasificadora-automatizada-putwall-2\/","name":"ISIWALL 3D - classificador automatitzat Putwall | NEODAL","isPartOf":{"@id":"https:\/\/neodal.es\/ca\/#website"},"primaryImageOfPage":{"@id":"https:\/\/neodal.es\/ca\/producte\/isiwall-3d-clasificadora-automatizada-putwall-2\/#primaryimage"},"image":{"@id":"https:\/\/neodal.es\/ca\/producte\/isiwall-3d-clasificadora-automatizada-putwall-2\/#primaryimage"},"thumbnailUrl":"https:\/\/neodal.es\/wp-content\/uploads\/2025\/12\/2904-ISIWALL-3D-CLASIFICADORA-AUTOMATIZADA-PUTWALL.jpg","datePublished":"2025-12-12T11:23:13+00:00","dateModified":"2026-03-06T11:10:57+00:00","description":"Dispositiu de classificaci\u00f3 autom\u00e0tica tridimensional per a escenaris multicat\u00f2leg i multifluxe","breadcrumb":{"@id":"https:\/\/neodal.es\/ca\/producte\/isiwall-3d-clasificadora-automatizada-putwall-2\/#breadcrumb"},"inLanguage":"ca","potentialAction":[{"@type":"ReadAction","target":["https:\/\/neodal.es\/ca\/producte\/isiwall-3d-clasificadora-automatizada-putwall-2\/"]}]},{"@type":"ImageObject","inLanguage":"ca","@id":"https:\/\/neodal.es\/ca\/producte\/isiwall-3d-clasificadora-automatizada-putwall-2\/#primaryimage","url":"https:\/\/neodal.es\/wp-content\/uploads\/2025\/12\/2904-ISIWALL-3D-CLASIFICADORA-AUTOMATIZADA-PUTWALL.jpg","contentUrl":"https:\/\/neodal.es\/wp-content\/uploads\/2025\/12\/2904-ISIWALL-3D-CLASIFICADORA-AUTOMATIZADA-PUTWALL.jpg","width":314,"height":328,"caption":"ISIWALL 3D - CLASIFICADORA AUTOMATIZADA PUTWALL"},{"@type":"BreadcrumbList","@id":"https:\/\/neodal.es\/ca\/producte\/isiwall-3d-clasificadora-automatizada-putwall-2\/#breadcrumb","itemListElement":[{"@type":"ListItem","position":1,"name":"Portada","item":"https:\/\/neodal.es\/ca\/home\/"},{"@type":"ListItem","position":2,"name":"Productes","item":"https:\/\/neodal.es\/ca\/productes\/"},{"@type":"ListItem","position":3,"name":"ISIWALL 3D"}]},{"@type":"WebSite","@id":"https:\/\/neodal.es\/ca\/#website","url":"https:\/\/neodal.es\/ca\/","name":"neodal","description":"","publisher":{"@id":"https:\/\/neodal.es\/ca\/#organization"},"potentialAction":[{"@type":"SearchAction","target":{"@type":"EntryPoint","urlTemplate":"https:\/\/neodal.es\/ca\/?s={search_term_string}"},"query-input":{"@type":"PropertyValueSpecification","valueRequired":true,"valueName":"search_term_string"}}],"inLanguage":"ca"},{"@type":"Organization","@id":"https:\/\/neodal.es\/ca\/#organization","name":"neodal","url":"https:\/\/neodal.es\/ca\/","logo":{"@type":"ImageObject","inLanguage":"ca","@id":"https:\/\/neodal.es\/ca\/#\/schema\/logo\/image\/","url":"https:\/\/neodal.es\/wp-content\/uploads\/2025\/12\/neodal-logo.jpeg","contentUrl":"https:\/\/neodal.es\/wp-content\/uploads\/2025\/12\/neodal-logo.jpeg","width":359,"height":87,"caption":"neodal"},"image":{"@id":"https:\/\/neodal.es\/ca\/#\/schema\/logo\/image\/"}}]}},"_links":{"self":[{"href":"https:\/\/neodal.es\/ca\/wp-json\/wp\/v2\/product\/6995","targetHints":{"allow":["GET"]}}],"collection":[{"href":"https:\/\/neodal.es\/ca\/wp-json\/wp\/v2\/product"}],"about":[{"href":"https:\/\/neodal.es\/ca\/wp-json\/wp\/v2\/types\/product"}],"replies":[{"embeddable":true,"href":"https:\/\/neodal.es\/ca\/wp-json\/wp\/v2\/comments?post=6995"}],"version-history":[{"count":1,"href":"https:\/\/neodal.es\/ca\/wp-json\/wp\/v2\/product\/6995\/revisions"}],"predecessor-version":[{"id":8824,"href":"https:\/\/neodal.es\/ca\/wp-json\/wp\/v2\/product\/6995\/revisions\/8824"}],"wp:featuredmedia":[{"embeddable":true,"href":"https:\/\/neodal.es\/ca\/wp-json\/wp\/v2\/media\/8821"}],"wp:attachment":[{"href":"https:\/\/neodal.es\/ca\/wp-json\/wp\/v2\/media?parent=6995"}],"wp:term":[{"taxonomy":"product_brand","embeddable":true,"href":"https:\/\/neodal.es\/ca\/wp-json\/wp\/v2\/product_brand?post=6995"},{"taxonomy":"product_cat","embeddable":true,"href":"https:\/\/neodal.es\/ca\/wp-json\/wp\/v2\/product_cat?post=6995"},{"taxonomy":"product_tag","embeddable":true,"href":"https:\/\/neodal.es\/ca\/wp-json\/wp\/v2\/product_tag?post=6995"}],"curies":[{"name":"wp","href":"https:\/\/api.w.org\/{rel}","templated":true}]}}