{"id":7005,"date":"2025-12-15T12:51:41","date_gmt":"2025-12-15T12:51:41","guid":{"rendered":"http:\/\/neodal.local\/product\/copy-of-isiwall-3d-clasificadora-automatizada-putwall\/"},"modified":"2026-03-17T08:56:42","modified_gmt":"2026-03-17T08:56:42","slug":"isitort-cbs-v-ca","status":"publish","type":"product","link":"https:\/\/neodal.es\/ca\/producte\/isitort-cbs-v-ca\/","title":{"rendered":"ISITORT CBS-V"},"content":{"rendered":"<h2>Tipus de classificadors verticals:<br \/>\nClassificador lineal:<br \/>\nTipus: Apte per a paquets petits<\/h2>\n<ul>\n<li>Mida de l&#8217;equip (LxAxA): 6600x2800x2400 (mm)<\/li>\n<li>Mida del paquet (LxAxA): 50-380 50-300 5-150 (mm)<\/li>\n<li>Pes m\u00e0xim del producte: 3 g-3 kg<\/li>\n<li>Efici\u00e8ncia de selecci\u00f3: fins a 2500 peces\/hora<\/li>\n<li>Nombre de ranures: 100 peces (personalitzables)<\/li>\n<li>M\u00e8tode de subministrament: C\u00e0rrega manual\/c\u00e0rrega autom\u00e0tica<\/li>\n<li>Font d&#8217;alimentaci\u00f3: Voltatge: AC 380 V\/50 Hz<\/li>\n<li>Taula de subministrament: 900mm (personalitzable)<\/li>\n<li>Mida del cotxe amb vareta de filferro (LxAxA): 2060x530x1900 (mm)<\/li>\n<\/ul>\n","protected":false},"excerpt":{"rendered":"<p><strong>Isisort CBS-V<\/strong> \u00e9s una soluci\u00f3 de <strong>classificaci\u00f3 vertical d&#8217;alta efici\u00e8ncia<\/strong>, compatible amb classificadors de banda creuada i banda estreta. El seu disseny vertical optimitza l&#8217;espai disponible sense comprometre el rendiment, permetent una <strong>classificaci\u00f3 r\u00e0pida i precisa<\/strong> de paquets de diferents mides.<\/p>\n","protected":false},"featured_media":8371,"comment_status":"open","ping_status":"closed","template":"","meta":{"_acf_changed":false},"product_brand":[],"product_cat":[1472],"product_tag":[],"class_list":{"0":"post-7005","1":"product","2":"type-product","3":"status-publish","4":"has-post-thumbnail","6":"product_cat-clasificacion-de-paqueteria-ca","8":"first","9":"instock","10":"shipping-taxable","11":"product-type-simple"},"acf":[],"yoast_head":"<!-- This site is optimized with the Yoast SEO plugin v27.0 - https:\/\/yoast.com\/product\/yoast-seo-wordpress\/ -->\n<title>ISITORT CBS-V - neodal<\/title>\n<meta name=\"robots\" content=\"index, follow, max-snippet:-1, max-image-preview:large, max-video-preview:-1\" \/>\n<link rel=\"canonical\" href=\"https:\/\/neodal.es\/ca\/producte\/isitort-cbs-v-ca\/\" \/>\n<meta property=\"og:locale\" content=\"ca_ES\" \/>\n<meta property=\"og:type\" content=\"article\" \/>\n<meta property=\"og:title\" content=\"ISITORT CBS-V - neodal\" \/>\n<meta property=\"og:description\" content=\"Isisort CBS-V \u00e9s una soluci\u00f3 de classificaci\u00f3 vertical d&#039;alta efici\u00e8ncia, compatible amb classificadors de banda creuada i banda estreta. El seu disseny vertical optimitza l&#039;espai disponible sense comprometre el rendiment, permetent una classificaci\u00f3 r\u00e0pida i precisa de paquets de diferents mides.\" \/>\n<meta property=\"og:url\" content=\"https:\/\/neodal.es\/ca\/producte\/isitort-cbs-v-ca\/\" \/>\n<meta property=\"og:site_name\" content=\"neodal\" \/>\n<meta property=\"article:modified_time\" content=\"2026-03-17T08:56:42+00:00\" \/>\n<meta property=\"og:image\" content=\"https:\/\/neodal.es\/wp-content\/uploads\/2025\/12\/2869-ISITORT-CBS-V-CLASIFICADOR-VERTICAL-DE-CINTAS.jpg\" \/>\n\t<meta property=\"og:image:width\" content=\"1312\" \/>\n\t<meta property=\"og:image:height\" content=\"937\" \/>\n\t<meta property=\"og:image:type\" content=\"image\/jpeg\" \/>\n<meta name=\"twitter:card\" content=\"summary_large_image\" \/>\n<meta name=\"twitter:label1\" content=\"Temps estimat de lectura\" \/>\n\t<meta name=\"twitter:data1\" content=\"1 minut\" \/>\n<script type=\"application\/ld+json\" class=\"yoast-schema-graph\">{\"@context\":\"https:\/\/schema.org\",\"@graph\":[{\"@type\":\"WebPage\",\"@id\":\"https:\/\/neodal.es\/ca\/producte\/isitort-cbs-v-ca\/\",\"url\":\"https:\/\/neodal.es\/ca\/producte\/isitort-cbs-v-ca\/\",\"name\":\"ISITORT CBS-V - neodal\",\"isPartOf\":{\"@id\":\"https:\/\/neodal.es\/ca\/#website\"},\"primaryImageOfPage\":{\"@id\":\"https:\/\/neodal.es\/ca\/producte\/isitort-cbs-v-ca\/#primaryimage\"},\"image\":{\"@id\":\"https:\/\/neodal.es\/ca\/producte\/isitort-cbs-v-ca\/#primaryimage\"},\"thumbnailUrl\":\"https:\/\/neodal.es\/wp-content\/uploads\/2025\/12\/2869-ISITORT-CBS-V-CLASIFICADOR-VERTICAL-DE-CINTAS.jpg\",\"datePublished\":\"2025-12-15T12:51:41+00:00\",\"dateModified\":\"2026-03-17T08:56:42+00:00\",\"breadcrumb\":{\"@id\":\"https:\/\/neodal.es\/ca\/producte\/isitort-cbs-v-ca\/#breadcrumb\"},\"inLanguage\":\"ca\",\"potentialAction\":[{\"@type\":\"ReadAction\",\"target\":[\"https:\/\/neodal.es\/ca\/producte\/isitort-cbs-v-ca\/\"]}]},{\"@type\":\"ImageObject\",\"inLanguage\":\"ca\",\"@id\":\"https:\/\/neodal.es\/ca\/producte\/isitort-cbs-v-ca\/#primaryimage\",\"url\":\"https:\/\/neodal.es\/wp-content\/uploads\/2025\/12\/2869-ISITORT-CBS-V-CLASIFICADOR-VERTICAL-DE-CINTAS.jpg\",\"contentUrl\":\"https:\/\/neodal.es\/wp-content\/uploads\/2025\/12\/2869-ISITORT-CBS-V-CLASIFICADOR-VERTICAL-DE-CINTAS.jpg\",\"width\":1312,\"height\":937,\"caption\":\"ISITORT CBS-V CLASIFICADOR VERTICAL DE CINTAS\"},{\"@type\":\"BreadcrumbList\",\"@id\":\"https:\/\/neodal.es\/ca\/producte\/isitort-cbs-v-ca\/#breadcrumb\",\"itemListElement\":[{\"@type\":\"ListItem\",\"position\":1,\"name\":\"Portada\",\"item\":\"https:\/\/neodal.es\/ca\/home\/\"},{\"@type\":\"ListItem\",\"position\":2,\"name\":\"Productes\",\"item\":\"https:\/\/neodal.es\/ca\/productes\/\"},{\"@type\":\"ListItem\",\"position\":3,\"name\":\"ISITORT CBS-V\"}]},{\"@type\":\"WebSite\",\"@id\":\"https:\/\/neodal.es\/ca\/#website\",\"url\":\"https:\/\/neodal.es\/ca\/\",\"name\":\"neodal\",\"description\":\"\",\"publisher\":{\"@id\":\"https:\/\/neodal.es\/ca\/#organization\"},\"potentialAction\":[{\"@type\":\"SearchAction\",\"target\":{\"@type\":\"EntryPoint\",\"urlTemplate\":\"https:\/\/neodal.es\/ca\/?s={search_term_string}\"},\"query-input\":{\"@type\":\"PropertyValueSpecification\",\"valueRequired\":true,\"valueName\":\"search_term_string\"}}],\"inLanguage\":\"ca\"},{\"@type\":\"Organization\",\"@id\":\"https:\/\/neodal.es\/ca\/#organization\",\"name\":\"neodal\",\"url\":\"https:\/\/neodal.es\/ca\/\",\"logo\":{\"@type\":\"ImageObject\",\"inLanguage\":\"ca\",\"@id\":\"https:\/\/neodal.es\/ca\/#\/schema\/logo\/image\/\",\"url\":\"https:\/\/neodal.es\/wp-content\/uploads\/2025\/12\/neodal-logo.jpeg\",\"contentUrl\":\"https:\/\/neodal.es\/wp-content\/uploads\/2025\/12\/neodal-logo.jpeg\",\"width\":359,\"height\":87,\"caption\":\"neodal\"},\"image\":{\"@id\":\"https:\/\/neodal.es\/ca\/#\/schema\/logo\/image\/\"}}]}<\/script>\n<!-- \/ Yoast SEO plugin. -->","yoast_head_json":{"title":"ISITORT CBS-V - neodal","robots":{"index":"index","follow":"follow","max-snippet":"max-snippet:-1","max-image-preview":"max-image-preview:large","max-video-preview":"max-video-preview:-1"},"canonical":"https:\/\/neodal.es\/ca\/producte\/isitort-cbs-v-ca\/","og_locale":"ca_ES","og_type":"article","og_title":"ISITORT CBS-V - neodal","og_description":"Isisort CBS-V \u00e9s una soluci\u00f3 de classificaci\u00f3 vertical d'alta efici\u00e8ncia, compatible amb classificadors de banda creuada i banda estreta. El seu disseny vertical optimitza l'espai disponible sense comprometre el rendiment, permetent una classificaci\u00f3 r\u00e0pida i precisa de paquets de diferents mides.","og_url":"https:\/\/neodal.es\/ca\/producte\/isitort-cbs-v-ca\/","og_site_name":"neodal","article_modified_time":"2026-03-17T08:56:42+00:00","og_image":[{"width":1312,"height":937,"url":"https:\/\/neodal.es\/wp-content\/uploads\/2025\/12\/2869-ISITORT-CBS-V-CLASIFICADOR-VERTICAL-DE-CINTAS.jpg","type":"image\/jpeg"}],"twitter_card":"summary_large_image","twitter_misc":{"Temps estimat de lectura":"1 minut"},"schema":{"@context":"https:\/\/schema.org","@graph":[{"@type":"WebPage","@id":"https:\/\/neodal.es\/ca\/producte\/isitort-cbs-v-ca\/","url":"https:\/\/neodal.es\/ca\/producte\/isitort-cbs-v-ca\/","name":"ISITORT CBS-V - neodal","isPartOf":{"@id":"https:\/\/neodal.es\/ca\/#website"},"primaryImageOfPage":{"@id":"https:\/\/neodal.es\/ca\/producte\/isitort-cbs-v-ca\/#primaryimage"},"image":{"@id":"https:\/\/neodal.es\/ca\/producte\/isitort-cbs-v-ca\/#primaryimage"},"thumbnailUrl":"https:\/\/neodal.es\/wp-content\/uploads\/2025\/12\/2869-ISITORT-CBS-V-CLASIFICADOR-VERTICAL-DE-CINTAS.jpg","datePublished":"2025-12-15T12:51:41+00:00","dateModified":"2026-03-17T08:56:42+00:00","breadcrumb":{"@id":"https:\/\/neodal.es\/ca\/producte\/isitort-cbs-v-ca\/#breadcrumb"},"inLanguage":"ca","potentialAction":[{"@type":"ReadAction","target":["https:\/\/neodal.es\/ca\/producte\/isitort-cbs-v-ca\/"]}]},{"@type":"ImageObject","inLanguage":"ca","@id":"https:\/\/neodal.es\/ca\/producte\/isitort-cbs-v-ca\/#primaryimage","url":"https:\/\/neodal.es\/wp-content\/uploads\/2025\/12\/2869-ISITORT-CBS-V-CLASIFICADOR-VERTICAL-DE-CINTAS.jpg","contentUrl":"https:\/\/neodal.es\/wp-content\/uploads\/2025\/12\/2869-ISITORT-CBS-V-CLASIFICADOR-VERTICAL-DE-CINTAS.jpg","width":1312,"height":937,"caption":"ISITORT CBS-V CLASIFICADOR VERTICAL DE CINTAS"},{"@type":"BreadcrumbList","@id":"https:\/\/neodal.es\/ca\/producte\/isitort-cbs-v-ca\/#breadcrumb","itemListElement":[{"@type":"ListItem","position":1,"name":"Portada","item":"https:\/\/neodal.es\/ca\/home\/"},{"@type":"ListItem","position":2,"name":"Productes","item":"https:\/\/neodal.es\/ca\/productes\/"},{"@type":"ListItem","position":3,"name":"ISITORT CBS-V"}]},{"@type":"WebSite","@id":"https:\/\/neodal.es\/ca\/#website","url":"https:\/\/neodal.es\/ca\/","name":"neodal","description":"","publisher":{"@id":"https:\/\/neodal.es\/ca\/#organization"},"potentialAction":[{"@type":"SearchAction","target":{"@type":"EntryPoint","urlTemplate":"https:\/\/neodal.es\/ca\/?s={search_term_string}"},"query-input":{"@type":"PropertyValueSpecification","valueRequired":true,"valueName":"search_term_string"}}],"inLanguage":"ca"},{"@type":"Organization","@id":"https:\/\/neodal.es\/ca\/#organization","name":"neodal","url":"https:\/\/neodal.es\/ca\/","logo":{"@type":"ImageObject","inLanguage":"ca","@id":"https:\/\/neodal.es\/ca\/#\/schema\/logo\/image\/","url":"https:\/\/neodal.es\/wp-content\/uploads\/2025\/12\/neodal-logo.jpeg","contentUrl":"https:\/\/neodal.es\/wp-content\/uploads\/2025\/12\/neodal-logo.jpeg","width":359,"height":87,"caption":"neodal"},"image":{"@id":"https:\/\/neodal.es\/ca\/#\/schema\/logo\/image\/"}}]}},"_links":{"self":[{"href":"https:\/\/neodal.es\/ca\/wp-json\/wp\/v2\/product\/7005","targetHints":{"allow":["GET"]}}],"collection":[{"href":"https:\/\/neodal.es\/ca\/wp-json\/wp\/v2\/product"}],"about":[{"href":"https:\/\/neodal.es\/ca\/wp-json\/wp\/v2\/types\/product"}],"replies":[{"embeddable":true,"href":"https:\/\/neodal.es\/ca\/wp-json\/wp\/v2\/comments?post=7005"}],"version-history":[{"count":1,"href":"https:\/\/neodal.es\/ca\/wp-json\/wp\/v2\/product\/7005\/revisions"}],"predecessor-version":[{"id":8867,"href":"https:\/\/neodal.es\/ca\/wp-json\/wp\/v2\/product\/7005\/revisions\/8867"}],"wp:featuredmedia":[{"embeddable":true,"href":"https:\/\/neodal.es\/ca\/wp-json\/wp\/v2\/media\/8371"}],"wp:attachment":[{"href":"https:\/\/neodal.es\/ca\/wp-json\/wp\/v2\/media?parent=7005"}],"wp:term":[{"taxonomy":"product_brand","embeddable":true,"href":"https:\/\/neodal.es\/ca\/wp-json\/wp\/v2\/product_brand?post=7005"},{"taxonomy":"product_cat","embeddable":true,"href":"https:\/\/neodal.es\/ca\/wp-json\/wp\/v2\/product_cat?post=7005"},{"taxonomy":"product_tag","embeddable":true,"href":"https:\/\/neodal.es\/ca\/wp-json\/wp\/v2\/product_tag?post=7005"}],"curies":[{"name":"wp","href":"https:\/\/api.w.org\/{rel}","templated":true}]}}