{"id":8813,"date":"2026-02-25T09:48:53","date_gmt":"2026-02-25T09:48:53","guid":{"rendered":"https:\/\/neodal.es\/product\/titan-900-series\/"},"modified":"2026-02-25T09:48:53","modified_gmt":"2026-02-25T09:48:53","slug":"titan-900-series","status":"publish","type":"product","link":"https:\/\/neodal.es\/ca\/producte\/titan-900-series\/","title":{"rendered":"TITAN 900 series"},"content":{"rendered":"<ul>\n<li>Fins a 900 ubicacions<\/li>\n<li>Configuraci\u00f3 de sector variable de 10 a 60 posicions<\/li>\n<li>Petjada redu\u00efda de nom\u00e9s 1 metre quadrat<\/li>\n<li>Sistema opcional de desinfecci\u00f3 amb oz\u00f3<\/li>\n<li>No es pot superar el l\u00edmit m\u00e0xim de cr\u00e8dit: cada usuari nom\u00e9s pot retirar el nombre d&#8217;uniformes autoritzat<\/li>\n<li>Paquet d&#8217;aliments d&#8217;emerg\u00e8ncia opcional<\/li>\n<li>Versi\u00f3 delgada disponible com a opci\u00f3<\/li>\n<\/ul>\n","protected":false},"excerpt":{"rendered":"<p>El dispensador giratori d&#8217;uniformes de la s\u00e8rie TITAN 900 ofereix una distribuci\u00f3 eficient, higi\u00e8nica i totalment automatitzada d&#8217;uniformes plegats, fins i tot en els espais m\u00e9s redu\u00efts. Ideal per a hospitals, hotels i les ind\u00fastries aliment\u00e0ria i farmac\u00e8utica, garanteix un acc\u00e9s fiable a la roba neta les 24 hores del dia, els 7 dies de la setmana. El Titan disposa d&#8217;una pantalla t\u00e0ctil de 10 polzades i \u00e9s compatible amb les tecnologies RFID UHF i HF. Els usuaris poden accedir al sistema mitjan\u00e7ant les targetes d&#8217;empresa, el reconeixement facial, el reconeixement d&#8217;empremtes dactilars o un codi PIN o contrasenya. La s\u00e8rie TITAN 900 s&#8217;adapta f\u00e0cilment a tota mena i mida de uniformes.    <\/p>\n","protected":false},"featured_media":8134,"template":"","meta":{"_acf_changed":false},"product_brand":[],"product_cat":[1993],"product_tag":[],"class_list":{"0":"post-8813","1":"product","2":"type-product","3":"status-publish","4":"has-post-thumbnail","6":"product_cat-gestio-textil","8":"first","9":"instock","10":"shipping-taxable","11":"product-type-simple"},"acf":[],"yoast_head":"<!-- This site is optimized with the Yoast SEO plugin v27.4 - https:\/\/yoast.com\/product\/yoast-seo-wordpress\/ -->\n<title>TITAN 900 series - neodal<\/title>\n<meta name=\"robots\" content=\"index, follow, max-snippet:-1, max-image-preview:large, max-video-preview:-1\" \/>\n<link rel=\"canonical\" href=\"https:\/\/neodal.es\/ca\/producte\/titan-900-series\/\" \/>\n<meta property=\"og:locale\" content=\"ca_ES\" \/>\n<meta property=\"og:type\" content=\"article\" \/>\n<meta property=\"og:title\" content=\"TITAN 900 series - neodal\" \/>\n<meta property=\"og:description\" content=\"El dispensador giratori d&#039;uniformes de la s\u00e8rie TITAN 900 ofereix una distribuci\u00f3 eficient, higi\u00e8nica i totalment automatitzada d&#039;uniformes plegats, fins i tot en els espais m\u00e9s redu\u00efts. Ideal per a hospitals, hotels i les ind\u00fastries aliment\u00e0ria i farmac\u00e8utica, garanteix un acc\u00e9s fiable a la roba neta les 24 hores del dia, els 7 dies de la setmana. El Titan disposa d&#039;una pantalla t\u00e0ctil de 10 polzades i \u00e9s compatible amb les tecnologies RFID UHF i HF. Els usuaris poden accedir al sistema mitjan\u00e7ant les targetes d&#039;empresa, el reconeixement facial, el reconeixement d&#039;empremtes dactilars o un codi PIN o contrasenya. La s\u00e8rie TITAN 900 s&#039;adapta f\u00e0cilment a tota mena i mida de uniformes.\" \/>\n<meta property=\"og:url\" content=\"https:\/\/neodal.es\/ca\/producte\/titan-900-series\/\" \/>\n<meta property=\"og:site_name\" content=\"neodal\" \/>\n<meta property=\"og:image\" content=\"https:\/\/neodal.es\/wp-content\/uploads\/2026\/02\/912-slim-scaled.webp\" \/>\n\t<meta property=\"og:image:width\" content=\"2560\" \/>\n\t<meta property=\"og:image:height\" content=\"2560\" \/>\n\t<meta property=\"og:image:type\" content=\"image\/webp\" \/>\n<meta name=\"twitter:card\" content=\"summary_large_image\" \/>\n<script type=\"application\/ld+json\" class=\"yoast-schema-graph\">{\"@context\":\"https:\\\/\\\/schema.org\",\"@graph\":[{\"@type\":\"WebPage\",\"@id\":\"https:\\\/\\\/neodal.es\\\/ca\\\/producte\\\/titan-900-series\\\/\",\"url\":\"https:\\\/\\\/neodal.es\\\/ca\\\/producte\\\/titan-900-series\\\/\",\"name\":\"TITAN 900 series - neodal\",\"isPartOf\":{\"@id\":\"https:\\\/\\\/neodal.es\\\/ca\\\/#website\"},\"primaryImageOfPage\":{\"@id\":\"https:\\\/\\\/neodal.es\\\/ca\\\/producte\\\/titan-900-series\\\/#primaryimage\"},\"image\":{\"@id\":\"https:\\\/\\\/neodal.es\\\/ca\\\/producte\\\/titan-900-series\\\/#primaryimage\"},\"thumbnailUrl\":\"https:\\\/\\\/neodal.es\\\/wp-content\\\/uploads\\\/2026\\\/02\\\/912-slim-scaled.webp\",\"datePublished\":\"2026-02-25T09:48:53+00:00\",\"breadcrumb\":{\"@id\":\"https:\\\/\\\/neodal.es\\\/ca\\\/producte\\\/titan-900-series\\\/#breadcrumb\"},\"inLanguage\":\"ca\",\"potentialAction\":[{\"@type\":\"ReadAction\",\"target\":[\"https:\\\/\\\/neodal.es\\\/ca\\\/producte\\\/titan-900-series\\\/\"]}]},{\"@type\":\"ImageObject\",\"inLanguage\":\"ca\",\"@id\":\"https:\\\/\\\/neodal.es\\\/ca\\\/producte\\\/titan-900-series\\\/#primaryimage\",\"url\":\"https:\\\/\\\/neodal.es\\\/wp-content\\\/uploads\\\/2026\\\/02\\\/912-slim-scaled.webp\",\"contentUrl\":\"https:\\\/\\\/neodal.es\\\/wp-content\\\/uploads\\\/2026\\\/02\\\/912-slim-scaled.webp\",\"width\":2560,\"height\":2560},{\"@type\":\"BreadcrumbList\",\"@id\":\"https:\\\/\\\/neodal.es\\\/ca\\\/producte\\\/titan-900-series\\\/#breadcrumb\",\"itemListElement\":[{\"@type\":\"ListItem\",\"position\":1,\"name\":\"Portada\",\"item\":\"https:\\\/\\\/neodal.es\\\/ca\\\/home\\\/\"},{\"@type\":\"ListItem\",\"position\":2,\"name\":\"Productes\",\"item\":\"https:\\\/\\\/neodal.es\\\/ca\\\/productes\\\/\"},{\"@type\":\"ListItem\",\"position\":3,\"name\":\"TITAN 900 series\"}]},{\"@type\":\"WebSite\",\"@id\":\"https:\\\/\\\/neodal.es\\\/ca\\\/#website\",\"url\":\"https:\\\/\\\/neodal.es\\\/ca\\\/\",\"name\":\"neodal\",\"description\":\"\",\"potentialAction\":[{\"@type\":\"SearchAction\",\"target\":{\"@type\":\"EntryPoint\",\"urlTemplate\":\"https:\\\/\\\/neodal.es\\\/ca\\\/?s={search_term_string}\"},\"query-input\":{\"@type\":\"PropertyValueSpecification\",\"valueRequired\":true,\"valueName\":\"search_term_string\"}}],\"inLanguage\":\"ca\"}]}<\/script>\n<!-- \/ Yoast SEO plugin. -->","yoast_head_json":{"title":"TITAN 900 series - neodal","robots":{"index":"index","follow":"follow","max-snippet":"max-snippet:-1","max-image-preview":"max-image-preview:large","max-video-preview":"max-video-preview:-1"},"canonical":"https:\/\/neodal.es\/ca\/producte\/titan-900-series\/","og_locale":"ca_ES","og_type":"article","og_title":"TITAN 900 series - neodal","og_description":"El dispensador giratori d'uniformes de la s\u00e8rie TITAN 900 ofereix una distribuci\u00f3 eficient, higi\u00e8nica i totalment automatitzada d'uniformes plegats, fins i tot en els espais m\u00e9s redu\u00efts. Ideal per a hospitals, hotels i les ind\u00fastries aliment\u00e0ria i farmac\u00e8utica, garanteix un acc\u00e9s fiable a la roba neta les 24 hores del dia, els 7 dies de la setmana. El Titan disposa d'una pantalla t\u00e0ctil de 10 polzades i \u00e9s compatible amb les tecnologies RFID UHF i HF. Els usuaris poden accedir al sistema mitjan\u00e7ant les targetes d'empresa, el reconeixement facial, el reconeixement d'empremtes dactilars o un codi PIN o contrasenya. La s\u00e8rie TITAN 900 s'adapta f\u00e0cilment a tota mena i mida de uniformes.","og_url":"https:\/\/neodal.es\/ca\/producte\/titan-900-series\/","og_site_name":"neodal","og_image":[{"width":2560,"height":2560,"url":"https:\/\/neodal.es\/wp-content\/uploads\/2026\/02\/912-slim-scaled.webp","type":"image\/webp"}],"twitter_card":"summary_large_image","schema":{"@context":"https:\/\/schema.org","@graph":[{"@type":"WebPage","@id":"https:\/\/neodal.es\/ca\/producte\/titan-900-series\/","url":"https:\/\/neodal.es\/ca\/producte\/titan-900-series\/","name":"TITAN 900 series - neodal","isPartOf":{"@id":"https:\/\/neodal.es\/ca\/#website"},"primaryImageOfPage":{"@id":"https:\/\/neodal.es\/ca\/producte\/titan-900-series\/#primaryimage"},"image":{"@id":"https:\/\/neodal.es\/ca\/producte\/titan-900-series\/#primaryimage"},"thumbnailUrl":"https:\/\/neodal.es\/wp-content\/uploads\/2026\/02\/912-slim-scaled.webp","datePublished":"2026-02-25T09:48:53+00:00","breadcrumb":{"@id":"https:\/\/neodal.es\/ca\/producte\/titan-900-series\/#breadcrumb"},"inLanguage":"ca","potentialAction":[{"@type":"ReadAction","target":["https:\/\/neodal.es\/ca\/producte\/titan-900-series\/"]}]},{"@type":"ImageObject","inLanguage":"ca","@id":"https:\/\/neodal.es\/ca\/producte\/titan-900-series\/#primaryimage","url":"https:\/\/neodal.es\/wp-content\/uploads\/2026\/02\/912-slim-scaled.webp","contentUrl":"https:\/\/neodal.es\/wp-content\/uploads\/2026\/02\/912-slim-scaled.webp","width":2560,"height":2560},{"@type":"BreadcrumbList","@id":"https:\/\/neodal.es\/ca\/producte\/titan-900-series\/#breadcrumb","itemListElement":[{"@type":"ListItem","position":1,"name":"Portada","item":"https:\/\/neodal.es\/ca\/home\/"},{"@type":"ListItem","position":2,"name":"Productes","item":"https:\/\/neodal.es\/ca\/productes\/"},{"@type":"ListItem","position":3,"name":"TITAN 900 series"}]},{"@type":"WebSite","@id":"https:\/\/neodal.es\/ca\/#website","url":"https:\/\/neodal.es\/ca\/","name":"neodal","description":"","potentialAction":[{"@type":"SearchAction","target":{"@type":"EntryPoint","urlTemplate":"https:\/\/neodal.es\/ca\/?s={search_term_string}"},"query-input":{"@type":"PropertyValueSpecification","valueRequired":true,"valueName":"search_term_string"}}],"inLanguage":"ca"}]}},"_links":{"self":[{"href":"https:\/\/neodal.es\/ca\/wp-json\/wp\/v2\/product\/8813","targetHints":{"allow":["GET"]}}],"collection":[{"href":"https:\/\/neodal.es\/ca\/wp-json\/wp\/v2\/product"}],"about":[{"href":"https:\/\/neodal.es\/ca\/wp-json\/wp\/v2\/types\/product"}],"version-history":[{"count":0,"href":"https:\/\/neodal.es\/ca\/wp-json\/wp\/v2\/product\/8813\/revisions"}],"wp:featuredmedia":[{"embeddable":true,"href":"https:\/\/neodal.es\/ca\/wp-json\/wp\/v2\/media\/8134"}],"wp:attachment":[{"href":"https:\/\/neodal.es\/ca\/wp-json\/wp\/v2\/media?parent=8813"}],"wp:term":[{"taxonomy":"product_brand","embeddable":true,"href":"https:\/\/neodal.es\/ca\/wp-json\/wp\/v2\/product_brand?post=8813"},{"taxonomy":"product_cat","embeddable":true,"href":"https:\/\/neodal.es\/ca\/wp-json\/wp\/v2\/product_cat?post=8813"},{"taxonomy":"product_tag","embeddable":true,"href":"https:\/\/neodal.es\/ca\/wp-json\/wp\/v2\/product_tag?post=8813"}],"curies":[{"name":"wp","href":"https:\/\/api.w.org\/{rel}","templated":true}]}}