{"id":8819,"date":"2026-02-25T09:09:09","date_gmt":"2026-02-25T09:09:09","guid":{"rendered":"https:\/\/neodal.es\/product\/lector-dacces-per-a-portes-rfid-g07\/"},"modified":"2026-02-25T09:09:09","modified_gmt":"2026-02-25T09:09:09","slug":"lector-dacces-per-a-portes-rfid-g07","status":"publish","type":"product","link":"https:\/\/neodal.es\/ca\/producte\/lector-dacces-per-a-portes-rfid-g07\/","title":{"rendered":"Lector d&#8217;acc\u00e9s per a portes RFID G07"},"content":{"rendered":"<p>L&#8217;Open Gate G07 est\u00e0 disponible en tres versions: lectura a\u00e8ria (Spyder), columna de lectura a terra i aplicacions d&#8217;exterior.<\/p>\n<p>Les columnes es poden adaptar a qualsevol requisit i a qualsevol tipus de pas o porta que s&#8217;hagi de controlar.<\/p>\n<p><strong>DADES T\u00c8CNIQUES<\/strong><\/p>\n<p>Middleware Software: Puerta estelar de ZCS<\/p>\n<p>Opcions de tecnologia RFID UHF:<\/p>\n<p style=\"text-align: left;\"> &#8211; ISO 18000 6c Classe 1 Generaci\u00f3 2<\/p>\n<p> &#8211; Spider G07: 4 antenes internes<\/p>\n<p>&#8211; G07: 4 antenes internes<\/p>\n<p>&#8211; G07 Slim: 2 antenes internes<\/p>\n<p>Caracter\u00edstiques de la m\u00e0quina: panell el\u00e8ctric intern amb sem\u00e0for i sirena d&#8217;alarma programada<\/p>\n<p>Material de l&#8217;estructura exterior: acer inoxidable \/ xapa metal\u00b7lica recoberta amb pols &#8211; xapa metal\u00b7lica fos \/ xapa metal\u00b7lica galvanitzada<\/p>\n<p>Color de l&#8217;estructura exterior: acer inoxidable natural \/ blanc RAL 9003 \/ zinc natural<\/p>\n<p>Connectors del sistema:<\/p>\n<p> <span style=\"white-space: pre;\"> &#8211; <\/span>N\u00ba 1 toma 220V 0,5 KW<\/p>\n<p>&#8211; N\u00b0 1 Toma Ethernet 10\/100\/1000<\/p>\n","protected":false},"excerpt":{"rendered":"<p>El lector d&#8217;acc\u00e9s de porta industrial RFID-UHF Open Gate G07 garanteix el seguiment de la roba neta i bruta que entra i surt de les instal\u00b7lacions. Optimitza la gesti\u00f3 de la bugaderia, controla el moviment dels articles i protegeix els punts d&#8217;acc\u00e9s clau per reduir p\u00e8rdues i robatoris. El seu disseny adaptable s&#8217;integra en qualsevol passad\u00eds i portal, facilitant la instal\u00b7laci\u00f3 en hospitals, ind\u00fastries, hotels i magatzems.  <\/p>\n","protected":false},"featured_media":8117,"comment_status":"open","ping_status":"closed","template":"","meta":{"_acf_changed":false},"product_brand":[],"product_cat":[2017],"product_tag":[],"class_list":{"0":"post-8819","1":"product","2":"type-product","3":"status-publish","4":"has-post-thumbnail","6":"product_cat-solucions-rfid-gestio-tracabilitat","8":"first","9":"instock","10":"shipping-taxable","11":"product-type-simple"},"acf":[],"yoast_head":"<!-- This site is optimized with the Yoast SEO plugin v27.0 - https:\/\/yoast.com\/product\/yoast-seo-wordpress\/ -->\n<title>Lector d&#039;acc\u00e9s per a portes RFID G07 - neodal<\/title>\n<meta name=\"robots\" content=\"index, follow, max-snippet:-1, max-image-preview:large, max-video-preview:-1\" \/>\n<link rel=\"canonical\" href=\"https:\/\/neodal.es\/ca\/producte\/lector-dacces-per-a-portes-rfid-g07\/\" \/>\n<meta property=\"og:locale\" content=\"ca_ES\" \/>\n<meta property=\"og:type\" content=\"article\" \/>\n<meta property=\"og:title\" content=\"Lector d&#039;acc\u00e9s per a portes RFID G07 - neodal\" \/>\n<meta property=\"og:description\" content=\"El lector d&#039;acc\u00e9s de porta industrial RFID-UHF Open Gate G07 garanteix el seguiment de la roba neta i bruta que entra i surt de les instal\u00b7lacions. Optimitza la gesti\u00f3 de la bugaderia, controla el moviment dels articles i protegeix els punts d&#039;acc\u00e9s clau per reduir p\u00e8rdues i robatoris. El seu disseny adaptable s&#039;integra en qualsevol passad\u00eds i portal, facilitant la instal\u00b7laci\u00f3 en hospitals, ind\u00fastries, hotels i magatzems.\" \/>\n<meta property=\"og:url\" content=\"https:\/\/neodal.es\/ca\/producte\/lector-dacces-per-a-portes-rfid-g07\/\" \/>\n<meta property=\"og:site_name\" content=\"neodal\" \/>\n<meta property=\"og:image\" content=\"https:\/\/neodal.es\/wp-content\/uploads\/2026\/02\/G07-STANDARD-WHITE-C000-scaled.jpg\" \/>\n\t<meta property=\"og:image:width\" content=\"2096\" \/>\n\t<meta property=\"og:image:height\" content=\"2560\" \/>\n\t<meta property=\"og:image:type\" content=\"image\/jpeg\" \/>\n<meta name=\"twitter:card\" content=\"summary_large_image\" \/>\n<meta name=\"twitter:label1\" content=\"Temps estimat de lectura\" \/>\n\t<meta name=\"twitter:data1\" content=\"1 minut\" \/>\n<script type=\"application\/ld+json\" class=\"yoast-schema-graph\">{\"@context\":\"https:\/\/schema.org\",\"@graph\":[{\"@type\":\"WebPage\",\"@id\":\"https:\/\/neodal.es\/ca\/producte\/lector-dacces-per-a-portes-rfid-g07\/\",\"url\":\"https:\/\/neodal.es\/ca\/producte\/lector-dacces-per-a-portes-rfid-g07\/\",\"name\":\"Lector d'acc\u00e9s per a portes RFID G07 - neodal\",\"isPartOf\":{\"@id\":\"https:\/\/neodal.es\/ca\/#website\"},\"primaryImageOfPage\":{\"@id\":\"https:\/\/neodal.es\/ca\/producte\/lector-dacces-per-a-portes-rfid-g07\/#primaryimage\"},\"image\":{\"@id\":\"https:\/\/neodal.es\/ca\/producte\/lector-dacces-per-a-portes-rfid-g07\/#primaryimage\"},\"thumbnailUrl\":\"https:\/\/neodal.es\/wp-content\/uploads\/2026\/02\/G07-STANDARD-WHITE-C000-scaled.jpg\",\"datePublished\":\"2026-02-25T09:09:09+00:00\",\"breadcrumb\":{\"@id\":\"https:\/\/neodal.es\/ca\/producte\/lector-dacces-per-a-portes-rfid-g07\/#breadcrumb\"},\"inLanguage\":\"ca\",\"potentialAction\":[{\"@type\":\"ReadAction\",\"target\":[\"https:\/\/neodal.es\/ca\/producte\/lector-dacces-per-a-portes-rfid-g07\/\"]}]},{\"@type\":\"ImageObject\",\"inLanguage\":\"ca\",\"@id\":\"https:\/\/neodal.es\/ca\/producte\/lector-dacces-per-a-portes-rfid-g07\/#primaryimage\",\"url\":\"https:\/\/neodal.es\/wp-content\/uploads\/2026\/02\/G07-STANDARD-WHITE-C000-scaled.jpg\",\"contentUrl\":\"https:\/\/neodal.es\/wp-content\/uploads\/2026\/02\/G07-STANDARD-WHITE-C000-scaled.jpg\",\"width\":2096,\"height\":2560},{\"@type\":\"BreadcrumbList\",\"@id\":\"https:\/\/neodal.es\/ca\/producte\/lector-dacces-per-a-portes-rfid-g07\/#breadcrumb\",\"itemListElement\":[{\"@type\":\"ListItem\",\"position\":1,\"name\":\"Portada\",\"item\":\"https:\/\/neodal.es\/ca\/home\/\"},{\"@type\":\"ListItem\",\"position\":2,\"name\":\"Productes\",\"item\":\"https:\/\/neodal.es\/ca\/productes\/\"},{\"@type\":\"ListItem\",\"position\":3,\"name\":\"Lector d&#8217;acc\u00e9s per a portes RFID G07\"}]},{\"@type\":\"WebSite\",\"@id\":\"https:\/\/neodal.es\/ca\/#website\",\"url\":\"https:\/\/neodal.es\/ca\/\",\"name\":\"neodal\",\"description\":\"\",\"publisher\":{\"@id\":\"https:\/\/neodal.es\/ca\/#organization\"},\"potentialAction\":[{\"@type\":\"SearchAction\",\"target\":{\"@type\":\"EntryPoint\",\"urlTemplate\":\"https:\/\/neodal.es\/ca\/?s={search_term_string}\"},\"query-input\":{\"@type\":\"PropertyValueSpecification\",\"valueRequired\":true,\"valueName\":\"search_term_string\"}}],\"inLanguage\":\"ca\"},{\"@type\":\"Organization\",\"@id\":\"https:\/\/neodal.es\/ca\/#organization\",\"name\":\"neodal\",\"url\":\"https:\/\/neodal.es\/ca\/\",\"logo\":{\"@type\":\"ImageObject\",\"inLanguage\":\"ca\",\"@id\":\"https:\/\/neodal.es\/ca\/#\/schema\/logo\/image\/\",\"url\":\"https:\/\/neodal.es\/wp-content\/uploads\/2025\/12\/neodal-logo.jpeg\",\"contentUrl\":\"https:\/\/neodal.es\/wp-content\/uploads\/2025\/12\/neodal-logo.jpeg\",\"width\":359,\"height\":87,\"caption\":\"neodal\"},\"image\":{\"@id\":\"https:\/\/neodal.es\/ca\/#\/schema\/logo\/image\/\"}}]}<\/script>\n<!-- \/ Yoast SEO plugin. -->","yoast_head_json":{"title":"Lector d'acc\u00e9s per a portes RFID G07 - neodal","robots":{"index":"index","follow":"follow","max-snippet":"max-snippet:-1","max-image-preview":"max-image-preview:large","max-video-preview":"max-video-preview:-1"},"canonical":"https:\/\/neodal.es\/ca\/producte\/lector-dacces-per-a-portes-rfid-g07\/","og_locale":"ca_ES","og_type":"article","og_title":"Lector d'acc\u00e9s per a portes RFID G07 - neodal","og_description":"El lector d'acc\u00e9s de porta industrial RFID-UHF Open Gate G07 garanteix el seguiment de la roba neta i bruta que entra i surt de les instal\u00b7lacions. Optimitza la gesti\u00f3 de la bugaderia, controla el moviment dels articles i protegeix els punts d'acc\u00e9s clau per reduir p\u00e8rdues i robatoris. El seu disseny adaptable s'integra en qualsevol passad\u00eds i portal, facilitant la instal\u00b7laci\u00f3 en hospitals, ind\u00fastries, hotels i magatzems.","og_url":"https:\/\/neodal.es\/ca\/producte\/lector-dacces-per-a-portes-rfid-g07\/","og_site_name":"neodal","og_image":[{"width":2096,"height":2560,"url":"https:\/\/neodal.es\/wp-content\/uploads\/2026\/02\/G07-STANDARD-WHITE-C000-scaled.jpg","type":"image\/jpeg"}],"twitter_card":"summary_large_image","twitter_misc":{"Temps estimat de lectura":"1 minut"},"schema":{"@context":"https:\/\/schema.org","@graph":[{"@type":"WebPage","@id":"https:\/\/neodal.es\/ca\/producte\/lector-dacces-per-a-portes-rfid-g07\/","url":"https:\/\/neodal.es\/ca\/producte\/lector-dacces-per-a-portes-rfid-g07\/","name":"Lector d'acc\u00e9s per a portes RFID G07 - neodal","isPartOf":{"@id":"https:\/\/neodal.es\/ca\/#website"},"primaryImageOfPage":{"@id":"https:\/\/neodal.es\/ca\/producte\/lector-dacces-per-a-portes-rfid-g07\/#primaryimage"},"image":{"@id":"https:\/\/neodal.es\/ca\/producte\/lector-dacces-per-a-portes-rfid-g07\/#primaryimage"},"thumbnailUrl":"https:\/\/neodal.es\/wp-content\/uploads\/2026\/02\/G07-STANDARD-WHITE-C000-scaled.jpg","datePublished":"2026-02-25T09:09:09+00:00","breadcrumb":{"@id":"https:\/\/neodal.es\/ca\/producte\/lector-dacces-per-a-portes-rfid-g07\/#breadcrumb"},"inLanguage":"ca","potentialAction":[{"@type":"ReadAction","target":["https:\/\/neodal.es\/ca\/producte\/lector-dacces-per-a-portes-rfid-g07\/"]}]},{"@type":"ImageObject","inLanguage":"ca","@id":"https:\/\/neodal.es\/ca\/producte\/lector-dacces-per-a-portes-rfid-g07\/#primaryimage","url":"https:\/\/neodal.es\/wp-content\/uploads\/2026\/02\/G07-STANDARD-WHITE-C000-scaled.jpg","contentUrl":"https:\/\/neodal.es\/wp-content\/uploads\/2026\/02\/G07-STANDARD-WHITE-C000-scaled.jpg","width":2096,"height":2560},{"@type":"BreadcrumbList","@id":"https:\/\/neodal.es\/ca\/producte\/lector-dacces-per-a-portes-rfid-g07\/#breadcrumb","itemListElement":[{"@type":"ListItem","position":1,"name":"Portada","item":"https:\/\/neodal.es\/ca\/home\/"},{"@type":"ListItem","position":2,"name":"Productes","item":"https:\/\/neodal.es\/ca\/productes\/"},{"@type":"ListItem","position":3,"name":"Lector d&#8217;acc\u00e9s per a portes RFID G07"}]},{"@type":"WebSite","@id":"https:\/\/neodal.es\/ca\/#website","url":"https:\/\/neodal.es\/ca\/","name":"neodal","description":"","publisher":{"@id":"https:\/\/neodal.es\/ca\/#organization"},"potentialAction":[{"@type":"SearchAction","target":{"@type":"EntryPoint","urlTemplate":"https:\/\/neodal.es\/ca\/?s={search_term_string}"},"query-input":{"@type":"PropertyValueSpecification","valueRequired":true,"valueName":"search_term_string"}}],"inLanguage":"ca"},{"@type":"Organization","@id":"https:\/\/neodal.es\/ca\/#organization","name":"neodal","url":"https:\/\/neodal.es\/ca\/","logo":{"@type":"ImageObject","inLanguage":"ca","@id":"https:\/\/neodal.es\/ca\/#\/schema\/logo\/image\/","url":"https:\/\/neodal.es\/wp-content\/uploads\/2025\/12\/neodal-logo.jpeg","contentUrl":"https:\/\/neodal.es\/wp-content\/uploads\/2025\/12\/neodal-logo.jpeg","width":359,"height":87,"caption":"neodal"},"image":{"@id":"https:\/\/neodal.es\/ca\/#\/schema\/logo\/image\/"}}]}},"_links":{"self":[{"href":"https:\/\/neodal.es\/ca\/wp-json\/wp\/v2\/product\/8819","targetHints":{"allow":["GET"]}}],"collection":[{"href":"https:\/\/neodal.es\/ca\/wp-json\/wp\/v2\/product"}],"about":[{"href":"https:\/\/neodal.es\/ca\/wp-json\/wp\/v2\/types\/product"}],"replies":[{"embeddable":true,"href":"https:\/\/neodal.es\/ca\/wp-json\/wp\/v2\/comments?post=8819"}],"version-history":[{"count":0,"href":"https:\/\/neodal.es\/ca\/wp-json\/wp\/v2\/product\/8819\/revisions"}],"wp:featuredmedia":[{"embeddable":true,"href":"https:\/\/neodal.es\/ca\/wp-json\/wp\/v2\/media\/8117"}],"wp:attachment":[{"href":"https:\/\/neodal.es\/ca\/wp-json\/wp\/v2\/media?parent=8819"}],"wp:term":[{"taxonomy":"product_brand","embeddable":true,"href":"https:\/\/neodal.es\/ca\/wp-json\/wp\/v2\/product_brand?post=8819"},{"taxonomy":"product_cat","embeddable":true,"href":"https:\/\/neodal.es\/ca\/wp-json\/wp\/v2\/product_cat?post=8819"},{"taxonomy":"product_tag","embeddable":true,"href":"https:\/\/neodal.es\/ca\/wp-json\/wp\/v2\/product_tag?post=8819"}],"curies":[{"name":"wp","href":"https:\/\/api.w.org\/{rel}","templated":true}]}}