{"id":9239,"date":"2026-04-07T09:52:29","date_gmt":"2026-04-07T09:52:29","guid":{"rendered":"https:\/\/neodal.es\/?post_type=product&#038;p=9239"},"modified":"2026-04-07T09:52:29","modified_gmt":"2026-04-07T09:52:29","slug":"767-smart-box","status":"publish","type":"product","link":"https:\/\/neodal.es\/ca\/producte\/767-smart-box\/","title":{"rendered":"767 Smart box"},"content":{"rendered":"<ul>\n<li>Sowftware: ZCS Stargate<\/li>\n<li>Interf\u00edcie d&#8217;usuari: 2 antenes d&#8217;acc\u00e9s UHF, 1 lector UHF, 1 fotoc\u00e8l\u00b7lula (opcional)<\/li>\n<li>Opcions de tecnologia RFID: UHF ISO 18000 6c Tipus 1 Generaci\u00f3 2<\/li>\n<li>Material d&#8217;estructura: pl\u00e0stic<\/li>\n<li>Color de l&#8217;estructura exterior: blanc<\/li>\n<li> Connexi\u00f3 de la instal \u00b7 laci\u00f3:\n<ul>\n<li>1 connector de 220 V 0,5 kW<\/li>\n<li>1 Connector Ethernet 10\/100\/1000 (connexi\u00f3<br \/>\nGPRS opcional)<\/li>\n<\/ul>\n<\/li>\n<li>Pes: 15 Kg<\/li>\n<\/ul>\n","protected":false},"excerpt":{"rendered":"<div>El sistema de lectura <strong>Smart Box 767<\/strong>, equipat amb tecnologia RFID-UHF, permet controlar objectes que entren i surten de les instal \u00b7 lacions\/\u00e0rees (per exemple uniformes, roba de llit, esponges, botes sanit\u00e0ries), reduint aix\u00ed els residus i robatoris. El sistema ofereix alarmes totalment configurables, en funci\u00f3 del tipus d&#8217;article, el seu estat o la seva posici\u00f3, mitjan\u00e7ant senyals de so i\/o indicadors de llum vermell-verd. <\/div>\n","protected":false},"featured_media":9235,"comment_status":"open","ping_status":"closed","template":"","meta":{"_acf_changed":false},"product_brand":[],"product_cat":[2017],"product_tag":[],"class_list":{"0":"post-9239","1":"product","2":"type-product","3":"status-publish","4":"has-post-thumbnail","6":"product_cat-solucions-rfid-gestio-tracabilitat","8":"first","9":"instock","10":"shipping-taxable","11":"product-type-simple"},"acf":[],"yoast_head":"<!-- This site is optimized with the Yoast SEO plugin v27.0 - https:\/\/yoast.com\/product\/yoast-seo-wordpress\/ -->\n<title>Sistema d&#039;escaneig Smart Box amb tecnologia RFID | Neodal<\/title>\n<meta name=\"description\" content=\"Optimitza el control d&#039;inventari amb el sistema d&#039;escaneig Smart Box amb tecnologia RFID. Fes un seguiment dels t\u00e8xtils i dels subministraments m\u00e8dics per reduir les p\u00e8rdues.\" \/>\n<meta name=\"robots\" content=\"index, follow, max-snippet:-1, max-image-preview:large, max-video-preview:-1\" \/>\n<link rel=\"canonical\" href=\"https:\/\/neodal.es\/ca\/producte\/767-smart-box\/\" \/>\n<meta property=\"og:locale\" content=\"ca_ES\" \/>\n<meta property=\"og:type\" content=\"article\" \/>\n<meta property=\"og:title\" content=\"Sistema d&#039;escaneig Smart Box amb tecnologia RFID | Neodal\" \/>\n<meta property=\"og:description\" content=\"Optimitza el control d&#039;inventari amb el sistema d&#039;escaneig Smart Box amb tecnologia RFID. Fes un seguiment dels t\u00e8xtils i dels subministraments m\u00e8dics per reduir les p\u00e8rdues.\" \/>\n<meta property=\"og:url\" content=\"https:\/\/neodal.es\/ca\/producte\/767-smart-box\/\" \/>\n<meta property=\"og:site_name\" content=\"neodal\" \/>\n<meta property=\"og:image\" content=\"https:\/\/neodal.es\/wp-content\/uploads\/2026\/04\/767-SMART-BOX-1.webp\" \/>\n\t<meta property=\"og:image:width\" content=\"300\" \/>\n\t<meta property=\"og:image:height\" content=\"300\" \/>\n\t<meta property=\"og:image:type\" content=\"image\/webp\" \/>\n<meta name=\"twitter:card\" content=\"summary_large_image\" \/>\n<script type=\"application\/ld+json\" class=\"yoast-schema-graph\">{\"@context\":\"https:\/\/schema.org\",\"@graph\":[{\"@type\":\"WebPage\",\"@id\":\"https:\/\/neodal.es\/ca\/producte\/767-smart-box\/\",\"url\":\"https:\/\/neodal.es\/ca\/producte\/767-smart-box\/\",\"name\":\"Sistema d'escaneig Smart Box amb tecnologia RFID | Neodal\",\"isPartOf\":{\"@id\":\"https:\/\/neodal.es\/ca\/#website\"},\"primaryImageOfPage\":{\"@id\":\"https:\/\/neodal.es\/ca\/producte\/767-smart-box\/#primaryimage\"},\"image\":{\"@id\":\"https:\/\/neodal.es\/ca\/producte\/767-smart-box\/#primaryimage\"},\"thumbnailUrl\":\"https:\/\/neodal.es\/wp-content\/uploads\/2026\/04\/767-SMART-BOX-1.webp\",\"datePublished\":\"2026-04-07T09:52:29+00:00\",\"description\":\"Optimitza el control d'inventari amb el sistema d'escaneig Smart Box amb tecnologia RFID. Fes un seguiment dels t\u00e8xtils i dels subministraments m\u00e8dics per reduir les p\u00e8rdues.\",\"breadcrumb\":{\"@id\":\"https:\/\/neodal.es\/ca\/producte\/767-smart-box\/#breadcrumb\"},\"inLanguage\":\"ca\",\"potentialAction\":[{\"@type\":\"ReadAction\",\"target\":[\"https:\/\/neodal.es\/ca\/producte\/767-smart-box\/\"]}]},{\"@type\":\"ImageObject\",\"inLanguage\":\"ca\",\"@id\":\"https:\/\/neodal.es\/ca\/producte\/767-smart-box\/#primaryimage\",\"url\":\"https:\/\/neodal.es\/wp-content\/uploads\/2026\/04\/767-SMART-BOX-1.webp\",\"contentUrl\":\"https:\/\/neodal.es\/wp-content\/uploads\/2026\/04\/767-SMART-BOX-1.webp\",\"width\":300,\"height\":300,\"caption\":\"Sistema d'escaneig de caixa intel\u00b7ligent amb tecnologia RFID\"},{\"@type\":\"BreadcrumbList\",\"@id\":\"https:\/\/neodal.es\/ca\/producte\/767-smart-box\/#breadcrumb\",\"itemListElement\":[{\"@type\":\"ListItem\",\"position\":1,\"name\":\"Portada\",\"item\":\"https:\/\/neodal.es\/ca\/home\/\"},{\"@type\":\"ListItem\",\"position\":2,\"name\":\"Productes\",\"item\":\"https:\/\/neodal.es\/ca\/productes\/\"},{\"@type\":\"ListItem\",\"position\":3,\"name\":\"767 Smart box\"}]},{\"@type\":\"WebSite\",\"@id\":\"https:\/\/neodal.es\/ca\/#website\",\"url\":\"https:\/\/neodal.es\/ca\/\",\"name\":\"neodal\",\"description\":\"\",\"publisher\":{\"@id\":\"https:\/\/neodal.es\/ca\/#organization\"},\"potentialAction\":[{\"@type\":\"SearchAction\",\"target\":{\"@type\":\"EntryPoint\",\"urlTemplate\":\"https:\/\/neodal.es\/ca\/?s={search_term_string}\"},\"query-input\":{\"@type\":\"PropertyValueSpecification\",\"valueRequired\":true,\"valueName\":\"search_term_string\"}}],\"inLanguage\":\"ca\"},{\"@type\":\"Organization\",\"@id\":\"https:\/\/neodal.es\/ca\/#organization\",\"name\":\"neodal\",\"url\":\"https:\/\/neodal.es\/ca\/\",\"logo\":{\"@type\":\"ImageObject\",\"inLanguage\":\"ca\",\"@id\":\"https:\/\/neodal.es\/ca\/#\/schema\/logo\/image\/\",\"url\":\"https:\/\/neodal.es\/wp-content\/uploads\/2025\/12\/neodal-logo.jpeg\",\"contentUrl\":\"https:\/\/neodal.es\/wp-content\/uploads\/2025\/12\/neodal-logo.jpeg\",\"width\":359,\"height\":87,\"caption\":\"neodal\"},\"image\":{\"@id\":\"https:\/\/neodal.es\/ca\/#\/schema\/logo\/image\/\"}}]}<\/script>\n<!-- \/ Yoast SEO plugin. -->","yoast_head_json":{"title":"Sistema d'escaneig Smart Box amb tecnologia RFID | Neodal","description":"Optimitza el control d'inventari amb el sistema d'escaneig Smart Box amb tecnologia RFID. Fes un seguiment dels t\u00e8xtils i dels subministraments m\u00e8dics per reduir les p\u00e8rdues.","robots":{"index":"index","follow":"follow","max-snippet":"max-snippet:-1","max-image-preview":"max-image-preview:large","max-video-preview":"max-video-preview:-1"},"canonical":"https:\/\/neodal.es\/ca\/producte\/767-smart-box\/","og_locale":"ca_ES","og_type":"article","og_title":"Sistema d'escaneig Smart Box amb tecnologia RFID | Neodal","og_description":"Optimitza el control d'inventari amb el sistema d'escaneig Smart Box amb tecnologia RFID. Fes un seguiment dels t\u00e8xtils i dels subministraments m\u00e8dics per reduir les p\u00e8rdues.","og_url":"https:\/\/neodal.es\/ca\/producte\/767-smart-box\/","og_site_name":"neodal","og_image":[{"width":300,"height":300,"url":"https:\/\/neodal.es\/wp-content\/uploads\/2026\/04\/767-SMART-BOX-1.webp","type":"image\/webp"}],"twitter_card":"summary_large_image","schema":{"@context":"https:\/\/schema.org","@graph":[{"@type":"WebPage","@id":"https:\/\/neodal.es\/ca\/producte\/767-smart-box\/","url":"https:\/\/neodal.es\/ca\/producte\/767-smart-box\/","name":"Sistema d'escaneig Smart Box amb tecnologia RFID | Neodal","isPartOf":{"@id":"https:\/\/neodal.es\/ca\/#website"},"primaryImageOfPage":{"@id":"https:\/\/neodal.es\/ca\/producte\/767-smart-box\/#primaryimage"},"image":{"@id":"https:\/\/neodal.es\/ca\/producte\/767-smart-box\/#primaryimage"},"thumbnailUrl":"https:\/\/neodal.es\/wp-content\/uploads\/2026\/04\/767-SMART-BOX-1.webp","datePublished":"2026-04-07T09:52:29+00:00","description":"Optimitza el control d'inventari amb el sistema d'escaneig Smart Box amb tecnologia RFID. Fes un seguiment dels t\u00e8xtils i dels subministraments m\u00e8dics per reduir les p\u00e8rdues.","breadcrumb":{"@id":"https:\/\/neodal.es\/ca\/producte\/767-smart-box\/#breadcrumb"},"inLanguage":"ca","potentialAction":[{"@type":"ReadAction","target":["https:\/\/neodal.es\/ca\/producte\/767-smart-box\/"]}]},{"@type":"ImageObject","inLanguage":"ca","@id":"https:\/\/neodal.es\/ca\/producte\/767-smart-box\/#primaryimage","url":"https:\/\/neodal.es\/wp-content\/uploads\/2026\/04\/767-SMART-BOX-1.webp","contentUrl":"https:\/\/neodal.es\/wp-content\/uploads\/2026\/04\/767-SMART-BOX-1.webp","width":300,"height":300,"caption":"Sistema d'escaneig de caixa intel\u00b7ligent amb tecnologia RFID"},{"@type":"BreadcrumbList","@id":"https:\/\/neodal.es\/ca\/producte\/767-smart-box\/#breadcrumb","itemListElement":[{"@type":"ListItem","position":1,"name":"Portada","item":"https:\/\/neodal.es\/ca\/home\/"},{"@type":"ListItem","position":2,"name":"Productes","item":"https:\/\/neodal.es\/ca\/productes\/"},{"@type":"ListItem","position":3,"name":"767 Smart box"}]},{"@type":"WebSite","@id":"https:\/\/neodal.es\/ca\/#website","url":"https:\/\/neodal.es\/ca\/","name":"neodal","description":"","publisher":{"@id":"https:\/\/neodal.es\/ca\/#organization"},"potentialAction":[{"@type":"SearchAction","target":{"@type":"EntryPoint","urlTemplate":"https:\/\/neodal.es\/ca\/?s={search_term_string}"},"query-input":{"@type":"PropertyValueSpecification","valueRequired":true,"valueName":"search_term_string"}}],"inLanguage":"ca"},{"@type":"Organization","@id":"https:\/\/neodal.es\/ca\/#organization","name":"neodal","url":"https:\/\/neodal.es\/ca\/","logo":{"@type":"ImageObject","inLanguage":"ca","@id":"https:\/\/neodal.es\/ca\/#\/schema\/logo\/image\/","url":"https:\/\/neodal.es\/wp-content\/uploads\/2025\/12\/neodal-logo.jpeg","contentUrl":"https:\/\/neodal.es\/wp-content\/uploads\/2025\/12\/neodal-logo.jpeg","width":359,"height":87,"caption":"neodal"},"image":{"@id":"https:\/\/neodal.es\/ca\/#\/schema\/logo\/image\/"}}]}},"_links":{"self":[{"href":"https:\/\/neodal.es\/ca\/wp-json\/wp\/v2\/product\/9239","targetHints":{"allow":["GET"]}}],"collection":[{"href":"https:\/\/neodal.es\/ca\/wp-json\/wp\/v2\/product"}],"about":[{"href":"https:\/\/neodal.es\/ca\/wp-json\/wp\/v2\/types\/product"}],"replies":[{"embeddable":true,"href":"https:\/\/neodal.es\/ca\/wp-json\/wp\/v2\/comments?post=9239"}],"version-history":[{"count":1,"href":"https:\/\/neodal.es\/ca\/wp-json\/wp\/v2\/product\/9239\/revisions"}],"predecessor-version":[{"id":9240,"href":"https:\/\/neodal.es\/ca\/wp-json\/wp\/v2\/product\/9239\/revisions\/9240"}],"wp:featuredmedia":[{"embeddable":true,"href":"https:\/\/neodal.es\/ca\/wp-json\/wp\/v2\/media\/9235"}],"wp:attachment":[{"href":"https:\/\/neodal.es\/ca\/wp-json\/wp\/v2\/media?parent=9239"}],"wp:term":[{"taxonomy":"product_brand","embeddable":true,"href":"https:\/\/neodal.es\/ca\/wp-json\/wp\/v2\/product_brand?post=9239"},{"taxonomy":"product_cat","embeddable":true,"href":"https:\/\/neodal.es\/ca\/wp-json\/wp\/v2\/product_cat?post=9239"},{"taxonomy":"product_tag","embeddable":true,"href":"https:\/\/neodal.es\/ca\/wp-json\/wp\/v2\/product_tag?post=9239"}],"curies":[{"name":"wp","href":"https:\/\/api.w.org\/{rel}","templated":true}]}}